{"id":38,"date":"2025-03-21T09:04:02","date_gmt":"2025-03-21T08:04:02","guid":{"rendered":"https:\/\/tickb.zeus.umh.es\/?page_id=38"},"modified":"2025-03-26T17:56:04","modified_gmt":"2025-03-26T16:56:04","slug":"correo-y-colaboracion","status":"publish","type":"page","link":"https:\/\/tickb.umh.es\/ca\/correo-y-colaboracion\/","title":{"rendered":"Correu i col\u00b7laboraci\u00f3"},"content":{"rendered":"<p>El Servei d&#8217;Innovaci\u00f3 i Planificaci\u00f3 Tecnol\u00f2gica (SIPT) gestiona les eines que faciliten la comunicaci\u00f3 i col\u00b7laboraci\u00f3 electr\u00f2niques en la comunitat universit\u00e0ria, tals com:<\/p>\n<ul>\n<li>Correu electr\u00f2nic<\/li>\n<li>Llistes de distribuci\u00f3<\/li>\n<li>Espais d&#8217;emmagatzematge compartits<\/li>\n<li>Etc.<\/li>\n<\/ul>\n<p><\/p>","protected":false},"excerpt":{"rendered":"<p>El Servei d&#8217;Innovaci\u00f3 i Planificaci\u00f3 Tecnol\u00f2gica (SIPT) gestiona les eines que faciliten la comunicaci\u00f3 i col\u00b7laboraci\u00f3 electr\u00f2niques en la comunitat universit\u00e0ria, tals com:<\/p>\n<p>Correu electr\u00f2nic<br \/>\nLlistes de distribuci\u00f3<br \/>\nEspais d&#8217;emmagatzematge compartits<br \/>\nEtc.<\/p>\n","protected":false},"author":88,"featured_media":0,"parent":0,"menu_order":20,"comment_status":"closed","ping_status":"closed","template":"","meta":{"_links_to":"","_links_to_target":""},"_links":{"self":[{"href":"https:\/\/tickb.umh.es\/ca\/wp-json\/wp\/v2\/pages\/38"}],"collection":[{"href":"https:\/\/tickb.umh.es\/ca\/wp-json\/wp\/v2\/pages"}],"about":[{"href":"https:\/\/tickb.umh.es\/ca\/wp-json\/wp\/v2\/types\/page"}],"author":[{"embeddable":true,"href":"https:\/\/tickb.umh.es\/ca\/wp-json\/wp\/v2\/users\/88"}],"replies":[{"embeddable":true,"href":"https:\/\/tickb.umh.es\/ca\/wp-json\/wp\/v2\/comments?post=38"}],"version-history":[{"count":0,"href":"https:\/\/tickb.umh.es\/ca\/wp-json\/wp\/v2\/pages\/38\/revisions"}],"wp:attachment":[{"href":"https:\/\/tickb.umh.es\/ca\/wp-json\/wp\/v2\/media?parent=38"}],"curies":[{"name":"wp","href":"https:\/\/api.w.org\/{rel}","templated":true}]}}