{"id":398,"date":"2025-03-28T09:29:16","date_gmt":"2025-03-28T08:29:16","guid":{"rendered":"https:\/\/tickb.umh.es\/?page_id=398"},"modified":"2025-03-28T10:42:20","modified_gmt":"2025-03-28T09:42:20","slug":"como-instalar-una-impresora-del-servicio-de-impresion-centralizada-en-un-sistema-windows","status":"publish","type":"page","link":"https:\/\/tickb.umh.es\/ca\/soporte-a-equipamiento-informatico\/impresion-corporativa\/como-instalar-una-impresora-del-servicio-de-impresion-centralizada-en-un-sistema-windows\/","title":{"rendered":"Com instal\u00b7lar una impressora del servei d&#8217;impressi\u00f3 centralitzada en un sistema Windows"},"content":{"rendered":"<p>Si desitges instal\u00b7lar una impressora del servei d&#8217;impressi\u00f3 centralitzada de la Universitat Miguel Hern\u00e1ndez, en un equip amb Windows 10 o 11, segueix els seg\u00fcents passos.<\/p>\n<ol>\n<li>Localitza en la barra de tasques del teu sistema la icona de &#8220;<strong>Lupa<\/strong>&#8220;. S&#8217;adjunta una captura d&#8217;aquesta aplicaci\u00f3 en Windows 10 i 11:<img loading=\"lazy\" class=\"size-full wp-image-215 aligncenter\" src=\"https:\/\/tickb.umh.es\/files\/2025\/03\/BarraBusqueda.jpeg\" alt=\"\" width=\"243\" height=\"46\" \/><\/li>\n<li>En el camp de cerca escriu &#8220;<strong>\\\\eprinterw01.umhnet.es<\/strong>&#8221; i prem la tecla &#8220;Enter&#8221; per a <strong>obrir<\/strong> la llista d&#8217;impressores disponibles.<img loading=\"lazy\" class=\"size-medium wp-image-401 aligncenter\" src=\"https:\/\/tickb.umh.es\/files\/2025\/03\/ImpWin1-300x199.png\" alt=\"\" width=\"300\" height=\"199\" srcset=\"https:\/\/tickb.umh.es\/files\/2025\/03\/ImpWin1-300x199.png 300w, https:\/\/tickb.umh.es\/files\/2025\/03\/ImpWin1.png 666w\" sizes=\"(max-width: 300px) 100vw, 300px\" \/><\/li>\n<li>Ara simplement farem doble clic sobre la impressora desitjada perqu\u00e8 es llance el proc\u00e9s d&#8217;instal\u00b7laci\u00f3 de la mateixa.<\/li>\n<\/ol>\n<p>Per a poder afegir la impressora que tenim en la nostra estada, \u00e9s necessari con\u00e9ixer el codi que t\u00e9 assignat la mateixa. Podem veure-ho en una etiqueta que est\u00e0 pegada en la m\u00e0quina en la part frontal davall de la seua pantalla.<\/p>\n<table style=\"background-color: #fff8f7; border: 2px solid #d04437; margin: 0px auto; height: 91px;\" width=\"628\">\n<tbody>\n<tr>\n<td style=\"text-align: justify;\" width=\"566\"><strong>Advert\u00e8ncia:<\/strong><\/p>\n<p>Si l&#8217;equip que estem utilitzant no t\u00e9 el programari de Papercut, ser\u00e0 necessari instal\u00b7lar el controlador de la impressora i el programari de gesti\u00f3 de la mateixa. Podeu veure els passos necessaris en l&#8217;article:<\/p>\n<p><a href=\"https:\/\/tickb.umh.es\/soporte-a-equipamiento-informatico\/impresion-corporativa\/como-instalar-los-drivers-y-el-cliente-de-papercut-para-su-utilizacion-en-una-impresora-centralizada\/\">Com instal\u00b7lar els drivers i el client de PaperCut per al seu \u00fas en una impressora centralitzada<\/a><\/td>\n<\/tr>\n<\/tbody>\n<\/table>\n<p><\/p>","protected":false},"excerpt":{"rendered":"<p>Si desitges instal\u00b7lar una impressora del servei d&#8217;impressi\u00f3 centralitzada de la Universitat Miguel Hern\u00e1ndez, en un equip amb Windows 10 o 11, segueix els seg\u00fcents passos.<\/p>\n<p>Localitza en la barra de tasques del teu sistema la icona de &#8220;Lupa&#8220;. S&#8217;adjunta una captura d&#8217;aquesta aplicaci\u00f3 en Windows 10 i 11:<br \/>\nEn el camp de cerca escriu &#8220;\\\\eprinterw01.umhnet.es&#8221; i [&#8230;]<\/p>\n","protected":false},"author":88,"featured_media":0,"parent":74,"menu_order":17,"comment_status":"closed","ping_status":"closed","template":"","meta":{"_links_to":"","_links_to_target":""},"_links":{"self":[{"href":"https:\/\/tickb.umh.es\/ca\/wp-json\/wp\/v2\/pages\/398"}],"collection":[{"href":"https:\/\/tickb.umh.es\/ca\/wp-json\/wp\/v2\/pages"}],"about":[{"href":"https:\/\/tickb.umh.es\/ca\/wp-json\/wp\/v2\/types\/page"}],"author":[{"embeddable":true,"href":"https:\/\/tickb.umh.es\/ca\/wp-json\/wp\/v2\/users\/88"}],"replies":[{"embeddable":true,"href":"https:\/\/tickb.umh.es\/ca\/wp-json\/wp\/v2\/comments?post=398"}],"version-history":[{"count":0,"href":"https:\/\/tickb.umh.es\/ca\/wp-json\/wp\/v2\/pages\/398\/revisions"}],"up":[{"embeddable":true,"href":"https:\/\/tickb.umh.es\/ca\/wp-json\/wp\/v2\/pages\/74"}],"wp:attachment":[{"href":"https:\/\/tickb.umh.es\/ca\/wp-json\/wp\/v2\/media?parent=398"}],"curies":[{"name":"wp","href":"https:\/\/api.w.org\/{rel}","templated":true}]}}