{"id":407,"date":"2025-03-28T10:50:11","date_gmt":"2025-03-28T09:50:11","guid":{"rendered":"https:\/\/tickb.umh.es\/?page_id=407"},"modified":"2025-03-28T10:55:41","modified_gmt":"2025-03-28T09:55:41","slug":"como-liberar-los-trabajos-de-impresion-retenidos-en-las-impresoras-del-servicio-de-impresion-centralizada","status":"publish","type":"page","link":"https:\/\/tickb.umh.es\/ca\/soporte-a-equipamiento-informatico\/impresion-corporativa\/como-liberar-los-trabajos-de-impresion-retenidos-en-las-impresoras-del-servicio-de-impresion-centralizada\/","title":{"rendered":"Com alliberar els treballs d&#8217;impressi\u00f3 retinguts en les impressores del servei d&#8217;impressi\u00f3 centralitzada"},"content":{"rendered":"<p>La intenci\u00f3 d&#8217;aquesta entrada \u00e9s donar una idea r\u00e0pida dels usos dels nous equips Konica Minolta instal\u00b7lats en la Universitat Miguel Hern\u00e1ndez.<\/p>\n<p>En concret, ens centrarem ara en com alliberar els treballs d&#8217;impressi\u00f3 que hem enviat a una impressora del servei d&#8217;impressi\u00f3 centralitzada.<\/p>\n<p>Una vegada iniciada la sessi\u00f3, si tenim treballs d&#8217;impressi\u00f3 retinguts, apareixeran les tasques.<img loading=\"lazy\" class=\"size-medium wp-image-410 aligncenter\" src=\"https:\/\/tickb.umh.es\/files\/2025\/03\/ImpPanel1-300x179.png\" alt=\"\" width=\"300\" height=\"179\" srcset=\"https:\/\/tickb.umh.es\/files\/2025\/03\/ImpPanel1-300x179.png 300w, https:\/\/tickb.umh.es\/files\/2025\/03\/ImpPanel1.png 508w\" sizes=\"(max-width: 300px) 100vw, 300px\" \/><\/p>\n<p>Seleccionem el treball\/treballs i polsem en la tecla &#8220;Imprimir&#8221;:<img loading=\"lazy\" class=\"size-medium wp-image-413 aligncenter\" src=\"https:\/\/tickb.umh.es\/files\/2025\/03\/ImpPanel2-300x172.png\" alt=\"\" width=\"300\" height=\"172\" srcset=\"https:\/\/tickb.umh.es\/files\/2025\/03\/ImpPanel2-300x172.png 300w, https:\/\/tickb.umh.es\/files\/2025\/03\/ImpPanel2.png 515w\" sizes=\"(max-width: 300px) 100vw, 300px\" \/><\/p>\n<p>O en cas de no voler imprimir-lo, podem esborrar-lo, primer seleccionem el treball\/treballs que no vulguem i polsem en la icona amb forma de &#8220;Cubo de basura&#8221;.<\/p>\n<p>Una vegada finalitzat, podem polsar en la icona amb forma d&#8217;impresora en la cantonada superior esquerra:<img loading=\"lazy\" class=\"size-medium wp-image-416 aligncenter\" src=\"https:\/\/tickb.umh.es\/files\/2025\/03\/ImpPanel3-300x180.png\" alt=\"\" width=\"300\" height=\"180\" srcset=\"https:\/\/tickb.umh.es\/files\/2025\/03\/ImpPanel3-300x180.png 300w, https:\/\/tickb.umh.es\/files\/2025\/03\/ImpPanel3.png 400w\" sizes=\"(max-width: 300px) 100vw, 300px\" \/><\/p>\n<p>El que ens portar\u00e0 a la pantalla del men\u00fa principal de la m\u00e0quina:<img loading=\"lazy\" class=\"size-medium wp-image-248 aligncenter\" src=\"https:\/\/tickb.umh.es\/files\/2025\/03\/ImpresionC7-300x167.jpeg\" alt=\"\" width=\"300\" height=\"167\" srcset=\"https:\/\/tickb.umh.es\/files\/2025\/03\/ImpresionC7-300x167.jpeg 300w, https:\/\/tickb.umh.es\/files\/2025\/03\/ImpresionC7.jpeg 486w\" sizes=\"(max-width: 300px) 100vw, 300px\" \/><\/p>","protected":false},"excerpt":{"rendered":"<p>La intenci\u00f3 d&#8217;aquesta entrada \u00e9s donar una idea r\u00e0pida dels usos dels nous equips Konica Minolta instal\u00b7lats en la Universitat Miguel Hern\u00e1ndez.<br \/>\nEn concret, ens centrarem ara en com alliberar els treballs d&#8217;impressi\u00f3 que hem enviat a una impressora del servei d&#8217;impressi\u00f3 centralitzada.<br \/>\nUna vegada iniciada la sessi\u00f3, si tenim treballs d&#8217;impressi\u00f3 retinguts, apareixeran les tasques.<br \/>\nSeleccionem el [&#8230;]<\/p>\n","protected":false},"author":88,"featured_media":0,"parent":74,"menu_order":18,"comment_status":"closed","ping_status":"closed","template":"","meta":{"_links_to":"","_links_to_target":""},"_links":{"self":[{"href":"https:\/\/tickb.umh.es\/ca\/wp-json\/wp\/v2\/pages\/407"}],"collection":[{"href":"https:\/\/tickb.umh.es\/ca\/wp-json\/wp\/v2\/pages"}],"about":[{"href":"https:\/\/tickb.umh.es\/ca\/wp-json\/wp\/v2\/types\/page"}],"author":[{"embeddable":true,"href":"https:\/\/tickb.umh.es\/ca\/wp-json\/wp\/v2\/users\/88"}],"replies":[{"embeddable":true,"href":"https:\/\/tickb.umh.es\/ca\/wp-json\/wp\/v2\/comments?post=407"}],"version-history":[{"count":0,"href":"https:\/\/tickb.umh.es\/ca\/wp-json\/wp\/v2\/pages\/407\/revisions"}],"up":[{"embeddable":true,"href":"https:\/\/tickb.umh.es\/ca\/wp-json\/wp\/v2\/pages\/74"}],"wp:attachment":[{"href":"https:\/\/tickb.umh.es\/ca\/wp-json\/wp\/v2\/media?parent=407"}],"curies":[{"name":"wp","href":"https:\/\/api.w.org\/{rel}","templated":true}]}}