{"id":41,"date":"2025-03-21T09:05:47","date_gmt":"2025-03-21T08:05:47","guid":{"rendered":"https:\/\/tickb.zeus.umh.es\/?page_id=41"},"modified":"2025-03-26T18:00:54","modified_gmt":"2025-03-26T17:00:54","slug":"gestion-de-identidades","status":"publish","type":"page","link":"https:\/\/tickb.umh.es\/ca\/gestion-de-identidades\/","title":{"rendered":"Gesti\u00f3 d&#8217;identitats"},"content":{"rendered":"<p>El Servei d&#8217;Innovaci\u00f3 i Planificaci\u00f3 Tecnol\u00f2gica gestiona els serveis que garanteixen la identitat de l&#8217;usuari en l&#8217;\u00fas de les infraestructures i serveis TIC de la Universitat, incloent usuaris de domini UMHNET, credencials d&#8217;acc\u00e9s a serveis TIC i el servei de directori.<\/p>","protected":false},"excerpt":{"rendered":"<p>El Servei d&#8217;Innovaci\u00f3 i Planificaci\u00f3 Tecnol\u00f2gica gestiona els serveis que garanteixen la identitat de l&#8217;usuari en l&#8217;\u00fas de les infraestructures i serveis TIC de la Universitat, incloent usuaris de domini UMHNET, credencials d&#8217;acc\u00e9s a serveis TIC i el servei de directori.<\/p>\n","protected":false},"author":88,"featured_media":0,"parent":0,"menu_order":30,"comment_status":"closed","ping_status":"closed","template":"","meta":{"_links_to":"","_links_to_target":""},"_links":{"self":[{"href":"https:\/\/tickb.umh.es\/ca\/wp-json\/wp\/v2\/pages\/41"}],"collection":[{"href":"https:\/\/tickb.umh.es\/ca\/wp-json\/wp\/v2\/pages"}],"about":[{"href":"https:\/\/tickb.umh.es\/ca\/wp-json\/wp\/v2\/types\/page"}],"author":[{"embeddable":true,"href":"https:\/\/tickb.umh.es\/ca\/wp-json\/wp\/v2\/users\/88"}],"replies":[{"embeddable":true,"href":"https:\/\/tickb.umh.es\/ca\/wp-json\/wp\/v2\/comments?post=41"}],"version-history":[{"count":0,"href":"https:\/\/tickb.umh.es\/ca\/wp-json\/wp\/v2\/pages\/41\/revisions"}],"wp:attachment":[{"href":"https:\/\/tickb.umh.es\/ca\/wp-json\/wp\/v2\/media?parent=41"}],"curies":[{"name":"wp","href":"https:\/\/api.w.org\/{rel}","templated":true}]}}