{"id":44,"date":"2025-03-21T09:07:21","date_gmt":"2025-03-21T08:07:21","guid":{"rendered":"https:\/\/tickb.zeus.umh.es\/?page_id=44"},"modified":"2025-03-26T18:02:10","modified_gmt":"2025-03-26T17:02:10","slug":"publicacion-web","status":"publish","type":"page","link":"https:\/\/tickb.umh.es\/ca\/publicacion-web\/","title":{"rendered":"Publicaci\u00f3 web"},"content":{"rendered":"<p>El Servei d&#8217;Innovaci\u00f3 i Planificaci\u00f3 Tecnol\u00f2gica ofereix un servei d&#8217;espais i portals web a les diferents estructures organitzatives per a publicar continguts acad\u00e8mics, docents, d&#8217;investigaci\u00f3, etc., encarregant-se tamb\u00e9 de gestionar i mantenir la web institucional de la UMH.<\/p>","protected":false},"excerpt":{"rendered":"<p>El Servei d&#8217;Innovaci\u00f3 i Planificaci\u00f3 Tecnol\u00f2gica ofereix un servei d&#8217;espais i portals web a les diferents estructures organitzatives per a publicar continguts acad\u00e8mics, docents, d&#8217;investigaci\u00f3, etc., encarregant-se tamb\u00e9 de gestionar i mantenir la web institucional de la UMH.<\/p>\n","protected":false},"author":88,"featured_media":0,"parent":0,"menu_order":40,"comment_status":"closed","ping_status":"closed","template":"","meta":{"_links_to":"","_links_to_target":""},"_links":{"self":[{"href":"https:\/\/tickb.umh.es\/ca\/wp-json\/wp\/v2\/pages\/44"}],"collection":[{"href":"https:\/\/tickb.umh.es\/ca\/wp-json\/wp\/v2\/pages"}],"about":[{"href":"https:\/\/tickb.umh.es\/ca\/wp-json\/wp\/v2\/types\/page"}],"author":[{"embeddable":true,"href":"https:\/\/tickb.umh.es\/ca\/wp-json\/wp\/v2\/users\/88"}],"replies":[{"embeddable":true,"href":"https:\/\/tickb.umh.es\/ca\/wp-json\/wp\/v2\/comments?post=44"}],"version-history":[{"count":0,"href":"https:\/\/tickb.umh.es\/ca\/wp-json\/wp\/v2\/pages\/44\/revisions"}],"wp:attachment":[{"href":"https:\/\/tickb.umh.es\/ca\/wp-json\/wp\/v2\/media?parent=44"}],"curies":[{"name":"wp","href":"https:\/\/api.w.org\/{rel}","templated":true}]}}