{"id":455,"date":"2025-03-28T11:21:07","date_gmt":"2025-03-28T10:21:07","guid":{"rendered":"https:\/\/tickb.umh.es\/?page_id=455"},"modified":"2025-03-28T11:31:21","modified_gmt":"2025-03-28T10:31:21","slug":"como-utilizar-la-funcion-de-escaner-avanzado-en-las-impresoras-del-servicio-de-impresion-centralizada","status":"publish","type":"page","link":"https:\/\/tickb.umh.es\/ca\/soporte-a-equipamiento-informatico\/impresion-corporativa\/como-utilizar-la-funcion-de-escaner-avanzado-en-las-impresoras-del-servicio-de-impresion-centralizada\/","title":{"rendered":"Com utilitzar la funci\u00f3 d&#8217;esc\u00e0ner avan\u00e7at en les impressores del servei d&#8217;impressi\u00f3 centralitzada"},"content":{"rendered":"<p>La intenci\u00f3 d&#8217;aquesta entrada \u00e9s donar una idea r\u00e0pida dels usos dels nous equips Konica Minolta instal\u00b7lats en la Universitat Miguel Hern\u00e1ndez.<\/p>\n<p>En concret, ens centrarem ara en com utilitzar la funci\u00f3 <strong>esc\u00e0ner avan\u00e7at<\/strong> que apareix en el men\u00fa inicial d&#8217;una impressora del servei d&#8217;impressi\u00f3 centralitzada.<img loading=\"lazy\" class=\"size-medium wp-image-458 aligncenter\" src=\"https:\/\/tickb.umh.es\/files\/2025\/03\/ImpEsc1-300x154.png\" alt=\"\" width=\"300\" height=\"154\" srcset=\"https:\/\/tickb.umh.es\/files\/2025\/03\/ImpEsc1-300x154.png 300w, https:\/\/tickb.umh.es\/files\/2025\/03\/ImpEsc1.png 414w\" sizes=\"(max-width: 300px) 100vw, 300px\" \/><\/p>\n<p>En pr\u00e9mer aquesta tecla, apareixeran les seg\u00fcents funcions disponibles:<img loading=\"lazy\" class=\"size-medium wp-image-461 aligncenter\" src=\"https:\/\/tickb.umh.es\/files\/2025\/03\/ImpEsc2-300x187.png\" alt=\"\" width=\"300\" height=\"187\" srcset=\"https:\/\/tickb.umh.es\/files\/2025\/03\/ImpEsc2-300x187.png 300w, https:\/\/tickb.umh.es\/files\/2025\/03\/ImpEsc2.png 408w\" sizes=\"(max-width: 300px) 100vw, 300px\" \/><\/p>\n<p>Podem veure els diferents modes d&#8217;Esc\u00e0ner:<\/p>\n<ul>\n<li><strong>Escaneig a correu electr\u00f2nic:<\/strong> aquesta funci\u00f3 ens permet enviar els correus electr\u00f2nics a la nostra adre\u00e7a personal de correu electr\u00f2nic, tenint en compte les limitacions de grand\u00e0ria d&#8217;arxius imposades per l&#8217;organitzaci\u00f3. En el cas dels correus @umh.es \u00e9s de 25Mb.<\/li>\n<li><strong>Correu electr\u00f2nic (OCR)<\/strong>: a m\u00e9s del que s&#8217;ha explicat en el par\u00e0graf anterior, ens genera un arxiu PDF que permet la cerca de paraules en el text.<\/li>\n<li><strong>Google Drive:<\/strong> permet allotjar un escaneig en el compte de Google Drive. La primera vegada que fem un escaneig, rebrem una autoritzaci\u00f3 per part de Papercut per a poder escriure en la nostra carpeta d&#8217;esc\u00e0ner que genera Papercut. Si aquest proc\u00e9s no es fa, no rebrem els escanejos en la carpeta de Google Drive.<\/li>\n<li><strong>Google Drive (OCR):<\/strong> el mateix que l&#8217;apartat anterior, per\u00f2 amb la generaci\u00f3 d&#8217;un PDF que es pot buscar.<\/li>\n<\/ul>\n<p>Si premem en qualsevol de les opcions apareixer\u00e0 la seg\u00fcent pantalla:<img loading=\"lazy\" class=\"size-medium wp-image-464 aligncenter\" src=\"https:\/\/tickb.umh.es\/files\/2025\/03\/ImpEsc3-300x189.png\" alt=\"\" width=\"300\" height=\"189\" srcset=\"https:\/\/tickb.umh.es\/files\/2025\/03\/ImpEsc3-300x189.png 300w, https:\/\/tickb.umh.es\/files\/2025\/03\/ImpEsc3.png 421w\" sizes=\"(max-width: 300px) 100vw, 300px\" \/><\/p>\n<p>Aquesta \u00e9s la pantalla de configuraci\u00f3 de l&#8217;escaneig des de l&#8217;aplicaci\u00f3 de Papercut, en ella podem distingir diversos elements:<\/p>\n<ul>\n<li><strong>Nom d&#8217;Arxiu:<\/strong> \u00e9s el que tindr\u00e0 una vegada escanejat el document, que est\u00e0 compost pel nom d&#8217;usuari + data d&#8217;escaneig + hora d&#8217;escaneig.<\/li>\n<li>En el bot\u00f3 d'&#8221;<strong>Opcions<\/strong>&#8220;, podrem canviar les opcions d&#8217;escaneig quant a resoluci\u00f3, una cara\/doble cara, color\/escala de grisos, grand\u00e0ria de paper, etc.<\/li>\n<li>En les caselles que hi ha marcades en la part inferior &#8220;P\u00e0gines addicionals&#8221; o &#8220;Sol\u00b7licitar m\u00e9s p\u00e0gines&#8221; \u00e9s el que es coneix com a escaneig separat. Si posem un document en pantalla de m\u00e0quina i volem escanejar tres fulles perqu\u00e8 vagen com un sol arxiu PDF, tindrem marcades les caselles per a poder afegir m\u00e9s p\u00e0gines en aquest arxiu PDF.<img loading=\"lazy\" class=\"size-medium wp-image-467 aligncenter\" src=\"https:\/\/tickb.umh.es\/files\/2025\/03\/ImpEsc4-300x188.png\" alt=\"\" width=\"300\" height=\"188\" srcset=\"https:\/\/tickb.umh.es\/files\/2025\/03\/ImpEsc4-300x188.png 300w, https:\/\/tickb.umh.es\/files\/2025\/03\/ImpEsc4.png 502w\" sizes=\"(max-width: 300px) 100vw, 300px\" \/><\/li>\n<\/ul>\n<p>Aquesta \u00e9s la pantalla de configuraci\u00f3 d&#8217;Escaneig. Entrarem en ella si volem canviar les condicions de l&#8217;escaneig, tindrem totes les opcions que veiem en pantalla.<\/p>\n<p>Una vegada fets els ajustos necessaris, nom\u00e9s queda pr\u00e9mer el bot\u00f3 blau &#8220;Iniciar&#8221; i l&#8217;escaneig ser\u00e0 enviat al m\u00e8tode elegit.<\/p>","protected":false},"excerpt":{"rendered":"<p>La intenci\u00f3 d&#8217;aquesta entrada \u00e9s donar una idea r\u00e0pida dels usos dels nous equips Konica Minolta instal\u00b7lats en la Universitat Miguel Hern\u00e1ndez.<br \/>\nEn concret, ens centrarem ara en com utilitzar la funci\u00f3 esc\u00e0ner avan\u00e7at que apareix en el men\u00fa inicial d&#8217;una impressora del servei d&#8217;impressi\u00f3 centralitzada.<br \/>\nEn pr\u00e9mer aquesta tecla, apareixeran les seg\u00fcents funcions disponibles:<br \/>\nPodem veure els [&#8230;]<\/p>\n","protected":false},"author":88,"featured_media":0,"parent":74,"menu_order":20,"comment_status":"closed","ping_status":"closed","template":"","meta":{"_links_to":"","_links_to_target":""},"_links":{"self":[{"href":"https:\/\/tickb.umh.es\/ca\/wp-json\/wp\/v2\/pages\/455"}],"collection":[{"href":"https:\/\/tickb.umh.es\/ca\/wp-json\/wp\/v2\/pages"}],"about":[{"href":"https:\/\/tickb.umh.es\/ca\/wp-json\/wp\/v2\/types\/page"}],"author":[{"embeddable":true,"href":"https:\/\/tickb.umh.es\/ca\/wp-json\/wp\/v2\/users\/88"}],"replies":[{"embeddable":true,"href":"https:\/\/tickb.umh.es\/ca\/wp-json\/wp\/v2\/comments?post=455"}],"version-history":[{"count":0,"href":"https:\/\/tickb.umh.es\/ca\/wp-json\/wp\/v2\/pages\/455\/revisions"}],"up":[{"embeddable":true,"href":"https:\/\/tickb.umh.es\/ca\/wp-json\/wp\/v2\/pages\/74"}],"wp:attachment":[{"href":"https:\/\/tickb.umh.es\/ca\/wp-json\/wp\/v2\/media?parent=455"}],"curies":[{"name":"wp","href":"https:\/\/api.w.org\/{rel}","templated":true}]}}