{"id":47,"date":"2025-03-21T09:08:12","date_gmt":"2025-03-21T08:08:12","guid":{"rendered":"https:\/\/tickb.zeus.umh.es\/?page_id=47"},"modified":"2025-03-26T18:04:20","modified_gmt":"2025-03-26T17:04:20","slug":"soporte-a-equipamiento-informatico","status":"publish","type":"page","link":"https:\/\/tickb.umh.es\/ca\/soporte-a-equipamiento-informatico\/","title":{"rendered":"Suport a equipament inform\u00e0tic"},"content":{"rendered":"<p>El Servei d&#8217;Infraestructura Inform\u00e0tica gestiona l&#8217;equipament inform\u00e0tic de la Universitat, oferint els seg\u00fcents serveis:<\/p>\n<ul>\n<li>Dotaci\u00f3 (per a PTGAS i Aules)<\/li>\n<li>Pr\u00e9stec<\/li>\n<li>Baixa d&#8217;inventari<\/li>\n<li>Reparacions<\/li>\n<li>Instal\u00b7lacions del \u201csoftware base institucional\u201d (Sistema Operatiu, Microsoft Office, Acrobat Professional i Antivirus TrendMicro)<\/li>\n<li>Impressi\u00f3 corporativa<\/li>\n<\/ul>\n<p><\/p>","protected":false},"excerpt":{"rendered":"<p>El Servei d&#8217;Infraestructura Inform\u00e0tica gestiona l&#8217;equipament inform\u00e0tic de la Universitat, oferint els seg\u00fcents serveis:<\/p>\n<p>Dotaci\u00f3 (per a PTGAS i Aules)<br \/>\nPr\u00e9stec<br \/>\nBaixa d&#8217;inventari<br \/>\nReparacions<br \/>\nInstal\u00b7lacions del \u201csoftware base institucional\u201d (Sistema Operatiu, Microsoft Office, Acrobat Professional i Antivirus TrendMicro)<br \/>\nImpressi\u00f3 corporativa<\/p>\n","protected":false},"author":88,"featured_media":0,"parent":0,"menu_order":50,"comment_status":"closed","ping_status":"closed","template":"","meta":{"_links_to":"","_links_to_target":""},"_links":{"self":[{"href":"https:\/\/tickb.umh.es\/ca\/wp-json\/wp\/v2\/pages\/47"}],"collection":[{"href":"https:\/\/tickb.umh.es\/ca\/wp-json\/wp\/v2\/pages"}],"about":[{"href":"https:\/\/tickb.umh.es\/ca\/wp-json\/wp\/v2\/types\/page"}],"author":[{"embeddable":true,"href":"https:\/\/tickb.umh.es\/ca\/wp-json\/wp\/v2\/users\/88"}],"replies":[{"embeddable":true,"href":"https:\/\/tickb.umh.es\/ca\/wp-json\/wp\/v2\/comments?post=47"}],"version-history":[{"count":0,"href":"https:\/\/tickb.umh.es\/ca\/wp-json\/wp\/v2\/pages\/47\/revisions"}],"wp:attachment":[{"href":"https:\/\/tickb.umh.es\/ca\/wp-json\/wp\/v2\/media?parent=47"}],"curies":[{"name":"wp","href":"https:\/\/api.w.org\/{rel}","templated":true}]}}