{"id":470,"date":"2025-03-28T11:36:12","date_gmt":"2025-03-28T10:36:12","guid":{"rendered":"https:\/\/tickb.umh.es\/?page_id=470"},"modified":"2025-03-28T12:24:11","modified_gmt":"2025-03-28T11:24:11","slug":"como-utilizar-la-funcion-de-escaner-en-las-impresoras-del-servicio-de-impresion-centralizada","status":"publish","type":"page","link":"https:\/\/tickb.umh.es\/ca\/soporte-a-equipamiento-informatico\/impresion-corporativa\/como-utilizar-la-funcion-de-escaner-en-las-impresoras-del-servicio-de-impresion-centralizada\/","title":{"rendered":"Com utilitzar la funci\u00f3 d&#8217;esc\u00e0ner en les impressores del servei d&#8217;impressi\u00f3 centralitzada"},"content":{"rendered":"<p>La intenci\u00f3 d&#8217;aquesta entrada \u00e9s donar una idea r\u00e0pida dels usos dels nous equips Konica Minolta instal\u00b7lats en la Universitat Miguel Hern\u00e1ndez.<\/p>\n<p>En concret, ens centrarem ara en com utilitzar la funci\u00f3 <strong>esc\u00e0ner<\/strong> que apareix en el men\u00fa inicial d&#8217;una impressora del servei d&#8217;impressi\u00f3 centralitzada.<\/p>\n<p>En <strong>l&#8217;esc\u00e0ner<\/strong> natiu de la m\u00e0quina, que \u00e9s una alternativa al m\u00e8tode de Papercut, tindr\u00edem dues opcions per a esc\u00e0ner. Les pantalles difereixen del m\u00e8tode <a href=\"https:\/\/tickb.umh.es\/soporte-a-equipamiento-informatico\/impresion-corporativa\/como-utilizar-la-funcion-de-escaner-avanzado-en-las-impresoras-del-servicio-de-impresion-centralizada\/\">esc\u00e0ner avan\u00e7at<\/a>, encara que en ess\u00e8ncia s\u00f3n similars.<img loading=\"lazy\" class=\"aligncenter wp-image-473 size-medium\" src=\"https:\/\/tickb.umh.es\/files\/2025\/03\/ImpEsc1-1-300x152.png\" alt=\"\" width=\"300\" height=\"152\" srcset=\"https:\/\/tickb.umh.es\/files\/2025\/03\/ImpEsc1-1-300x152.png 300w, https:\/\/tickb.umh.es\/files\/2025\/03\/ImpEsc1-1.png 417w\" sizes=\"(max-width: 300px) 100vw, 300px\" \/><\/p>\n<p>Una vegada que polsem la tecla, apareix la seg\u00fcent pantalla:<img loading=\"lazy\" class=\"aligncenter wp-image-476 size-medium\" src=\"https:\/\/tickb.umh.es\/files\/2025\/03\/ImpEsc2-1-300x189.png\" alt=\"\" width=\"300\" height=\"189\" srcset=\"https:\/\/tickb.umh.es\/files\/2025\/03\/ImpEsc2-1-300x189.png 300w, https:\/\/tickb.umh.es\/files\/2025\/03\/ImpEsc2-1.png 541w\" sizes=\"(max-width: 300px) 100vw, 300px\" \/><\/p>\n<p>En aquesta pantalla ens trobem amb dos m\u00e8todes, &#8220;Me&#8221; (Abreviatura de Scan to Me) i &#8220;URL&#8221; que permeten el seg\u00fcent:<\/p>\n<ul>\n<li>Si polsem el bot\u00f3 &#8220;<strong>Me<\/strong>&#8220;, apareixer\u00e0 el nostre correu electr\u00f2nic on s&#8217;enviar\u00e0 el document.<\/li>\n<li>Si polsem el bot\u00f3 &#8220;<strong>URL<\/strong>&#8220;, aquest escaneig enviar\u00e0 a la teua compte personal un enlla\u00e7 que estar\u00e0 disponible durant dos dies. Una vegada rebem el correu amb l&#8217;enlla\u00e7, polsem en ell i comen\u00e7ar\u00e0 la desc\u00e0rrega. Una vegada finalitzada, el document esborrar\u00e0 de la m\u00e0quina.<img loading=\"lazy\" class=\"wp-image-479 size-medium aligncenter\" src=\"https:\/\/tickb.umh.es\/files\/2025\/03\/ImpEsc3-1-300x188.png\" alt=\"\" width=\"300\" height=\"188\" srcset=\"https:\/\/tickb.umh.es\/files\/2025\/03\/ImpEsc3-1-300x188.png 300w, https:\/\/tickb.umh.es\/files\/2025\/03\/ImpEsc3-1.png 575w\" sizes=\"(max-width: 300px) 100vw, 300px\" \/><\/li>\n<\/ul>\n<p>La configuraci\u00f3 per defecte de l&#8217;escaneig \u00e9s la que es veu en pantalla: original a una cara, 300 Dpi, color, PDF compacte, etc.<\/p>\n<p>En cas de voler modificar qualsevol de les variables, polsarem sobre cada un dels icones.<\/p>\n<p>I si anem polsant en cada un dels icones, podem veure les diferents opcions que ens ofereix el dispositiu:<\/p>\n<ul>\n<li><strong>Normal d\u00faplex, resoluci\u00f3<img loading=\"lazy\" class=\"aligncenter wp-image-482 size-full\" src=\"https:\/\/tickb.umh.es\/files\/2025\/03\/ImpEsc4-1.png\" alt=\"\" width=\"809\" height=\"251\" srcset=\"https:\/\/tickb.umh.es\/files\/2025\/03\/ImpEsc4-1.png 809w, https:\/\/tickb.umh.es\/files\/2025\/03\/ImpEsc4-1-300x93.png 300w, https:\/\/tickb.umh.es\/files\/2025\/03\/ImpEsc4-1-768x238.png 768w\" sizes=\"(max-width: 809px) 100vw, 809px\" \/><\/strong><\/li>\n<li><strong>Color autom\u00e0tic i tipus d&#8217;arxiu<img loading=\"lazy\" class=\"size-full wp-image-485 aligncenter\" src=\"https:\/\/tickb.umh.es\/files\/2025\/03\/ImpEsc5.png\" alt=\"\" width=\"804\" height=\"251\" srcset=\"https:\/\/tickb.umh.es\/files\/2025\/03\/ImpEsc5.png 804w, https:\/\/tickb.umh.es\/files\/2025\/03\/ImpEsc5-300x94.png 300w, https:\/\/tickb.umh.es\/files\/2025\/03\/ImpEsc5-768x240.png 768w\" sizes=\"(max-width: 804px) 100vw, 804px\" \/><\/strong><\/li>\n<\/ul>\n<p style=\"padding-left: 40px;\">En l&#8217;apartat tipus d&#8217;arxiu, hi ha una \u00e0mplia varietat de formats per a triar. Ull perqu\u00e8 alguns d&#8217;ells no s\u00f3n multi-arxiu, com per exemple .jpeg que nom\u00e9s admet una p\u00e0gina per arxiu.<\/p>\n<ul>\n<li><strong>Grand\u00e0ria escaneig i escaneig separat<\/strong><img loading=\"lazy\" class=\"size-full wp-image-488 aligncenter\" src=\"https:\/\/tickb.umh.es\/files\/2025\/03\/ImpEsc6.png\" alt=\"\" width=\"824\" height=\"249\" srcset=\"https:\/\/tickb.umh.es\/files\/2025\/03\/ImpEsc6.png 824w, https:\/\/tickb.umh.es\/files\/2025\/03\/ImpEsc6-300x91.png 300w, https:\/\/tickb.umh.es\/files\/2025\/03\/ImpEsc6-768x232.png 768w\" sizes=\"(max-width: 824px) 100vw, 824px\" \/><\/li>\n<\/ul>\n<p style=\"padding-left: 40px;\">En l&#8217;apartat <strong>grand\u00e0ria d&#8217;escaneig<\/strong>, podem deixar que l&#8217;equip detecte la grand\u00e0ria de paper (autom\u00e0tic), o seleccionar-lo nosaltres en aquest \u00edndex.<\/p>\n<p style=\"padding-left: 40px;\">L&#8217;opci\u00f3 <strong>escaneig separat<\/strong>, en la imatge es troba activada quan t\u00e9 el puntet groc. Aquesta funci\u00f3 ens permet posar diverses fulles en un mateix arxiu, per exemple, si estem escanejant des de la pantalla de la m\u00e0quina (per exemple un DNI). O si anem a escanejar una quantitat gran de documents i no ens cap en l&#8217;alimentador i hem de fer-ho per blocs, aquesta opci\u00f3 ens permet tornar a posar m\u00e9s originals en l&#8217;alimentador i poder seguir escanejant originals a l&#8217;arxiu que ten\u00edem obert.<\/p>\n<p>Per a aquells usuaris m\u00e9s avesats i que vulguen m\u00e9s opcions, hi ha un bot\u00f3 que es diu &#8220;Aplicaci\u00f3&#8221; en la cantonada inferior dreta de la pantalla, que ens porta a m\u00e9s men\u00fas d&#8217;opcions disponibles.<img loading=\"lazy\" class=\"wp-image-491 size-medium aligncenter\" src=\"https:\/\/tickb.umh.es\/files\/2025\/03\/ImpEsc7-300x189.png\" alt=\"\" width=\"300\" height=\"189\" srcset=\"https:\/\/tickb.umh.es\/files\/2025\/03\/ImpEsc7-300x189.png 300w, https:\/\/tickb.umh.es\/files\/2025\/03\/ImpEsc7.png 542w\" sizes=\"(max-width: 300px) 100vw, 300px\" \/><\/p>\n<p>Finalment, per a iniciar el proc\u00e9s d&#8217;escaneig d&#8217;un document, haurem de pr\u00e9mer el bot\u00f3 &#8220;Iniciar&#8221;.<\/p>","protected":false},"excerpt":{"rendered":"<p>La intenci\u00f3 d&#8217;aquesta entrada \u00e9s donar una idea r\u00e0pida dels usos dels nous equips Konica Minolta instal\u00b7lats en la Universitat Miguel Hern\u00e1ndez.<br \/>\nEn concret, ens centrarem ara en com utilitzar la funci\u00f3 esc\u00e0ner que apareix en el men\u00fa inicial d&#8217;una impressora del servei d&#8217;impressi\u00f3 centralitzada.<br \/>\nEn l&#8217;esc\u00e0ner natiu de la m\u00e0quina, que \u00e9s una alternativa al m\u00e8tode [&#8230;]<\/p>\n","protected":false},"author":88,"featured_media":0,"parent":74,"menu_order":21,"comment_status":"closed","ping_status":"closed","template":"","meta":{"_links_to":"","_links_to_target":""},"_links":{"self":[{"href":"https:\/\/tickb.umh.es\/ca\/wp-json\/wp\/v2\/pages\/470"}],"collection":[{"href":"https:\/\/tickb.umh.es\/ca\/wp-json\/wp\/v2\/pages"}],"about":[{"href":"https:\/\/tickb.umh.es\/ca\/wp-json\/wp\/v2\/types\/page"}],"author":[{"embeddable":true,"href":"https:\/\/tickb.umh.es\/ca\/wp-json\/wp\/v2\/users\/88"}],"replies":[{"embeddable":true,"href":"https:\/\/tickb.umh.es\/ca\/wp-json\/wp\/v2\/comments?post=470"}],"version-history":[{"count":0,"href":"https:\/\/tickb.umh.es\/ca\/wp-json\/wp\/v2\/pages\/470\/revisions"}],"up":[{"embeddable":true,"href":"https:\/\/tickb.umh.es\/ca\/wp-json\/wp\/v2\/pages\/74"}],"wp:attachment":[{"href":"https:\/\/tickb.umh.es\/ca\/wp-json\/wp\/v2\/media?parent=470"}],"curies":[{"name":"wp","href":"https:\/\/api.w.org\/{rel}","templated":true}]}}