{"id":53,"date":"2025-03-21T09:11:10","date_gmt":"2025-03-21T08:11:10","guid":{"rendered":"https:\/\/tickb.zeus.umh.es\/?page_id=53"},"modified":"2025-03-26T18:21:39","modified_gmt":"2025-03-26T17:21:39","slug":"soporte-tic-a-la-gestion","status":"publish","type":"page","link":"https:\/\/tickb.umh.es\/ca\/soporte-tic-a-la-gestion\/","title":{"rendered":"Suport TIC a la gesti\u00f3"},"content":{"rendered":"<p>El Servei d&#8217;Innovaci\u00f3 i Planificaci\u00f3 Tecnol\u00f2gica (SIPT) gestiona l&#8217;administraci\u00f3, desenvolupament, manteniment i suport de les aplicacions de gesti\u00f3 universit\u00e0ria, incloent-hi la gesti\u00f3 acad\u00e8mica, econ\u00f2mica, de recursos humans, etc.<\/p>","protected":false},"excerpt":{"rendered":"<p>El Servei d&#8217;Innovaci\u00f3 i Planificaci\u00f3 Tecnol\u00f2gica (SIPT) gestiona l&#8217;administraci\u00f3, desenvolupament, manteniment i suport de les aplicacions de gesti\u00f3 universit\u00e0ria, incloent-hi la gesti\u00f3 acad\u00e8mica, econ\u00f2mica, de recursos humans, etc.<\/p>\n","protected":false},"author":88,"featured_media":0,"parent":0,"menu_order":70,"comment_status":"closed","ping_status":"closed","template":"","meta":{"_links_to":"","_links_to_target":""},"_links":{"self":[{"href":"https:\/\/tickb.umh.es\/ca\/wp-json\/wp\/v2\/pages\/53"}],"collection":[{"href":"https:\/\/tickb.umh.es\/ca\/wp-json\/wp\/v2\/pages"}],"about":[{"href":"https:\/\/tickb.umh.es\/ca\/wp-json\/wp\/v2\/types\/page"}],"author":[{"embeddable":true,"href":"https:\/\/tickb.umh.es\/ca\/wp-json\/wp\/v2\/users\/88"}],"replies":[{"embeddable":true,"href":"https:\/\/tickb.umh.es\/ca\/wp-json\/wp\/v2\/comments?post=53"}],"version-history":[{"count":0,"href":"https:\/\/tickb.umh.es\/ca\/wp-json\/wp\/v2\/pages\/53\/revisions"}],"wp:attachment":[{"href":"https:\/\/tickb.umh.es\/ca\/wp-json\/wp\/v2\/media?parent=53"}],"curies":[{"name":"wp","href":"https:\/\/api.w.org\/{rel}","templated":true}]}}