{"id":560,"date":"2025-03-28T13:31:49","date_gmt":"2025-03-28T12:31:49","guid":{"rendered":"https:\/\/tickb.umh.es\/?page_id=560"},"modified":"2025-03-28T13:36:32","modified_gmt":"2025-03-28T12:36:32","slug":"como-utilizar-la-funcion-impresion-a-traves-de-codigo-qr-en-las-impresoras-del-servicio-de-impresion-centralizada","status":"publish","type":"page","link":"https:\/\/tickb.umh.es\/ca\/soporte-a-equipamiento-informatico\/impresion-corporativa\/como-utilizar-la-funcion-impresion-a-traves-de-codigo-qr-en-las-impresoras-del-servicio-de-impresion-centralizada\/","title":{"rendered":"Com utilitzar la funci\u00f3 d&#8217;impressi\u00f3 a trav\u00e9s de codi QR en les impressores del servei d&#8217;impressi\u00f3 centralitzada"},"content":{"rendered":"<p>La intenci\u00f3 d&#8217;aquesta entrada \u00e9s donar una idea r\u00e0pida dels usos dels nous equips Konica Minolta instal\u00b7lats en la Universitat Miguel Hern\u00e1ndez.<\/p>\n<p>En concret, ens centrarem ara en com utilitzar la funci\u00f3 <strong>d&#8217;impressi\u00f3 a trav\u00e9s de codi QR<\/strong> del servei d&#8217;impressi\u00f3 centralitzada.<img loading=\"lazy\" class=\"size-full wp-image-563 aligncenter\" src=\"https:\/\/tickb.umh.es\/files\/2025\/03\/ImpQR1.png\" alt=\"\" width=\"183\" height=\"180\" \/><\/p>\n<p>Tots els dispositius van equipats amb un codi QR que facilitar\u00e0 la identificaci\u00f3 en el dispositiu. N&#8217;hi ha prou amb posar el nostre tel\u00e8fon perqu\u00e8 llija el codi QR i ens porte a la p\u00e0gina d&#8217;autenticaci\u00f3 de Papercut:<img loading=\"lazy\" class=\"size-medium wp-image-566 aligncenter\" src=\"https:\/\/tickb.umh.es\/files\/2025\/03\/ImpQR2-293x300.png\" alt=\"\" width=\"293\" height=\"300\" srcset=\"https:\/\/tickb.umh.es\/files\/2025\/03\/ImpQR2-293x300.png 293w, https:\/\/tickb.umh.es\/files\/2025\/03\/ImpQR2.png 371w\" sizes=\"(max-width: 293px) 100vw, 293px\" \/><\/p>\n<p>Una vegada validat, ens porta a la p\u00e0gina amb els treballs que tinguem pendents.<img loading=\"lazy\" class=\"size-medium wp-image-569 aligncenter\" src=\"https:\/\/tickb.umh.es\/files\/2025\/03\/ImpQR3-209x300.png\" alt=\"\" width=\"209\" height=\"300\" srcset=\"https:\/\/tickb.umh.es\/files\/2025\/03\/ImpQR3-209x300.png 209w, https:\/\/tickb.umh.es\/files\/2025\/03\/ImpQR3.png 329w\" sizes=\"(max-width: 209px) 100vw, 209px\" \/><\/p>\n<p>I despr\u00e9s de seleccionar-los, en pr\u00e9mer el bot\u00f3 &#8220;<strong>Release<\/strong>&#8221; (Alliberar) ens envia el treball a la impressora en la qual ens hem validat.<\/p>","protected":false},"excerpt":{"rendered":"<p>La intenci\u00f3 d&#8217;aquesta entrada \u00e9s donar una idea r\u00e0pida dels usos dels nous equips Konica Minolta instal\u00b7lats en la Universitat Miguel Hern\u00e1ndez.<br \/>\nEn concret, ens centrarem ara en com utilitzar la funci\u00f3 d&#8217;impressi\u00f3 a trav\u00e9s de codi QR del servei d&#8217;impressi\u00f3 centralitzada.<br \/>\nTots els dispositius van equipats amb un codi QR que facilitar\u00e0 la identificaci\u00f3 en el [&#8230;]<\/p>\n","protected":false},"author":88,"featured_media":0,"parent":74,"menu_order":23,"comment_status":"closed","ping_status":"closed","template":"","meta":{"_links_to":"","_links_to_target":""},"_links":{"self":[{"href":"https:\/\/tickb.umh.es\/ca\/wp-json\/wp\/v2\/pages\/560"}],"collection":[{"href":"https:\/\/tickb.umh.es\/ca\/wp-json\/wp\/v2\/pages"}],"about":[{"href":"https:\/\/tickb.umh.es\/ca\/wp-json\/wp\/v2\/types\/page"}],"author":[{"embeddable":true,"href":"https:\/\/tickb.umh.es\/ca\/wp-json\/wp\/v2\/users\/88"}],"replies":[{"embeddable":true,"href":"https:\/\/tickb.umh.es\/ca\/wp-json\/wp\/v2\/comments?post=560"}],"version-history":[{"count":0,"href":"https:\/\/tickb.umh.es\/ca\/wp-json\/wp\/v2\/pages\/560\/revisions"}],"up":[{"embeddable":true,"href":"https:\/\/tickb.umh.es\/ca\/wp-json\/wp\/v2\/pages\/74"}],"wp:attachment":[{"href":"https:\/\/tickb.umh.es\/ca\/wp-json\/wp\/v2\/media?parent=560"}],"curies":[{"name":"wp","href":"https:\/\/api.w.org\/{rel}","templated":true}]}}