{"id":593,"date":"2025-03-31T08:30:29","date_gmt":"2025-03-31T06:30:29","guid":{"rendered":"https:\/\/tickb.umh.es\/?page_id=593"},"modified":"2025-04-04T09:20:49","modified_gmt":"2025-04-04T07:20:49","slug":"como-configurar-el-acceso-wifi-en-chromebook","status":"publish","type":"page","link":"https:\/\/tickb.umh.es\/ca\/comunicaciones\/conexion-a-red-inalambrica\/como-configurar-el-acceso-wifi-en-chromebook\/","title":{"rendered":"Com configurar l&#8217;acc\u00e9s wifi en Chromebook"},"content":{"rendered":"<p><strong>En aquest article s&#8217;explicar\u00e0 com configurar l&#8217;acc\u00e9s wifi en Chromebook.<\/strong><\/p>\n<p>La UMH disposa d&#8217;una xarxa sense fil, concebuda com a m\u00e8tode de connexi\u00f3 alternatiu a les connexions tradicionals per cable. D&#8217;aquesta manera es pret\u00e9n cobrir les necessitats dels usuaris que requereixen connexions puntuals de manera din\u00e0mica i flexible.<\/p>\n<p>Existeixen tres tipus de connexions disponibles:<\/p>\n<ul>\n<li><strong>Connexi\u00f3 segura:<\/strong>\u00a0Iumhnet<\/li>\n<li><strong>Connexi\u00f3 oberta:<\/strong>\u00a0Iumhweb<\/li>\n<li><strong>Connexi\u00f3 segura:<\/strong>\u00a0eduroam<\/li>\n<\/ul>\n<p>A continuaci\u00f3 veurem com connectar-nos a la xarxa wifi.<\/p>\n<p><strong>Guia detallada:<\/strong><\/p>\n<ol>\n<li>Seleccionem la icona de xarxa situada al costat dret de la barra inferior. Despr\u00e9s farem clic sobre &#8220;<strong>No Connectat<\/strong>&#8220;.<br \/>\n<img loading=\"lazy\" class=\"size-medium wp-image-1046 aligncenter\" src=\"https:\/\/tickb.umh.es\/files\/2025\/04\/Screenshot-2025-04-04-08.27.55-266x300.png\" alt=\"\" width=\"266\" height=\"300\" srcset=\"https:\/\/tickb.umh.es\/files\/2025\/04\/Screenshot-2025-04-04-08.27.55-266x300.png 266w, https:\/\/tickb.umh.es\/files\/2025\/04\/Screenshot-2025-04-04-08.27.55.png 388w\" sizes=\"(max-width: 266px) 100vw, 266px\" \/><\/li>\n<li>Seleccionem la xarxa desitjada, en aquest exemple usarem &#8220;<strong>eduroam<\/strong>&#8220;.<br \/>\n<img loading=\"lazy\" class=\"size-medium wp-image-1043 aligncenter\" src=\"https:\/\/tickb.umh.es\/files\/2025\/04\/Screenshot-2025-04-04-08.29.28-258x300.png\" alt=\"\" width=\"258\" height=\"300\" srcset=\"https:\/\/tickb.umh.es\/files\/2025\/04\/Screenshot-2025-04-04-08.29.28-258x300.png 258w, https:\/\/tickb.umh.es\/files\/2025\/04\/Screenshot-2025-04-04-08.29.28.png 382w\" sizes=\"(max-width: 258px) 100vw, 258px\" \/><\/li>\n<li>Apareixer\u00e0 un men\u00fa de configuraci\u00f3, completarem les seg\u00fcents dades:\n<ul>\n<li><strong>M\u00e8tode EAP<\/strong>: PEAP<\/li>\n<li><strong>Autenticaci\u00f3 fase 2 EAP:<\/strong> MSCHAPv2<\/li>\n<li><strong>Certificat AC del servidor:<\/strong> No comprovar<\/li>\n<li><strong>Identitat<\/strong>: La teua adre\u00e7a de correu UMH o el teu\u00a0<a class=\"fui-Link ___140mk30 f2hkw1w f3rmtva f1ewtqcl fyind8e f1k6fduh f1w7gpdv fk6fouc fjoy568 flh3ekv f1s184ao f1mk8lai fnbmjn9 f1o700av f13mvf36 f1cmlufx f9n3di6 f1ids18y f1tx3yz7 f1deo86v f1eh06m1 f1iescvh fhgqx19 f1olyrje f1p93eir f1nev41a\" tabindex=\"0\" href=\"mailto:DNI@umh.es\" target=\"_blank\" rel=\"noopener\">DNI@umh.es<\/a>\u00a0(en cas de ser alumne)<\/li>\n<li><strong>Contrasenya<\/strong>: La teua contrasenya<\/li>\n<\/ul>\n<\/li>\n<li>Premem <strong>Connectar<\/strong>.<br \/>\n<img loading=\"lazy\" class=\"size-medium wp-image-1040 aligncenter\" src=\"https:\/\/tickb.umh.es\/files\/2025\/04\/Screenshot-2025-04-04-08.31.44-300x279.png\" alt=\"\" width=\"300\" height=\"279\" srcset=\"https:\/\/tickb.umh.es\/files\/2025\/04\/Screenshot-2025-04-04-08.31.44-300x279.png 300w, https:\/\/tickb.umh.es\/files\/2025\/04\/Screenshot-2025-04-04-08.31.44.png 504w\" sizes=\"(max-width: 300px) 100vw, 300px\" \/><\/li>\n<\/ol>\n<p><\/p>","protected":false},"excerpt":{"rendered":"<p>En aquest article s&#8217;explicar\u00e0 com configurar l&#8217;acc\u00e9s wifi en Chromebook.<br \/>\nLa UMH disposa d&#8217;una xarxa sense fil, concebuda com a m\u00e8tode de connexi\u00f3 alternatiu a les connexions tradicionals per cable. D&#8217;aquesta manera es pret\u00e9n cobrir les necessitats dels usuaris que requereixen connexions puntuals de manera din\u00e0mica i flexible.<br \/>\nExisteixen tres tipus de connexions disponibles:<\/p>\n<p>Connexi\u00f3 segura:\u00a0Iumhnet<br \/>\nConnexi\u00f3 oberta:\u00a0Iumhweb<br \/>\nConnexi\u00f3 segura:\u00a0eduroam<\/p>\n<p>A [&#8230;]<\/p>\n","protected":false},"author":88,"featured_media":0,"parent":62,"menu_order":12,"comment_status":"closed","ping_status":"closed","template":"","meta":{"_links_to":"","_links_to_target":""},"_links":{"self":[{"href":"https:\/\/tickb.umh.es\/ca\/wp-json\/wp\/v2\/pages\/593"}],"collection":[{"href":"https:\/\/tickb.umh.es\/ca\/wp-json\/wp\/v2\/pages"}],"about":[{"href":"https:\/\/tickb.umh.es\/ca\/wp-json\/wp\/v2\/types\/page"}],"author":[{"embeddable":true,"href":"https:\/\/tickb.umh.es\/ca\/wp-json\/wp\/v2\/users\/88"}],"replies":[{"embeddable":true,"href":"https:\/\/tickb.umh.es\/ca\/wp-json\/wp\/v2\/comments?post=593"}],"version-history":[{"count":0,"href":"https:\/\/tickb.umh.es\/ca\/wp-json\/wp\/v2\/pages\/593\/revisions"}],"up":[{"embeddable":true,"href":"https:\/\/tickb.umh.es\/ca\/wp-json\/wp\/v2\/pages\/62"}],"wp:attachment":[{"href":"https:\/\/tickb.umh.es\/ca\/wp-json\/wp\/v2\/media?parent=593"}],"curies":[{"name":"wp","href":"https:\/\/api.w.org\/{rel}","templated":true}]}}