{"id":608,"date":"2025-03-31T08:43:13","date_gmt":"2025-03-31T06:43:13","guid":{"rendered":"https:\/\/tickb.umh.es\/?page_id=608"},"modified":"2025-03-31T08:58:12","modified_gmt":"2025-03-31T06:58:12","slug":"como-configurar-el-acceso-wifi-en-ios","status":"publish","type":"page","link":"https:\/\/tickb.umh.es\/ca\/comunicaciones\/conexion-a-red-inalambrica\/como-configurar-el-acceso-wifi-en-ios\/","title":{"rendered":"Com configurar l&#8217;acc\u00e9s wifi en iOS"},"content":{"rendered":"<p>Per a configurar la connexi\u00f3 de forma manual, aqu\u00ed et detallem els passos a seguir.<\/p>\n<p><strong>Guia detallada<\/strong><\/p>\n<p><strong>Descripci\u00f3 de les xarxes WIFI disponibles:<\/strong><\/p>\n<ul>\n<li><strong>Eduroam:<\/strong>\u00a0Connexi\u00f3 segura que et permet connectar-te en altres institucions adscrites a aquest projecte, sense necessitat de realitzar canvis en la configuraci\u00f3 del teu dispositiu. Aquesta xarxa \u00e9s especialment \u00fatil per a connectar-te en altres universitats o institucions del programa.<\/li>\n<li><strong>Iumhnet:<\/strong>\u00a0Connexi\u00f3 segura amb cobertura exclusivament en la xarxa Wifi de la UMH.<\/li>\n<li><strong>Iumhweb:<\/strong>\u00a0Connexi\u00f3 oberta (sense seguretat) per a ser utilitzada per aquelles persones que no posseeixen usuari\/contrasenya de domini o DNI\/Pin d&#8217;estudiant i que estan en la UMH de visita. Utilitzant Iumhweb haur\u00e0s de repetir el proc\u00e9s de validaci\u00f3 cada vegada que et connectes.<\/li>\n<\/ul>\n<p><strong>Selecci\u00f3 de la xarxa Wi-Fi:<\/strong><\/p>\n<p>Obrirem l&#8217;aplicaci\u00f3 &#8220;Ajustos&#8221;<img loading=\"lazy\" class=\"alignnone wp-image-611\" src=\"https:\/\/tickb.umh.es\/files\/2025\/03\/AjustesIOS.png\" alt=\"\" width=\"25\" height=\"25\" \/>, posteriorment entrarem en el men\u00fa \u201cWi-Fi\u201d, i ara seleccionarem la xarxa a la qual volem connectar-nos.<img loading=\"lazy\" class=\"size-medium wp-image-614 aligncenter\" src=\"https:\/\/tickb.umh.es\/files\/2025\/03\/WifiIOS1-151x300.png\" alt=\"\" width=\"151\" height=\"300\" srcset=\"https:\/\/tickb.umh.es\/files\/2025\/03\/WifiIOS1-151x300.png 151w, https:\/\/tickb.umh.es\/files\/2025\/03\/WifiIOS1.png 236w\" sizes=\"(max-width: 151px) 100vw, 151px\" \/><\/p>\n<p><strong>Validaci\u00f3:<\/strong><\/p>\n<p>Ara, ens apareixer\u00e0 la finestra de validaci\u00f3 de credencials, en ella posarem el nostre usuari i contrasenya. Despr\u00e9s polsarem en &#8220;<strong>Accedir<\/strong>&#8220;.<img loading=\"lazy\" class=\"size-medium wp-image-617 aligncenter\" src=\"https:\/\/tickb.umh.es\/files\/2025\/03\/WifiIOS2-155x300.png\" alt=\"\" width=\"155\" height=\"300\" srcset=\"https:\/\/tickb.umh.es\/files\/2025\/03\/WifiIOS2-155x300.png 155w, https:\/\/tickb.umh.es\/files\/2025\/03\/WifiIOS2.png 247w\" sizes=\"(max-width: 155px) 100vw, 155px\" \/><\/p>\n<p><strong>Validaci\u00f3 de Certificat:<\/strong><\/p>\n<p>Una vegada ens h\u00e0gem identificat amb les nostres credencials d&#8217;usuari, apareixer\u00e0 la pantalla de validaci\u00f3 del certificat. Polsar \u201c<strong>Confiar<\/strong>\u201d i estar\u00e0s connectat a la xarxa wifi que hages triat \u201ciumhnet o eduroam\u201d.<img loading=\"lazy\" class=\"size-medium wp-image-620 aligncenter\" src=\"https:\/\/tickb.umh.es\/files\/2025\/03\/WifiIOS3-154x300.png\" alt=\"\" width=\"154\" height=\"300\" srcset=\"https:\/\/tickb.umh.es\/files\/2025\/03\/WifiIOS3-154x300.png 154w, https:\/\/tickb.umh.es\/files\/2025\/03\/WifiIOS3.png 254w\" sizes=\"(max-width: 154px) 100vw, 154px\" \/><\/p>\n<p><strong>Quin usuari he d&#8217;utilitzar per a configurar la connexi\u00f3?<\/strong><\/p>\n<ul>\n<li><strong>Estudiants:<\/strong>\u00a0En el camp &#8220;Usuari&#8221;, escriu el teu n\u00famero de DNI sense lletra, seguit de \u201c@umh.es\u201d (exemple:\u00a0<a class=\"fui-Link ___140mk30 f2hkw1w f3rmtva f1ewtqcl fyind8e f1k6fduh f1w7gpdv fk6fouc fjoy568 flh3ekv f1s184ao f1mk8lai fnbmjn9 f1o700av f13mvf36 f1cmlufx f9n3di6 f1ids18y f1tx3yz7 f1deo86v f1eh06m1 f1iescvh fhgqx19 f1olyrje f1p93eir f1nev41a\" tabindex=\"0\" href=\"mailto:12345678@umh.es\" target=\"_blank\" rel=\"noopener\">12345678@umh.es<\/a>) i la \u201cContrasenya\u201d \u00e9s el teu Pin.<\/li>\n<li><strong>Personal UMH:<\/strong>\u00a0En el camp \u201cUsuari\u201d escriu la teua adre\u00e7a de correu electr\u00f2nic UMH completa (exemple:\u00a0<a class=\"fui-Link ___140mk30 f2hkw1w f3rmtva f1ewtqcl fyind8e f1k6fduh f1w7gpdv fk6fouc fjoy568 flh3ekv f1s184ao f1mk8lai fnbmjn9 f1o700av f13mvf36 f1cmlufx f9n3di6 f1ids18y f1tx3yz7 f1deo86v f1eh06m1 f1iescvh fhgqx19 f1olyrje f1p93eir f1nev41a\" tabindex=\"0\" href=\"mailto:login@umh.es\" target=\"_blank\" rel=\"noopener\">login@umh.es<\/a>) i la \u201cContrasenya\u201d \u00e9s la teua contrasenya d&#8217;inici de sessi\u00f3 en el domini.<\/li>\n<li><strong>Visitants:<\/strong>\u00a0Els visitants tamb\u00e9 poden connectar-se a la xarxa Wifi UMH mitjan\u00e7ant registre amb un formulari. Nom\u00e9s cal seleccionar la xarxa Iumhweb i obrir un navegador per a accedir autom\u00e0ticament al formulari de registre.<img loading=\"lazy\" class=\"size-medium wp-image-623 aligncenter\" src=\"https:\/\/tickb.umh.es\/files\/2025\/03\/WifiIOS4-243x300.jpg\" alt=\"\" width=\"243\" height=\"300\" srcset=\"https:\/\/tickb.umh.es\/files\/2025\/03\/WifiIOS4-243x300.jpg 243w, https:\/\/tickb.umh.es\/files\/2025\/03\/WifiIOS4.jpg 551w\" sizes=\"(max-width: 243px) 100vw, 243px\" \/><\/li>\n<\/ul>\n<p>&nbsp;<\/p>\n<table style=\"background-color: #fffdf6; border: 2px solid #ffeaae; margin: 0px auto; height: 241px;\" width=\"659\">\n<tbody>\n<tr>\n<td style=\"text-align: left;\" width=\"566\"><span style=\"text-decoration: underline;\"><span style=\"color: #000000;\"><strong>Nota:<\/strong><\/span><\/span><\/p>\n<p><strong>Reconfiguraci\u00f3 de la xarxa wifi:<\/strong><\/p>\n<p>Si el nostre terminal ja t\u00e9 configurada la xarxa wifi i ens dona problemes de connexi\u00f3, podem intentar eliminar la xarxa wifi i tornar a connectar-la. Per a fer-ho, en el men\u00fa \u201cWi-Fi\u201d, sobre la xarxa que volem desconnectar polsarem el s\u00edmbol \u201ci\u201d de la dreta per a accedir a les opcions. Una vegada s&#8217;accedeix a les opcions, se seleccionar\u00e0 \u201cOmetre aquesta xarxa\u201d.<\/td>\n<\/tr>\n<\/tbody>\n<\/table>\n<p>&nbsp;<\/p>","protected":false},"excerpt":{"rendered":"<p>Per a configurar la connexi\u00f3 de forma manual, aqu\u00ed et detallem els passos a seguir.<br \/>\nGuia detallada<br \/>\nDescripci\u00f3 de les xarxes WIFI disponibles:<\/p>\n<p>Eduroam:\u00a0Connexi\u00f3 segura que et permet connectar-te en altres institucions adscrites a aquest projecte, sense necessitat de realitzar canvis en la configuraci\u00f3 del teu dispositiu. Aquesta xarxa \u00e9s especialment \u00fatil per a connectar-te en altres universitats [&#8230;]<\/p>\n","protected":false},"author":88,"featured_media":0,"parent":62,"menu_order":13,"comment_status":"closed","ping_status":"closed","template":"","meta":{"_links_to":"","_links_to_target":""},"_links":{"self":[{"href":"https:\/\/tickb.umh.es\/ca\/wp-json\/wp\/v2\/pages\/608"}],"collection":[{"href":"https:\/\/tickb.umh.es\/ca\/wp-json\/wp\/v2\/pages"}],"about":[{"href":"https:\/\/tickb.umh.es\/ca\/wp-json\/wp\/v2\/types\/page"}],"author":[{"embeddable":true,"href":"https:\/\/tickb.umh.es\/ca\/wp-json\/wp\/v2\/users\/88"}],"replies":[{"embeddable":true,"href":"https:\/\/tickb.umh.es\/ca\/wp-json\/wp\/v2\/comments?post=608"}],"version-history":[{"count":0,"href":"https:\/\/tickb.umh.es\/ca\/wp-json\/wp\/v2\/pages\/608\/revisions"}],"up":[{"embeddable":true,"href":"https:\/\/tickb.umh.es\/ca\/wp-json\/wp\/v2\/pages\/62"}],"wp:attachment":[{"href":"https:\/\/tickb.umh.es\/ca\/wp-json\/wp\/v2\/media?parent=608"}],"curies":[{"name":"wp","href":"https:\/\/api.w.org\/{rel}","templated":true}]}}