{"id":62,"date":"2025-03-21T10:12:00","date_gmt":"2025-03-21T09:12:00","guid":{"rendered":"https:\/\/tickb.zeus.umh.es\/?page_id=62"},"modified":"2025-03-26T17:52:28","modified_gmt":"2025-03-26T16:52:28","slug":"conexion-a-red-inalambrica","status":"publish","type":"page","link":"https:\/\/tickb.umh.es\/ca\/comunicaciones\/conexion-a-red-inalambrica\/","title":{"rendered":"Connexi\u00f3 a xarxa sense fil"},"content":{"rendered":"<p>La UMH disposa d&#8217;una xarxa sense fil, concebuda com a m\u00e8tode de connexi\u00f3 alternatiu a les connexions tradicionals per cable. D&#8217;aquesta manera es pret\u00e9n cobrir les necessitats dels usuaris que requereixen connexions puntuals de manera din\u00e0mica i flexible. La cobertura \u00e9s total en zones d&#8217;\u00fas com\u00fa o de perman\u00e8ncia temporal com s\u00f3n, biblioteques, sales de reunions, salons d&#8217;actes, rebedors o distribu\u00efdors amplis, sales de lectura o estudi, cafeteries, etc. Hi ha tres tipus de connexions disponibles:<\/p>\n<ul>\n<li>Connexi\u00f3 segura: Iumhnet<\/li>\n<li>Connexi\u00f3 oberta: Iumhweb<\/li>\n<li>Connexi\u00f3 segura: eduroam<\/li>\n<\/ul>\n<p><\/p>","protected":false},"excerpt":{"rendered":"<p>La UMH disposa d&#8217;una xarxa sense fil, concebuda com a m\u00e8tode de connexi\u00f3 alternatiu a les connexions tradicionals per cable. D&#8217;aquesta manera es pret\u00e9n cobrir les necessitats dels usuaris que requereixen connexions puntuals de manera din\u00e0mica i flexible. La cobertura \u00e9s total en zones d&#8217;\u00fas com\u00fa o de perman\u00e8ncia temporal com s\u00f3n, biblioteques, sales de [&#8230;]<\/p>\n","protected":false},"author":88,"featured_media":0,"parent":35,"menu_order":12,"comment_status":"closed","ping_status":"closed","template":"","meta":{"_links_to":"","_links_to_target":""},"_links":{"self":[{"href":"https:\/\/tickb.umh.es\/ca\/wp-json\/wp\/v2\/pages\/62"}],"collection":[{"href":"https:\/\/tickb.umh.es\/ca\/wp-json\/wp\/v2\/pages"}],"about":[{"href":"https:\/\/tickb.umh.es\/ca\/wp-json\/wp\/v2\/types\/page"}],"author":[{"embeddable":true,"href":"https:\/\/tickb.umh.es\/ca\/wp-json\/wp\/v2\/users\/88"}],"replies":[{"embeddable":true,"href":"https:\/\/tickb.umh.es\/ca\/wp-json\/wp\/v2\/comments?post=62"}],"version-history":[{"count":0,"href":"https:\/\/tickb.umh.es\/ca\/wp-json\/wp\/v2\/pages\/62\/revisions"}],"up":[{"embeddable":true,"href":"https:\/\/tickb.umh.es\/ca\/wp-json\/wp\/v2\/pages\/35"}],"wp:attachment":[{"href":"https:\/\/tickb.umh.es\/ca\/wp-json\/wp\/v2\/media?parent=62"}],"curies":[{"name":"wp","href":"https:\/\/api.w.org\/{rel}","templated":true}]}}