{"id":632,"date":"2025-03-31T09:12:28","date_gmt":"2025-03-31T07:12:28","guid":{"rendered":"https:\/\/tickb.umh.es\/?page_id=632"},"modified":"2025-03-31T09:20:57","modified_gmt":"2025-03-31T07:20:57","slug":"como-configurar-el-acceso-wifi-en-linux","status":"publish","type":"page","link":"https:\/\/tickb.umh.es\/ca\/comunicaciones\/conexion-a-red-inalambrica\/como-configurar-el-acceso-wifi-en-linux\/","title":{"rendered":"Com configurar l&#8217;acc\u00e9s Wifi en Linux"},"content":{"rendered":"<p><strong>En aquest article s&#8217;explicar\u00e0 com configurar l&#8217;acc\u00e9s Wifi en Linux.<\/strong><\/p>\n<p>La UMH disposa d&#8217;una xarxa sense fil, concebuda com a m\u00e8tode de connexi\u00f3 alternatiu a les connexions tradicionals per cable. D&#8217;aquesta manera es pret\u00e9n cobrir les necessitats dels usuaris que requereixen connexions puntuals de manera din\u00e0mica i flexible.<\/p>\n<p>La cobertura \u00e9s total en zones d&#8217;\u00fas com\u00fa o de perman\u00e8ncia temporal com s\u00f3n biblioteques, sales de reunions, salons d&#8217;actes, rebedors o distribu\u00efdors amplis, sales de lectura o estudi, cafeteries, etc.<\/p>\n<p>Existeixen tres tipus de connexions disponibles:<\/p>\n<ul>\n<li><strong>Connexi\u00f3 segura:<\/strong>\u00a0Iumhnet<\/li>\n<li><strong>Connexi\u00f3 oberta:<\/strong>\u00a0Iumhweb<\/li>\n<li><strong>Connexi\u00f3 segura:<\/strong>\u00a0eduroam<\/li>\n<\/ul>\n<p><strong>Guia detallada<\/strong><\/p>\n<p>Anem a explicar els passos amb els dos entorns m\u00e9s usats que s\u00f3n <strong>GNOME<\/strong> i <strong>KDE<\/strong>.<\/p>\n<p><strong>GNOME<\/strong><\/p>\n<ol>\n<li>Fem clic en la icona de &#8220;<strong>Mostrar Aplicacions<\/strong>&#8220;, situada en la barra esquerra. <img loading=\"lazy\" class=\"size-full wp-image-635 aligncenter\" src=\"https:\/\/tickb.umh.es\/files\/2025\/03\/WifiLinux1.png\" alt=\"\" width=\"242\" height=\"68\" \/><\/li>\n<li>Punxem sobre la icona de <strong>Configuraci\u00f3<\/strong>.<img loading=\"lazy\" class=\"size-full wp-image-638 aligncenter\" src=\"https:\/\/tickb.umh.es\/files\/2025\/03\/WifiLinux2.png\" alt=\"\" width=\"300\" height=\"270\" \/><\/li>\n<li>Seleccionem la xarxa denominada &#8220;<strong>eduroam<\/strong>&#8220;.<img loading=\"lazy\" class=\"size-medium wp-image-641 aligncenter\" src=\"https:\/\/tickb.umh.es\/files\/2025\/03\/WifiLinux3-300x107.png\" alt=\"\" width=\"300\" height=\"107\" srcset=\"https:\/\/tickb.umh.es\/files\/2025\/03\/WifiLinux3-300x107.png 300w, https:\/\/tickb.umh.es\/files\/2025\/03\/WifiLinux3.png 587w\" sizes=\"(max-width: 300px) 100vw, 300px\" \/><\/li>\n<li>Hem de configurar el seg\u00fcent:\n<ul>\n<li><strong>Autenticaci\u00f3<\/strong>: EAP protegit (PEAP).<\/li>\n<li><strong>Domini<\/strong>: umhnet.es<\/li>\n<li>Seleccionem l&#8217;opci\u00f3 &#8220;<strong>No es necessita cap certificat CA<\/strong>&#8220;.<\/li>\n<li>Introdu\u00efm el nostre <strong>usuari<\/strong> seguit de &#8220;<strong>@umh.es<\/strong>&#8221; i introdu\u00efm la nostra <strong>contrasenya<\/strong>.<\/li>\n<li>Finalment punxem en &#8220;<strong>Connectar<\/strong>&#8220;.<img loading=\"lazy\" class=\"size-full wp-image-644 aligncenter\" src=\"https:\/\/tickb.umh.es\/files\/2025\/03\/WifiLinux4.png\" alt=\"\" width=\"264\" height=\"300\" \/><\/li>\n<\/ul>\n<\/li>\n<\/ol>\n<p><strong>KDE<\/strong><\/p>\n<ol>\n<li>Fem clic en la icona de <strong>xarxa<\/strong> situada en la part dreta de la barra de tasques. <img loading=\"lazy\" class=\"size-full wp-image-647 aligncenter\" src=\"https:\/\/tickb.umh.es\/files\/2025\/03\/WifiLinux5.png\" alt=\"\" width=\"290\" height=\"44\" \/><\/li>\n<li>Sobre la xarxa &#8220;<strong>eduroam<\/strong>&#8220;, punxem en &#8220;<strong>Connectar<\/strong>&#8220;. <img loading=\"lazy\" class=\"size-medium wp-image-650 aligncenter\" src=\"https:\/\/tickb.umh.es\/files\/2025\/03\/WifiLinux6-300x124.png\" alt=\"\" width=\"300\" height=\"124\" srcset=\"https:\/\/tickb.umh.es\/files\/2025\/03\/WifiLinux6-300x124.png 300w, https:\/\/tickb.umh.es\/files\/2025\/03\/WifiLinux6.png 432w\" sizes=\"(max-width: 300px) 100vw, 300px\" \/><\/li>\n<li>Fem clic en &#8220;<strong>Seguretat Wi-Fi<\/strong>&#8220;. <img loading=\"lazy\" class=\"size-medium wp-image-653 aligncenter\" src=\"https:\/\/tickb.umh.es\/files\/2025\/03\/WifiLinux7-300x63.png\" alt=\"\" width=\"300\" height=\"63\" srcset=\"https:\/\/tickb.umh.es\/files\/2025\/03\/WifiLinux7-300x63.png 300w, https:\/\/tickb.umh.es\/files\/2025\/03\/WifiLinux7.png 704w\" sizes=\"(max-width: 300px) 100vw, 300px\" \/><\/li>\n<li>Hem de configurar el seg\u00fcent:\n<ul>\n<li><strong>Autenticaci\u00f3<\/strong>: EAP protegit (PEAP).<\/li>\n<li><strong>Domini<\/strong>: umhnet.es<\/li>\n<li>Introdu\u00efm el nostre <strong>usuari<\/strong> seguit de &#8220;<strong>@umh.es<\/strong>&#8221; i introdu\u00efm la nostra <strong>contrasenya<\/strong>.<\/li>\n<li>Finalment punxem en &#8220;<strong>Guardar<\/strong>&#8220;.<img loading=\"lazy\" class=\"size-full wp-image-656 aligncenter\" src=\"https:\/\/tickb.umh.es\/files\/2025\/03\/WifiLinux8.png\" alt=\"\" width=\"300\" height=\"262\" \/><\/li>\n<\/ul>\n<\/li>\n<\/ol>\n<p><\/p>","protected":false},"excerpt":{"rendered":"<p>En aquest article s&#8217;explicar\u00e0 com configurar l&#8217;acc\u00e9s Wifi en Linux.<br \/>\nLa UMH disposa d&#8217;una xarxa sense fil, concebuda com a m\u00e8tode de connexi\u00f3 alternatiu a les connexions tradicionals per cable. D&#8217;aquesta manera es pret\u00e9n cobrir les necessitats dels usuaris que requereixen connexions puntuals de manera din\u00e0mica i flexible.<br \/>\nLa cobertura \u00e9s total en zones d&#8217;\u00fas com\u00fa o [&#8230;]<\/p>\n","protected":false},"author":88,"featured_media":0,"parent":62,"menu_order":14,"comment_status":"closed","ping_status":"closed","template":"","meta":{"_links_to":"","_links_to_target":""},"_links":{"self":[{"href":"https:\/\/tickb.umh.es\/ca\/wp-json\/wp\/v2\/pages\/632"}],"collection":[{"href":"https:\/\/tickb.umh.es\/ca\/wp-json\/wp\/v2\/pages"}],"about":[{"href":"https:\/\/tickb.umh.es\/ca\/wp-json\/wp\/v2\/types\/page"}],"author":[{"embeddable":true,"href":"https:\/\/tickb.umh.es\/ca\/wp-json\/wp\/v2\/users\/88"}],"replies":[{"embeddable":true,"href":"https:\/\/tickb.umh.es\/ca\/wp-json\/wp\/v2\/comments?post=632"}],"version-history":[{"count":0,"href":"https:\/\/tickb.umh.es\/ca\/wp-json\/wp\/v2\/pages\/632\/revisions"}],"up":[{"embeddable":true,"href":"https:\/\/tickb.umh.es\/ca\/wp-json\/wp\/v2\/pages\/62"}],"wp:attachment":[{"href":"https:\/\/tickb.umh.es\/ca\/wp-json\/wp\/v2\/media?parent=632"}],"curies":[{"name":"wp","href":"https:\/\/api.w.org\/{rel}","templated":true}]}}