{"id":65,"date":"2025-03-21T10:19:23","date_gmt":"2025-03-21T09:19:23","guid":{"rendered":"https:\/\/tickb.zeus.umh.es\/?page_id=65"},"modified":"2025-03-26T17:50:51","modified_gmt":"2025-03-26T16:50:51","slug":"conexion-a-red-de-datos","status":"publish","type":"page","link":"https:\/\/tickb.umh.es\/ca\/comunicaciones\/conexion-a-red-de-datos\/","title":{"rendered":"Connexi\u00f3 a xarxa de dades"},"content":{"rendered":"<p>El Servei d&#8217;Infraestructura Inform\u00e0tica mant\u00e9 la xarxa de comunicacions de la Universitat Miguel Hern\u00e1ndez en les seues 5 ubicacions: Elx, Altea, Oriola Desemparats, Oriola Saleses i Sant Joan, les quals es corresponen amb els 4 campus en qu\u00e8 est\u00e0 dividida.<\/p>\n<p>&nbsp;<\/p>","protected":false},"excerpt":{"rendered":"<p>El Servei d&#8217;Infraestructura Inform\u00e0tica mant\u00e9 la xarxa de comunicacions de la Universitat Miguel Hern\u00e1ndez en les seues 5 ubicacions: Elx, Altea, Oriola Desemparats, Oriola Saleses i Sant Joan, les quals es corresponen amb els 4 campus en qu\u00e8 est\u00e0 dividida.<br \/>\n&nbsp;<\/p>\n","protected":false},"author":88,"featured_media":0,"parent":35,"menu_order":11,"comment_status":"closed","ping_status":"closed","template":"","meta":{"_links_to":"","_links_to_target":""},"_links":{"self":[{"href":"https:\/\/tickb.umh.es\/ca\/wp-json\/wp\/v2\/pages\/65"}],"collection":[{"href":"https:\/\/tickb.umh.es\/ca\/wp-json\/wp\/v2\/pages"}],"about":[{"href":"https:\/\/tickb.umh.es\/ca\/wp-json\/wp\/v2\/types\/page"}],"author":[{"embeddable":true,"href":"https:\/\/tickb.umh.es\/ca\/wp-json\/wp\/v2\/users\/88"}],"replies":[{"embeddable":true,"href":"https:\/\/tickb.umh.es\/ca\/wp-json\/wp\/v2\/comments?post=65"}],"version-history":[{"count":0,"href":"https:\/\/tickb.umh.es\/ca\/wp-json\/wp\/v2\/pages\/65\/revisions"}],"up":[{"embeddable":true,"href":"https:\/\/tickb.umh.es\/ca\/wp-json\/wp\/v2\/pages\/35"}],"wp:attachment":[{"href":"https:\/\/tickb.umh.es\/ca\/wp-json\/wp\/v2\/media?parent=65"}],"curies":[{"name":"wp","href":"https:\/\/api.w.org\/{rel}","templated":true}]}}