{"id":719,"date":"2025-03-31T11:33:56","date_gmt":"2025-03-31T09:33:56","guid":{"rendered":"https:\/\/tickb.umh.es\/?page_id=719"},"modified":"2025-03-31T11:36:33","modified_gmt":"2025-03-31T09:36:33","slug":"como-olvidar-una-red-wifi-ya-configurada-en-macos","status":"publish","type":"page","link":"https:\/\/tickb.umh.es\/ca\/comunicaciones\/conexion-a-red-inalambrica\/como-olvidar-una-red-wifi-ya-configurada-en-macos\/","title":{"rendered":"Com oblidar una xarxa Wifi ja configurada en macOS"},"content":{"rendered":"<p><strong>En aquest article s&#8217;explicar\u00e0 com oblidar una xarxa Wifi ja configurada en macOS.<\/strong><\/p>\n<p>La UMH disposa d&#8217;una xarxa sense fil, concebuda com a m\u00e8tode de connexi\u00f3 alternatiu a les connexions tradicionals per cable. D&#8217;aquesta manera es pret\u00e9n cobrir les necessitats dels usuaris que requereixen connexions puntuals de manera din\u00e0mica i flexible.<\/p>\n<p>La cobertura \u00e9s total en zones d&#8217;\u00fas com\u00fa o de perman\u00e8ncia temporal com s\u00f3n biblioteques, sales de reunions, salons d&#8217;actes, rebedors o distribu\u00efdors amplis, sales de lectura o estudi, cafeteries, etc.<\/p>\n<p>Existeixen tres tipus de connexions disponibles:<\/p>\n<ul>\n<li><strong>Connexi\u00f3 segura:<\/strong>\u00a0Iumhnet<\/li>\n<li><strong>Connexi\u00f3 oberta:<\/strong>\u00a0Iumhweb<\/li>\n<li><strong>Connexi\u00f3 segura:<\/strong>\u00a0eduroam<\/li>\n<\/ul>\n<p><strong>Guia detallada<\/strong><\/p>\n<ol>\n<li>Fem clic en la icona de xarxa situada en la barra de men\u00fas, en la part superior dreta.<img loading=\"lazy\" class=\"size-medium wp-image-722 aligncenter\" src=\"https:\/\/tickb.umh.es\/files\/2025\/03\/BorrarWifiMac1-300x17.png\" alt=\"\" width=\"300\" height=\"17\" srcset=\"https:\/\/tickb.umh.es\/files\/2025\/03\/BorrarWifiMac1-300x17.png 300w, https:\/\/tickb.umh.es\/files\/2025\/03\/BorrarWifiMac1.png 382w\" sizes=\"(max-width: 300px) 100vw, 300px\" \/><\/li>\n<li>Punxem en &#8220;<strong>Ajustos de Wi-Fi<\/strong>&#8220;.<img loading=\"lazy\" class=\"size-medium wp-image-725 aligncenter\" src=\"https:\/\/tickb.umh.es\/files\/2025\/03\/BorrarWifiMac2-300x132.png\" alt=\"\" width=\"300\" height=\"132\" srcset=\"https:\/\/tickb.umh.es\/files\/2025\/03\/BorrarWifiMac2-300x132.png 300w, https:\/\/tickb.umh.es\/files\/2025\/03\/BorrarWifiMac2.png 379w\" sizes=\"(max-width: 300px) 100vw, 300px\" \/><\/li>\n<li>Fem clic dret sobre la xarxa.<img loading=\"lazy\" class=\"size-medium wp-image-728 aligncenter\" src=\"https:\/\/tickb.umh.es\/files\/2025\/03\/BorrarWifiMac3-300x35.png\" alt=\"\" width=\"300\" height=\"35\" srcset=\"https:\/\/tickb.umh.es\/files\/2025\/03\/BorrarWifiMac3-300x35.png 300w, https:\/\/tickb.umh.es\/files\/2025\/03\/BorrarWifiMac3.png 554w\" sizes=\"(max-width: 300px) 100vw, 300px\" \/><\/li>\n<li>Punxem en &#8220;<strong>Ometre aquesta xarxa&#8230;<\/strong>&#8220;.<img loading=\"lazy\" class=\"size-full wp-image-731 aligncenter\" src=\"https:\/\/tickb.umh.es\/files\/2025\/03\/BorrarWifiMac4.png\" alt=\"\" width=\"194\" height=\"142\" \/><\/li>\n<li>Finalment fem clic en &#8220;<strong>Eliminar<\/strong>&#8220;.<img loading=\"lazy\" class=\"size-medium wp-image-734 aligncenter\" src=\"https:\/\/tickb.umh.es\/files\/2025\/03\/BorrarWifiMac5-300x196.png\" alt=\"\" width=\"300\" height=\"196\" srcset=\"https:\/\/tickb.umh.es\/files\/2025\/03\/BorrarWifiMac5-300x196.png 300w, https:\/\/tickb.umh.es\/files\/2025\/03\/BorrarWifiMac5.png 304w\" sizes=\"(max-width: 300px) 100vw, 300px\" \/><\/li>\n<\/ol>\n<p><\/p>","protected":false},"excerpt":{"rendered":"<p>En aquest article s&#8217;explicar\u00e0 com oblidar una xarxa Wifi ja configurada en macOS.<br \/>\nLa UMH disposa d&#8217;una xarxa sense fil, concebuda com a m\u00e8tode de connexi\u00f3 alternatiu a les connexions tradicionals per cable. D&#8217;aquesta manera es pret\u00e9n cobrir les necessitats dels usuaris que requereixen connexions puntuals de manera din\u00e0mica i flexible.<br \/>\nLa cobertura \u00e9s total en zones [&#8230;]<\/p>\n","protected":false},"author":88,"featured_media":0,"parent":62,"menu_order":18,"comment_status":"closed","ping_status":"closed","template":"","meta":{"_links_to":"","_links_to_target":""},"_links":{"self":[{"href":"https:\/\/tickb.umh.es\/ca\/wp-json\/wp\/v2\/pages\/719"}],"collection":[{"href":"https:\/\/tickb.umh.es\/ca\/wp-json\/wp\/v2\/pages"}],"about":[{"href":"https:\/\/tickb.umh.es\/ca\/wp-json\/wp\/v2\/types\/page"}],"author":[{"embeddable":true,"href":"https:\/\/tickb.umh.es\/ca\/wp-json\/wp\/v2\/users\/88"}],"replies":[{"embeddable":true,"href":"https:\/\/tickb.umh.es\/ca\/wp-json\/wp\/v2\/comments?post=719"}],"version-history":[{"count":0,"href":"https:\/\/tickb.umh.es\/ca\/wp-json\/wp\/v2\/pages\/719\/revisions"}],"up":[{"embeddable":true,"href":"https:\/\/tickb.umh.es\/ca\/wp-json\/wp\/v2\/pages\/62"}],"wp:attachment":[{"href":"https:\/\/tickb.umh.es\/ca\/wp-json\/wp\/v2\/media?parent=719"}],"curies":[{"name":"wp","href":"https:\/\/api.w.org\/{rel}","templated":true}]}}