{"id":737,"date":"2025-03-31T11:39:37","date_gmt":"2025-03-31T09:39:37","guid":{"rendered":"https:\/\/tickb.umh.es\/?page_id=737"},"modified":"2025-03-31T11:43:31","modified_gmt":"2025-03-31T09:43:31","slug":"como-olvidar-una-red-wifi-ya-configurada-en-windows","status":"publish","type":"page","link":"https:\/\/tickb.umh.es\/ca\/comunicaciones\/conexion-a-red-inalambrica\/como-olvidar-una-red-wifi-ya-configurada-en-windows\/","title":{"rendered":"Com oblidar una xarxa Wifi ja configurada en Windows"},"content":{"rendered":"<p><strong>En aquest article s&#8217;explicar\u00e0 com oblidar una xarxa wifi ja configurada en Windows.<\/strong><\/p>\n<p>La UMH disposa d&#8217;una xarxa sense fil, concebuda com a m\u00e8tode de connexi\u00f3 alternatiu a les connexions tradicionals per cable. D&#8217;aquesta manera es pret\u00e9n cobrir les necessitats dels usuaris que requereixen connexions puntuals de manera din\u00e0mica i flexible.<\/p>\n<p>La cobertura \u00e9s total en zones d&#8217;\u00fas com\u00fa o de perman\u00e8ncia temporal com s\u00f3n biblioteques, sales de reunions, salons d&#8217;actes, rebedors o distribu\u00efdors amplis, sales de lectura o estudi, cafeteries, etc.<\/p>\n<p>Existeixen tres tipus de connexions disponibles:<\/p>\n<ul>\n<li><strong>Connexi\u00f3 segura:<\/strong>\u00a0Iumhnet<\/li>\n<li><strong>Connexi\u00f3 oberta:<\/strong>\u00a0Iumhweb<\/li>\n<li><strong>Connexi\u00f3 segura:<\/strong>\u00a0eduroam<\/li>\n<\/ul>\n<p><strong>Guia detallada<\/strong><\/p>\n<ol>\n<li>Seleccionem la icona de xarxa situada en el costat dret de la barra de tasques.<img loading=\"lazy\" class=\"size-full wp-image-740 aligncenter\" src=\"https:\/\/tickb.umh.es\/files\/2025\/03\/BorrarWifiWin1.png\" alt=\"\" width=\"277\" height=\"40\" \/><\/li>\n<li>Fem clic dret sobre la xarxa a la qual estem connectats.<img loading=\"lazy\" class=\"size-medium wp-image-743 aligncenter\" src=\"https:\/\/tickb.umh.es\/files\/2025\/03\/BorrarWifiWin2-300x217.png\" alt=\"\" width=\"300\" height=\"217\" srcset=\"https:\/\/tickb.umh.es\/files\/2025\/03\/BorrarWifiWin2-300x217.png 300w, https:\/\/tickb.umh.es\/files\/2025\/03\/BorrarWifiWin2.png 360w\" sizes=\"(max-width: 300px) 100vw, 300px\" \/><\/li>\n<li>Punxem en &#8220;<strong>Deixar de recordar<\/strong>&#8220;.<img loading=\"lazy\" class=\"size-medium wp-image-746 aligncenter\" src=\"https:\/\/tickb.umh.es\/files\/2025\/03\/BorrarWifiWin3-300x152.png\" alt=\"\" width=\"300\" height=\"152\" srcset=\"https:\/\/tickb.umh.es\/files\/2025\/03\/BorrarWifiWin3-300x152.png 300w, https:\/\/tickb.umh.es\/files\/2025\/03\/BorrarWifiWin3.png 362w\" sizes=\"(max-width: 300px) 100vw, 300px\" \/><\/li>\n<\/ol>\n<p><\/p>","protected":false},"excerpt":{"rendered":"<p>En aquest article s&#8217;explicar\u00e0 com oblidar una xarxa wifi ja configurada en Windows.<br \/>\nLa UMH disposa d&#8217;una xarxa sense fil, concebuda com a m\u00e8tode de connexi\u00f3 alternatiu a les connexions tradicionals per cable. D&#8217;aquesta manera es pret\u00e9n cobrir les necessitats dels usuaris que requereixen connexions puntuals de manera din\u00e0mica i flexible.<br \/>\nLa cobertura \u00e9s total en zones [&#8230;]<\/p>\n","protected":false},"author":88,"featured_media":0,"parent":62,"menu_order":19,"comment_status":"closed","ping_status":"closed","template":"","meta":{"_links_to":"","_links_to_target":""},"_links":{"self":[{"href":"https:\/\/tickb.umh.es\/ca\/wp-json\/wp\/v2\/pages\/737"}],"collection":[{"href":"https:\/\/tickb.umh.es\/ca\/wp-json\/wp\/v2\/pages"}],"about":[{"href":"https:\/\/tickb.umh.es\/ca\/wp-json\/wp\/v2\/types\/page"}],"author":[{"embeddable":true,"href":"https:\/\/tickb.umh.es\/ca\/wp-json\/wp\/v2\/users\/88"}],"replies":[{"embeddable":true,"href":"https:\/\/tickb.umh.es\/ca\/wp-json\/wp\/v2\/comments?post=737"}],"version-history":[{"count":0,"href":"https:\/\/tickb.umh.es\/ca\/wp-json\/wp\/v2\/pages\/737\/revisions"}],"up":[{"embeddable":true,"href":"https:\/\/tickb.umh.es\/ca\/wp-json\/wp\/v2\/pages\/62"}],"wp:attachment":[{"href":"https:\/\/tickb.umh.es\/ca\/wp-json\/wp\/v2\/media?parent=737"}],"curies":[{"name":"wp","href":"https:\/\/api.w.org\/{rel}","templated":true}]}}