{"id":74,"date":"2025-03-21T10:23:30","date_gmt":"2025-03-21T09:23:30","guid":{"rendered":"https:\/\/tickb.zeus.umh.es\/?page_id=74"},"modified":"2025-03-26T18:05:31","modified_gmt":"2025-03-26T17:05:31","slug":"impresion-corporativa","status":"publish","type":"page","link":"https:\/\/tickb.umh.es\/ca\/soporte-a-equipamiento-informatico\/impresion-corporativa\/","title":{"rendered":"Impressi\u00f3 Corporativa"},"content":{"rendered":"<p>El servei de gesti\u00f3 integral d&#8217;impressi\u00f3 \u00e9s una soluci\u00f3 integrada de gesti\u00f3 d&#8217;impressi\u00f3, incloent c\u00f2pia, fax i digitalitzaci\u00f3 de documents, mitjan\u00e7ant equips multifunci\u00f3, que juntament amb una eina de gesti\u00f3 ens permet oferir un servei efica\u00e7 de manteniment de la plataforma en els diferents campus.<\/p>","protected":false},"excerpt":{"rendered":"<p>El servei de gesti\u00f3 integral d&#8217;impressi\u00f3 \u00e9s una soluci\u00f3 integrada de gesti\u00f3 d&#8217;impressi\u00f3, incloent c\u00f2pia, fax i digitalitzaci\u00f3 de documents, mitjan\u00e7ant equips multifunci\u00f3, que juntament amb una eina de gesti\u00f3 ens permet oferir un servei efica\u00e7 de manteniment de la plataforma en els diferents campus.<\/p>\n","protected":false},"author":88,"featured_media":0,"parent":47,"menu_order":11,"comment_status":"closed","ping_status":"closed","template":"","meta":{"_links_to":"","_links_to_target":""},"_links":{"self":[{"href":"https:\/\/tickb.umh.es\/ca\/wp-json\/wp\/v2\/pages\/74"}],"collection":[{"href":"https:\/\/tickb.umh.es\/ca\/wp-json\/wp\/v2\/pages"}],"about":[{"href":"https:\/\/tickb.umh.es\/ca\/wp-json\/wp\/v2\/types\/page"}],"author":[{"embeddable":true,"href":"https:\/\/tickb.umh.es\/ca\/wp-json\/wp\/v2\/users\/88"}],"replies":[{"embeddable":true,"href":"https:\/\/tickb.umh.es\/ca\/wp-json\/wp\/v2\/comments?post=74"}],"version-history":[{"count":0,"href":"https:\/\/tickb.umh.es\/ca\/wp-json\/wp\/v2\/pages\/74\/revisions"}],"up":[{"embeddable":true,"href":"https:\/\/tickb.umh.es\/ca\/wp-json\/wp\/v2\/pages\/47"}],"wp:attachment":[{"href":"https:\/\/tickb.umh.es\/ca\/wp-json\/wp\/v2\/media?parent=74"}],"curies":[{"name":"wp","href":"https:\/\/api.w.org\/{rel}","templated":true}]}}