{"id":749,"date":"2025-04-01T11:53:32","date_gmt":"2025-04-01T09:53:32","guid":{"rendered":"https:\/\/tickb.umh.es\/?page_id=749"},"modified":"2025-08-04T10:45:14","modified_gmt":"2025-08-04T08:45:14","slug":"como-verificar-la-version-de-windows-instalada-en-tu-pc","status":"publish","type":"page","link":"https:\/\/tickb.umh.es\/ca\/soporte-a-equipamiento-informatico\/mantenimiento-de-equipamiento-informatico-corporativo\/como-verificar-la-version-de-windows-instalada-en-tu-pc\/","title":{"rendered":"Com Verificar la Versi\u00f3 de Windows Instal\u00b7lada al teu PC"},"content":{"rendered":"<p>Mantindre el teu sistema operatiu actualitzat \u00e9s fonamental per garantir un funcionament \u00f2ptim del teu equip. Saber quina versi\u00f3 de Windows tens instal\u00b7lada \u00e9s el primer pas per assegurar-te que est\u00e0s al dia. Ac\u00ed et mostrem com fer-ho de manera senzilla.<\/p>\n<p><strong>Guia detallada<\/strong><\/p>\n<ol>\n<li>Localitza en la barra de tasques del teu sistema la icona de la &#8220;<strong>Lupa<\/strong>&#8220;. S&#8217;adjunta una captura d&#8217;aquesta aplicaci\u00f3 en Windows 10 i 11.<img loading=\"lazy\" class=\"size-full wp-image-215 aligncenter\" src=\"https:\/\/tickb.umh.es\/files\/2025\/03\/BarraBusqueda.jpeg\" alt=\"\" width=\"243\" height=\"46\" \/><\/li>\n<li>A continuaci\u00f3, escriu directament &#8220;<strong>Sistema<\/strong>&#8221; i fes clic en l&#8217;opci\u00f3 suggerida.<img loading=\"lazy\" class=\"aligncenter wp-image-752\" src=\"https:\/\/tickb.umh.es\/files\/2025\/04\/VerWin1.png\" alt=\"\" width=\"250\" height=\"630\" srcset=\"https:\/\/tickb.umh.es\/files\/2025\/04\/VerWin1.png 376w, https:\/\/tickb.umh.es\/files\/2025\/04\/VerWin1-119x300.png 119w\" sizes=\"(max-width: 250px) 100vw, 250px\" \/><\/li>\n<li>En la pantalla que apareix, localitza la secci\u00f3 &#8220;<strong>Especificacions de Windows<\/strong>&#8220;.<img loading=\"lazy\" class=\"aligncenter wp-image-755\" src=\"https:\/\/tickb.umh.es\/files\/2025\/04\/VerWin2.png\" alt=\"\" width=\"600\" height=\"187\" srcset=\"https:\/\/tickb.umh.es\/files\/2025\/04\/VerWin2.png 1048w, https:\/\/tickb.umh.es\/files\/2025\/04\/VerWin2-300x94.png 300w, https:\/\/tickb.umh.es\/files\/2025\/04\/VerWin2-1024x320.png 1024w, https:\/\/tickb.umh.es\/files\/2025\/04\/VerWin2-768x240.png 768w\" sizes=\"(max-width: 600px) 100vw, 600px\" \/><\/li>\n<li>Ara es mostra <strong>l&#8217;edici\u00f3<\/strong> i <strong>versi\u00f3<\/strong> del sistema operatiu que tenim instal\u00b7lat en la nostra m\u00e0quina. Recorda que con\u00e9ixer la versi\u00f3 de Windows \u00e9s important per assegurar-te que est\u00e0s utilitzant la versi\u00f3 m\u00e9s recent i segura.<\/li>\n<\/ol>\n<p>&nbsp;<\/p>\n<table style=\"background-color: #fffdf6;border: 2px solid #ffeaae;margin: 0px auto;height: 77px\" width=\"632\">\n<tbody>\n<tr>\n<td style=\"text-align: left\" width=\"566\">\n<div class=\"confluence-information-macro-body\"><strong>Nota:\u00a0<\/strong><\/div>\n<div>\n<p>Tamb\u00e9 \u00e9s possible realitzar el proc\u00e9s utilitzant el comandament <strong>winver<\/strong>, per a aix\u00f2:<\/p>\n<ul>\n<li>Prem les tecles <strong>Windows + R<\/strong> al mateix temps. Aix\u00f2 obrir\u00e0 la finestra &#8220;<strong>Executar<\/strong>&#8220;.<\/li>\n<li>Escriu <strong>winver<\/strong> en el camp i fes clic en Acceptar.<\/li>\n<li>Apareixer\u00e0 una finestra que mostra la versi\u00f3 exacta de Windows que tens instal\u00b7lada, juntament amb informaci\u00f3 addicional.<\/li>\n<\/ul>\n<\/div>\n<\/td>\n<\/tr>\n<\/tbody>\n<\/table>\n<p><\/p>","protected":false},"excerpt":{"rendered":"<p>Mantindre el teu sistema operatiu actualitzat \u00e9s fonamental per garantir un funcionament \u00f2ptim del teu equip. Saber quina versi\u00f3 de Windows tens instal\u00b7lada \u00e9s el primer pas per assegurar-te que est\u00e0s al dia. Ac\u00ed et mostrem com fer-ho de manera senzilla.<br \/>\nGuia detallada<\/p>\n<p>Localitza en la barra de tasques del teu sistema la icona de la &#8220;Lupa&#8220;. [&#8230;]<\/p>\n","protected":false},"author":88,"featured_media":0,"parent":77,"menu_order":10,"comment_status":"closed","ping_status":"closed","template":"","meta":{"_links_to":"","_links_to_target":""},"_links":{"self":[{"href":"https:\/\/tickb.umh.es\/ca\/wp-json\/wp\/v2\/pages\/749"}],"collection":[{"href":"https:\/\/tickb.umh.es\/ca\/wp-json\/wp\/v2\/pages"}],"about":[{"href":"https:\/\/tickb.umh.es\/ca\/wp-json\/wp\/v2\/types\/page"}],"author":[{"embeddable":true,"href":"https:\/\/tickb.umh.es\/ca\/wp-json\/wp\/v2\/users\/88"}],"replies":[{"embeddable":true,"href":"https:\/\/tickb.umh.es\/ca\/wp-json\/wp\/v2\/comments?post=749"}],"version-history":[{"count":0,"href":"https:\/\/tickb.umh.es\/ca\/wp-json\/wp\/v2\/pages\/749\/revisions"}],"up":[{"embeddable":true,"href":"https:\/\/tickb.umh.es\/ca\/wp-json\/wp\/v2\/pages\/77"}],"wp:attachment":[{"href":"https:\/\/tickb.umh.es\/ca\/wp-json\/wp\/v2\/media?parent=749"}],"curies":[{"name":"wp","href":"https:\/\/api.w.org\/{rel}","templated":true}]}}