{"id":758,"date":"2025-04-01T12:07:54","date_gmt":"2025-04-01T10:07:54","guid":{"rendered":"https:\/\/tickb.umh.es\/?page_id=758"},"modified":"2025-04-01T14:39:16","modified_gmt":"2025-04-01T12:39:16","slug":"como-borrar-de-manera-segura-equipos-con-windows","status":"publish","type":"page","link":"https:\/\/tickb.umh.es\/ca\/soporte-a-equipamiento-informatico\/mantenimiento-de-equipamiento-informatico-corporativo\/como-borrar-de-manera-segura-equipos-con-windows\/","title":{"rendered":"Com esborrar de manera segura equips amb Windows"},"content":{"rendered":"<p>Windows 11 proporciona a l&#8217;usuari una eina molt senzilla per poder eliminar tota la informaci\u00f3 d&#8217;un ordinador i restaurar el Sistema Operatiu, en el cas que l&#8217;usuari ja no vulga utilitzar-lo. Durant el proc\u00e9s, a m\u00e9s s&#8217;ofereix un m\u00e8tode d&#8217;esborrat segur de la informaci\u00f3, per la qual cosa la nostra m\u00e0quina pot ser reutilitzada per un tercer sense posar en risc la nostra privacitat.<\/p>\n<p><strong>Guia detallada<\/strong><\/p>\n<p>Per poder restaurar Windows 11 a valors de f\u00e0brica i a m\u00e9s eliminar de manera segura totes les nostres dades, realitzarem els seg\u00fcents passos:<\/p>\n<ol>\n<li>Localitza en la barra de tasques del teu sistema la icona de la \u00ab<strong>Lupa<\/strong>\u00bb i escriu &#8220;<strong>opcions de recuperaci\u00f3<\/strong>&#8220;.<img loading=\"lazy\" class=\"size-medium wp-image-764 aligncenter\" src=\"https:\/\/tickb.umh.es\/files\/2025\/04\/BorrarWin1-300x54.png\" alt=\"\" width=\"300\" height=\"54\" srcset=\"https:\/\/tickb.umh.es\/files\/2025\/04\/BorrarWin1-300x54.png 300w, https:\/\/tickb.umh.es\/files\/2025\/04\/BorrarWin1.png 347w\" sizes=\"(max-width: 300px) 100vw, 300px\" \/><\/li>\n<li>A continuaci\u00f3, fes clic en l&#8217;opci\u00f3 suggerida.<img loading=\"lazy\" class=\"size-medium wp-image-767 aligncenter\" src=\"https:\/\/tickb.umh.es\/files\/2025\/04\/BorrarWin2-300x95.png\" alt=\"\" width=\"300\" height=\"95\" srcset=\"https:\/\/tickb.umh.es\/files\/2025\/04\/BorrarWin2-300x95.png 300w, https:\/\/tickb.umh.es\/files\/2025\/04\/BorrarWin2.png 447w\" sizes=\"(max-width: 300px) 100vw, 300px\" \/><\/li>\n<li>Seleccionarem &#8220;<strong>Restablir l&#8217;equip<\/strong>&#8220;.<img loading=\"lazy\" class=\"aligncenter wp-image-770\" src=\"https:\/\/tickb.umh.es\/files\/2025\/04\/BorrarWin3.png\" alt=\"\" width=\"600\" height=\"377\" srcset=\"https:\/\/tickb.umh.es\/files\/2025\/04\/BorrarWin3.png 1084w, https:\/\/tickb.umh.es\/files\/2025\/04\/BorrarWin3-300x188.png 300w, https:\/\/tickb.umh.es\/files\/2025\/04\/BorrarWin3-1024x643.png 1024w, https:\/\/tickb.umh.es\/files\/2025\/04\/BorrarWin3-768x482.png 768w\" sizes=\"(max-width: 600px) 100vw, 600px\" \/><\/li>\n<li>Ens apareixer\u00e0 una nova finestra, en ella selecciona &#8220;<strong>Llevar tot<\/strong>&#8220;.<img loading=\"lazy\" class=\"aligncenter wp-image-773\" src=\"https:\/\/tickb.umh.es\/files\/2025\/04\/BorrarWin4.png\" alt=\"\" width=\"400\" height=\"268\" srcset=\"https:\/\/tickb.umh.es\/files\/2025\/04\/BorrarWin4.png 678w, https:\/\/tickb.umh.es\/files\/2025\/04\/BorrarWin4-300x201.png 300w\" sizes=\"(max-width: 400px) 100vw, 400px\" \/><\/li>\n<li>Ara seleccionarem &#8220;<strong>Reinstal\u00b7laci\u00f3 local<\/strong>&#8220;. Nota important: Aquesta opci\u00f3 pot no apar\u00e9ixer durant el proc\u00e9s de restauraci\u00f3 si la teua versi\u00f3 de Windows 11 \u00e9s antiga. En aquest cas, veure nota al peu d&#8217;aquesta entrada.<img loading=\"lazy\" class=\"aligncenter wp-image-776\" src=\"https:\/\/tickb.umh.es\/files\/2025\/04\/BorrarWin5.png\" alt=\"\" width=\"400\" height=\"267\" srcset=\"https:\/\/tickb.umh.es\/files\/2025\/04\/BorrarWin5.png 678w, https:\/\/tickb.umh.es\/files\/2025\/04\/BorrarWin5-300x200.png 300w\" sizes=\"(max-width: 400px) 100vw, 400px\" \/><\/li>\n<li>Ara selecciona &#8220;<strong>Canviar la configuraci\u00f3<\/strong>&#8220;.<img loading=\"lazy\" class=\"aligncenter wp-image-779\" src=\"https:\/\/tickb.umh.es\/files\/2025\/04\/BorrarWin6.png\" alt=\"\" width=\"400\" height=\"268\" srcset=\"https:\/\/tickb.umh.es\/files\/2025\/04\/BorrarWin6.png 675w, https:\/\/tickb.umh.es\/files\/2025\/04\/BorrarWin6-300x201.png 300w\" sizes=\"(max-width: 400px) 100vw, 400px\" \/><\/li>\n<li>Activa &#8220;<strong>S\u00ed<\/strong>&#8221; en &#8220;<strong>Vols esborrar les dades?<\/strong>&#8221; i prem en Confirmar. Aquesta opci\u00f3 ens assegurar\u00e0 l&#8217;esborrat de totes les nostres dades. El proc\u00e9s tardar\u00e0 diverses hores a completar-se.<img loading=\"lazy\" class=\"aligncenter wp-image-782\" src=\"https:\/\/tickb.umh.es\/files\/2025\/04\/BorrarWin7.png\" alt=\"\" width=\"400\" height=\"266\" srcset=\"https:\/\/tickb.umh.es\/files\/2025\/04\/BorrarWin7.png 679w, https:\/\/tickb.umh.es\/files\/2025\/04\/BorrarWin7-300x200.png 300w\" sizes=\"(max-width: 400px) 100vw, 400px\" \/><\/li>\n<li>Finalment, prem en &#8220;<strong>Seg\u00fcent<\/strong>&#8220;.<img loading=\"lazy\" class=\"aligncenter wp-image-785\" src=\"https:\/\/tickb.umh.es\/files\/2025\/04\/BorrarWin8.png\" alt=\"\" width=\"400\" height=\"233\" srcset=\"https:\/\/tickb.umh.es\/files\/2025\/04\/BorrarWin8.png 478w, https:\/\/tickb.umh.es\/files\/2025\/04\/BorrarWin8-300x175.png 300w\" sizes=\"(max-width: 400px) 100vw, 400px\" \/><\/li>\n<\/ol>\n<p>&nbsp;<\/p>\n<p>&nbsp;<\/p>\n<table style=\"background-color: #fff8f7; border: 2px solid #d04437; margin: 0px auto; height: 91px;\" width=\"628\">\n<tbody>\n<tr>\n<td style=\"text-align: justify;\" width=\"566\"><strong>Advert\u00e8ncia:<\/strong><\/p>\n<p>Hem de tindre en compte que el proc\u00e9s descrit elimina de manera segura TOTA la informaci\u00f3 de la nostra m\u00e0quina, per la qual cosa \u00e9s recomanable tindre c\u00f2pia de seguretat de la nostra informaci\u00f3.<\/td>\n<\/tr>\n<\/tbody>\n<\/table>\n<p>&nbsp;<\/p>","protected":false},"excerpt":{"rendered":"<p>Windows 11 proporciona a l&#8217;usuari una eina molt senzilla per poder eliminar tota la informaci\u00f3 d&#8217;un ordinador i restaurar el Sistema Operatiu, en el cas que l&#8217;usuari ja no vulga utilitzar-lo. Durant el proc\u00e9s, a m\u00e9s s&#8217;ofereix un m\u00e8tode d&#8217;esborrat segur de la informaci\u00f3, per la qual cosa la nostra m\u00e0quina pot ser reutilitzada per [&#8230;]<\/p>\n","protected":false},"author":88,"featured_media":0,"parent":77,"menu_order":11,"comment_status":"closed","ping_status":"closed","template":"","meta":{"_links_to":"","_links_to_target":""},"_links":{"self":[{"href":"https:\/\/tickb.umh.es\/ca\/wp-json\/wp\/v2\/pages\/758"}],"collection":[{"href":"https:\/\/tickb.umh.es\/ca\/wp-json\/wp\/v2\/pages"}],"about":[{"href":"https:\/\/tickb.umh.es\/ca\/wp-json\/wp\/v2\/types\/page"}],"author":[{"embeddable":true,"href":"https:\/\/tickb.umh.es\/ca\/wp-json\/wp\/v2\/users\/88"}],"replies":[{"embeddable":true,"href":"https:\/\/tickb.umh.es\/ca\/wp-json\/wp\/v2\/comments?post=758"}],"version-history":[{"count":0,"href":"https:\/\/tickb.umh.es\/ca\/wp-json\/wp\/v2\/pages\/758\/revisions"}],"up":[{"embeddable":true,"href":"https:\/\/tickb.umh.es\/ca\/wp-json\/wp\/v2\/pages\/77"}],"wp:attachment":[{"href":"https:\/\/tickb.umh.es\/ca\/wp-json\/wp\/v2\/media?parent=758"}],"curies":[{"name":"wp","href":"https:\/\/api.w.org\/{rel}","templated":true}]}}