{"id":77,"date":"2025-03-21T10:23:52","date_gmt":"2025-03-21T09:23:52","guid":{"rendered":"https:\/\/tickb.zeus.umh.es\/?page_id=77"},"modified":"2025-03-26T18:14:24","modified_gmt":"2025-03-26T17:14:24","slug":"mantenimiento-de-equipamiento-informatico-corporativo","status":"publish","type":"page","link":"https:\/\/tickb.umh.es\/ca\/soporte-a-equipamiento-informatico\/mantenimiento-de-equipamiento-informatico-corporativo\/","title":{"rendered":"Manteniment d&#8217;equipament inform\u00e0tic corporatiu"},"content":{"rendered":"<p>La UMH disposa d&#8217;un servei per a resoldre fallades en els equips inform\u00e0tics de la Universitat (han d&#8217;estar inventariats i pert\u00e0nyer al parc inform\u00e0tic de la UMH).<\/p>","protected":false},"excerpt":{"rendered":"<p>La UMH disposa d&#8217;un servei per a resoldre fallades en els equips inform\u00e0tics de la Universitat (han d&#8217;estar inventariats i pert\u00e0nyer al parc inform\u00e0tic de la UMH).<\/p>\n","protected":false},"author":88,"featured_media":0,"parent":47,"menu_order":12,"comment_status":"closed","ping_status":"closed","template":"","meta":{"_links_to":"","_links_to_target":""},"_links":{"self":[{"href":"https:\/\/tickb.umh.es\/ca\/wp-json\/wp\/v2\/pages\/77"}],"collection":[{"href":"https:\/\/tickb.umh.es\/ca\/wp-json\/wp\/v2\/pages"}],"about":[{"href":"https:\/\/tickb.umh.es\/ca\/wp-json\/wp\/v2\/types\/page"}],"author":[{"embeddable":true,"href":"https:\/\/tickb.umh.es\/ca\/wp-json\/wp\/v2\/users\/88"}],"replies":[{"embeddable":true,"href":"https:\/\/tickb.umh.es\/ca\/wp-json\/wp\/v2\/comments?post=77"}],"version-history":[{"count":0,"href":"https:\/\/tickb.umh.es\/ca\/wp-json\/wp\/v2\/pages\/77\/revisions"}],"up":[{"embeddable":true,"href":"https:\/\/tickb.umh.es\/ca\/wp-json\/wp\/v2\/pages\/47"}],"wp:attachment":[{"href":"https:\/\/tickb.umh.es\/ca\/wp-json\/wp\/v2\/media?parent=77"}],"curies":[{"name":"wp","href":"https:\/\/api.w.org\/{rel}","templated":true}]}}