{"id":788,"date":"2025-04-01T14:49:44","date_gmt":"2025-04-01T12:49:44","guid":{"rendered":"https:\/\/tickb.umh.es\/?page_id=788"},"modified":"2025-04-02T08:37:03","modified_gmt":"2025-04-02T06:37:03","slug":"como-impedir-que-un-equipo-portatil-entre-en-suspension-al-bajar-la-tapa-windows","status":"publish","type":"page","link":"https:\/\/tickb.umh.es\/ca\/soporte-a-equipamiento-informatico\/mantenimiento-de-equipamiento-informatico-corporativo\/como-impedir-que-un-equipo-portatil-entre-en-suspension-al-bajar-la-tapa-windows\/","title":{"rendered":"Com impedir que un equip port\u00e0til entre en suspensi\u00f3 en baixar la tapa"},"content":{"rendered":"<p>De vegades pot interessar-nos que en tancar la tapa del nostre ordinador port\u00e0til aquest no entre en suspensi\u00f3. Aix\u00f2 pot ser \u00fatil, per exemple, per poder treballar amb un o dos monitors connectats al nostre equip.<\/p>\n<p>A continuaci\u00f3, es descriuen els passos a seguir per realitzar aquesta configuraci\u00f3:<\/p>\n<ol>\n<li>Localitza en la barra de tasques la &#8220;<strong>Lupa<\/strong>&#8220;.<\/li>\n<li>Prem en la icona i escriu directament &#8220;<strong>Opcions d&#8217;Energia<\/strong>&#8220;.<img loading=\"lazy\" class=\"size-medium wp-image-791 aligncenter\" src=\"https:\/\/tickb.umh.es\/files\/2025\/04\/Energia1-300x54.png\" alt=\"\" width=\"300\" height=\"54\" srcset=\"https:\/\/tickb.umh.es\/files\/2025\/04\/Energia1-300x54.png 300w, https:\/\/tickb.umh.es\/files\/2025\/04\/Energia1.png 343w\" sizes=\"(max-width: 300px) 100vw, 300px\" \/><\/li>\n<li>Despr\u00e9s, fes clic en &#8220;<strong>Optimitzar el rendiment de l&#8217;energia del dispositiu i l&#8217;estalvi<\/strong>&#8220;.<img loading=\"lazy\" class=\"size-medium wp-image-794 aligncenter\" src=\"https:\/\/tickb.umh.es\/files\/2025\/04\/Energia2-300x111.png\" alt=\"\" width=\"300\" height=\"111\" srcset=\"https:\/\/tickb.umh.es\/files\/2025\/04\/Energia2-300x111.png 300w, https:\/\/tickb.umh.es\/files\/2025\/04\/Energia2.png 427w\" sizes=\"(max-width: 300px) 100vw, 300px\" \/><\/li>\n<li>Ara, fes clic en &#8220;<strong>Controls de bot\u00f3 de Tapa, enc\u00e9s i suspensi\u00f3<\/strong>&#8220;.<img loading=\"lazy\" class=\"size-medium wp-image-797 aligncenter\" src=\"https:\/\/tickb.umh.es\/files\/2025\/04\/Energia3-300x254.png\" alt=\"\" width=\"300\" height=\"254\" srcset=\"https:\/\/tickb.umh.es\/files\/2025\/04\/Energia3-300x254.png 300w, https:\/\/tickb.umh.es\/files\/2025\/04\/Energia3-1024x866.png 1024w, https:\/\/tickb.umh.es\/files\/2025\/04\/Energia3-768x649.png 768w, https:\/\/tickb.umh.es\/files\/2025\/04\/Energia3.png 1069w\" sizes=\"(max-width: 300px) 100vw, 300px\" \/><\/li>\n<li>Nom\u00e9s queda modificar el comportament &#8220;<strong>Tancar la tapa far\u00e0 que el meu PC<\/strong>&#8220;. Per defecte, apareix en &#8220;Se Suspenda&#8221;. Si t&#8217;interessa, per exemple, que l&#8217;ordinador no entre en suspensi\u00f3 quan est\u00e0 connectat a corrent, simplement canvia el valor a &#8220;<strong>No fer res<\/strong>&#8220;.<img loading=\"lazy\" class=\"size-medium wp-image-800 aligncenter\" src=\"https:\/\/tickb.umh.es\/files\/2025\/04\/Energia4-300x169.png\" alt=\"\" width=\"300\" height=\"169\" srcset=\"https:\/\/tickb.umh.es\/files\/2025\/04\/Energia4-300x169.png 300w, https:\/\/tickb.umh.es\/files\/2025\/04\/Energia4-1024x576.png 1024w, https:\/\/tickb.umh.es\/files\/2025\/04\/Energia4-768x432.png 768w, https:\/\/tickb.umh.es\/files\/2025\/04\/Energia4.png 1069w\" sizes=\"(max-width: 300px) 100vw, 300px\" \/><\/li>\n<\/ol>\n<p><\/p>","protected":false},"excerpt":{"rendered":"<p>De vegades pot interessar-nos que en tancar la tapa del nostre ordinador port\u00e0til aquest no entre en suspensi\u00f3. Aix\u00f2 pot ser \u00fatil, per exemple, per poder treballar amb un o dos monitors connectats al nostre equip.<br \/>\nA continuaci\u00f3, es descriuen els passos a seguir per realitzar aquesta configuraci\u00f3:<\/p>\n<p>Localitza en la barra de tasques la &#8220;Lupa&#8220;.<br \/>\nPrem en [&#8230;]<\/p>\n","protected":false},"author":88,"featured_media":0,"parent":77,"menu_order":13,"comment_status":"closed","ping_status":"closed","template":"","meta":{"_links_to":"","_links_to_target":""},"_links":{"self":[{"href":"https:\/\/tickb.umh.es\/ca\/wp-json\/wp\/v2\/pages\/788"}],"collection":[{"href":"https:\/\/tickb.umh.es\/ca\/wp-json\/wp\/v2\/pages"}],"about":[{"href":"https:\/\/tickb.umh.es\/ca\/wp-json\/wp\/v2\/types\/page"}],"author":[{"embeddable":true,"href":"https:\/\/tickb.umh.es\/ca\/wp-json\/wp\/v2\/users\/88"}],"replies":[{"embeddable":true,"href":"https:\/\/tickb.umh.es\/ca\/wp-json\/wp\/v2\/comments?post=788"}],"version-history":[{"count":0,"href":"https:\/\/tickb.umh.es\/ca\/wp-json\/wp\/v2\/pages\/788\/revisions"}],"up":[{"embeddable":true,"href":"https:\/\/tickb.umh.es\/ca\/wp-json\/wp\/v2\/pages\/77"}],"wp:attachment":[{"href":"https:\/\/tickb.umh.es\/ca\/wp-json\/wp\/v2\/media?parent=788"}],"curies":[{"name":"wp","href":"https:\/\/api.w.org\/{rel}","templated":true}]}}