{"id":83,"date":"2025-03-21T10:25:04","date_gmt":"2025-03-21T09:25:04","guid":{"rendered":"https:\/\/tickb.zeus.umh.es\/?page_id=83"},"modified":"2025-03-26T18:18:52","modified_gmt":"2025-03-26T17:18:52","slug":"servicio-de-baja-de-equipamiento-informatico","status":"publish","type":"page","link":"https:\/\/tickb.umh.es\/ca\/soporte-a-equipamiento-informatico\/servicio-de-baja-de-equipamiento-informatico\/","title":{"rendered":"Servei de baixa d&#8217;equipament inform\u00e0tic"},"content":{"rendered":"<p>Tramitaci\u00f3 de la retirada dels equips inform\u00e0tics de la UMH que es troben inventariats i donats d&#8217;alta en la base de dades d&#8217;inventari de la Universitat, per estar obsolets o perqu\u00e8 ja no s\u00f3n \u00fatils per a la unitat organitzativa que els t\u00e9 assignats.<\/p>","protected":false},"excerpt":{"rendered":"<p>Tramitaci\u00f3 de la retirada dels equips inform\u00e0tics de la UMH que es troben inventariats i donats d&#8217;alta en la base de dades d&#8217;inventari de la Universitat, per estar obsolets o perqu\u00e8 ja no s\u00f3n \u00fatils per a la unitat organitzativa que els t\u00e9 assignats.<\/p>\n","protected":false},"author":88,"featured_media":0,"parent":47,"menu_order":14,"comment_status":"closed","ping_status":"closed","template":"","meta":{"_links_to":"","_links_to_target":""},"_links":{"self":[{"href":"https:\/\/tickb.umh.es\/ca\/wp-json\/wp\/v2\/pages\/83"}],"collection":[{"href":"https:\/\/tickb.umh.es\/ca\/wp-json\/wp\/v2\/pages"}],"about":[{"href":"https:\/\/tickb.umh.es\/ca\/wp-json\/wp\/v2\/types\/page"}],"author":[{"embeddable":true,"href":"https:\/\/tickb.umh.es\/ca\/wp-json\/wp\/v2\/users\/88"}],"replies":[{"embeddable":true,"href":"https:\/\/tickb.umh.es\/ca\/wp-json\/wp\/v2\/comments?post=83"}],"version-history":[{"count":0,"href":"https:\/\/tickb.umh.es\/ca\/wp-json\/wp\/v2\/pages\/83\/revisions"}],"up":[{"embeddable":true,"href":"https:\/\/tickb.umh.es\/ca\/wp-json\/wp\/v2\/pages\/47"}],"wp:attachment":[{"href":"https:\/\/tickb.umh.es\/ca\/wp-json\/wp\/v2\/media?parent=83"}],"curies":[{"name":"wp","href":"https:\/\/api.w.org\/{rel}","templated":true}]}}