{"id":830,"date":"2025-04-02T09:09:38","date_gmt":"2025-04-02T07:09:38","guid":{"rendered":"https:\/\/tickb.umh.es\/?page_id=830"},"modified":"2025-04-09T14:34:42","modified_gmt":"2025-04-09T12:34:42","slug":"como-instalar-cisco-jabber-en-sistemas-mac","status":"publish","type":"page","link":"https:\/\/tickb.umh.es\/ca\/comunicaciones\/telefonia-fija\/como-instalar-cisco-jabber-en-sistemas-mac\/","title":{"rendered":"Com Instal\u00b7lar Cisco Jabber en Sistemes Mac"},"content":{"rendered":"<p><strong>Cisco Jabber<\/strong> \u00e9s una eina de comunicaci\u00f3 integral que permet als usuaris enviar missatges instantanis, realitzar trucades de veu i v\u00eddeo. A continuaci\u00f3, et mostrem com instal\u00b7lar el programari de comunicaci\u00f3 Cisco Jabber en un sistema macOS.<\/p>\n<p><strong>Guia detallada:<\/strong><\/p>\n<ol>\n<li>Hem de descarregar el programari Cisco Jabber per a Mac des de la desc\u00e0rrega de programari del nostre acc\u00e9s identificat:\u00a0<a href=\"https:\/\/universite.umh.es\/descargasoftware\/\">https:\/\/universite.umh.es\/descargasoftware\/<\/a>. En aquest cas, descarregarem la versi\u00f3 de Mac (la que t\u00e9 MAC entre par\u00e8ntesis).<img loading=\"lazy\" class=\"wp-image-836 aligncenter\" src=\"https:\/\/tickb.umh.es\/files\/2025\/04\/JabberMac1.png\" alt=\"\" width=\"500\" height=\"213\" srcset=\"https:\/\/tickb.umh.es\/files\/2025\/04\/JabberMac1.png 1276w, https:\/\/tickb.umh.es\/files\/2025\/04\/JabberMac1-300x128.png 300w, https:\/\/tickb.umh.es\/files\/2025\/04\/JabberMac1-1024x437.png 1024w, https:\/\/tickb.umh.es\/files\/2025\/04\/JabberMac1-768x327.png 768w\" sizes=\"(max-width: 500px) 100vw, 500px\" \/><\/li>\n<li>Una vegada s&#8217;haja descarregat l&#8217;arxiu, l&#8217;executarem fent doble clic damunt.<\/li>\n<li>Seguirem els passos de l&#8217;assistent d&#8217;instal\u00b7laci\u00f3.<\/li>\n<li>Farem clic en &#8220;<strong>Continuar<\/strong>&#8220;.<img loading=\"lazy\" class=\"size-medium wp-image-839 aligncenter\" src=\"https:\/\/tickb.umh.es\/files\/2025\/04\/JabberMac2-300x225.png\" alt=\"\" width=\"300\" height=\"225\" srcset=\"https:\/\/tickb.umh.es\/files\/2025\/04\/JabberMac2-300x225.png 300w, https:\/\/tickb.umh.es\/files\/2025\/04\/JabberMac2-1024x769.png 1024w, https:\/\/tickb.umh.es\/files\/2025\/04\/JabberMac2-768x577.png 768w, https:\/\/tickb.umh.es\/files\/2025\/04\/JabberMac2.png 1464w\" sizes=\"(max-width: 300px) 100vw, 300px\" \/><\/li>\n<li>Acceptarem el contracte de llic\u00e8ncia prement el bot\u00f3 &#8220;<strong>Continuar<\/strong>&#8220;.<img loading=\"lazy\" class=\"size-medium wp-image-842 aligncenter\" src=\"https:\/\/tickb.umh.es\/files\/2025\/04\/JabberMac3-300x225.png\" alt=\"\" width=\"300\" height=\"225\" srcset=\"https:\/\/tickb.umh.es\/files\/2025\/04\/JabberMac3-300x225.png 300w, https:\/\/tickb.umh.es\/files\/2025\/04\/JabberMac3-1024x769.png 1024w, https:\/\/tickb.umh.es\/files\/2025\/04\/JabberMac3-768x577.png 768w, https:\/\/tickb.umh.es\/files\/2025\/04\/JabberMac3.png 1464w\" sizes=\"(max-width: 300px) 100vw, 300px\" \/><\/li>\n<li>Acceptarem les condicions prement el bot\u00f3 &#8220;<strong>Accepto<\/strong>&#8220;.<img loading=\"lazy\" class=\"size-medium wp-image-845 aligncenter\" src=\"https:\/\/tickb.umh.es\/files\/2025\/04\/JabberMac4-300x225.png\" alt=\"\" width=\"300\" height=\"225\" srcset=\"https:\/\/tickb.umh.es\/files\/2025\/04\/JabberMac4-300x225.png 300w, https:\/\/tickb.umh.es\/files\/2025\/04\/JabberMac4-1024x769.png 1024w, https:\/\/tickb.umh.es\/files\/2025\/04\/JabberMac4-768x577.png 768w, https:\/\/tickb.umh.es\/files\/2025\/04\/JabberMac4.png 1464w\" sizes=\"(max-width: 300px) 100vw, 300px\" \/><\/li>\n<li>Premem &#8220;<strong>Continuar<\/strong>&#8221; perqu\u00e8 s&#8217;instal\u00b7le en el nostre disc principal.<img loading=\"lazy\" class=\"size-medium wp-image-848 aligncenter\" src=\"https:\/\/tickb.umh.es\/files\/2025\/04\/JabberMac5-300x225.png\" alt=\"\" width=\"300\" height=\"225\" srcset=\"https:\/\/tickb.umh.es\/files\/2025\/04\/JabberMac5-300x225.png 300w, https:\/\/tickb.umh.es\/files\/2025\/04\/JabberMac5-1024x767.png 1024w, https:\/\/tickb.umh.es\/files\/2025\/04\/JabberMac5-768x575.png 768w, https:\/\/tickb.umh.es\/files\/2025\/04\/JabberMac5.png 1468w\" sizes=\"(max-width: 300px) 100vw, 300px\" \/><\/li>\n<li>Premem &#8220;<strong>Instal\u00b7lar<\/strong>&#8221; perqu\u00e8 comence el proc\u00e9s d&#8217;instal\u00b7laci\u00f3.<img loading=\"lazy\" class=\"size-medium wp-image-851 aligncenter\" src=\"https:\/\/tickb.umh.es\/files\/2025\/04\/JabberMac6-300x225.png\" alt=\"\" width=\"300\" height=\"225\" srcset=\"https:\/\/tickb.umh.es\/files\/2025\/04\/JabberMac6-300x225.png 300w, https:\/\/tickb.umh.es\/files\/2025\/04\/JabberMac6-1024x767.png 1024w, https:\/\/tickb.umh.es\/files\/2025\/04\/JabberMac6-768x575.png 768w, https:\/\/tickb.umh.es\/files\/2025\/04\/JabberMac6.png 1468w\" sizes=\"(max-width: 300px) 100vw, 300px\" \/><\/li>\n<li>Se&#8217;ns demanar\u00e0 perm\u00eds per a instal\u00b7lar el programari, introduirem la nostra contrasenya i premem la tecla Intro o el bot\u00f3 &#8220;<strong>Instal\u00b7lar Programari<\/strong>&#8220;.<img loading=\"lazy\" class=\"size-medium wp-image-854 aligncenter\" src=\"https:\/\/tickb.umh.es\/files\/2025\/04\/JabberMac7-300x184.png\" alt=\"\" width=\"300\" height=\"184\" srcset=\"https:\/\/tickb.umh.es\/files\/2025\/04\/JabberMac7-300x184.png 300w, https:\/\/tickb.umh.es\/files\/2025\/04\/JabberMac7-1024x629.png 1024w, https:\/\/tickb.umh.es\/files\/2025\/04\/JabberMac7-768x472.png 768w, https:\/\/tickb.umh.es\/files\/2025\/04\/JabberMac7.png 1110w\" sizes=\"(max-width: 300px) 100vw, 300px\" \/><\/li>\n<li>Una vegada haja finalitzat la instal\u00b7laci\u00f3, premem el bot\u00f3 &#8220;<strong>Tancar<\/strong>&#8221; per a finalitzar el proc\u00e9s.<img loading=\"lazy\" class=\"size-medium wp-image-857 aligncenter\" src=\"https:\/\/tickb.umh.es\/files\/2025\/04\/JabberMac8-300x225.png\" alt=\"\" width=\"300\" height=\"225\" srcset=\"https:\/\/tickb.umh.es\/files\/2025\/04\/JabberMac8-300x225.png 300w, https:\/\/tickb.umh.es\/files\/2025\/04\/JabberMac8-1024x767.png 1024w, https:\/\/tickb.umh.es\/files\/2025\/04\/JabberMac8-768x575.png 768w, https:\/\/tickb.umh.es\/files\/2025\/04\/JabberMac8.png 1468w\" sizes=\"(max-width: 300px) 100vw, 300px\" \/><\/li>\n<li>Una vegada terminada la instal\u00b7laci\u00f3, quan executem per primera vegada el programari Cisco Jabber, veurem la seg\u00fcent finestra, on introduirem el nostre <strong>usuari i contrasenya<\/strong> per a identificar-nos.<img loading=\"lazy\" class=\"size-medium wp-image-833 aligncenter\" src=\"https:\/\/tickb.umh.es\/files\/2025\/04\/JabberMac9-181x300.png\" alt=\"\" width=\"181\" height=\"300\" srcset=\"https:\/\/tickb.umh.es\/files\/2025\/04\/JabberMac9-181x300.png 181w, https:\/\/tickb.umh.es\/files\/2025\/04\/JabberMac9-619x1024.png 619w, https:\/\/tickb.umh.es\/files\/2025\/04\/JabberMac9-768x1271.png 768w, https:\/\/tickb.umh.es\/files\/2025\/04\/JabberMac9-928x1536.png 928w, https:\/\/tickb.umh.es\/files\/2025\/04\/JabberMac9.png 996w\" sizes=\"(max-width: 181px) 100vw, 181px\" \/><\/li>\n<li>Una vegada realitzat el proc\u00e9s anterior, no haurem de tornar a identificar-nos a menys que tanquem manualment la sessi\u00f3.<\/li>\n<\/ol>\n<p><\/p>","protected":false},"excerpt":{"rendered":"<p>Cisco Jabber \u00e9s una eina de comunicaci\u00f3 integral que permet als usuaris enviar missatges instantanis, realitzar trucades de veu i v\u00eddeo. A continuaci\u00f3, et mostrem com instal\u00b7lar el programari de comunicaci\u00f3 Cisco Jabber en un sistema macOS.<br \/>\nGuia detallada:<\/p>\n<p>Hem de descarregar el programari Cisco Jabber per a Mac des de la desc\u00e0rrega de programari del nostre [&#8230;]<\/p>\n","protected":false},"author":88,"featured_media":0,"parent":68,"menu_order":0,"comment_status":"closed","ping_status":"closed","template":"","meta":{"_links_to":"","_links_to_target":""},"_links":{"self":[{"href":"https:\/\/tickb.umh.es\/ca\/wp-json\/wp\/v2\/pages\/830"}],"collection":[{"href":"https:\/\/tickb.umh.es\/ca\/wp-json\/wp\/v2\/pages"}],"about":[{"href":"https:\/\/tickb.umh.es\/ca\/wp-json\/wp\/v2\/types\/page"}],"author":[{"embeddable":true,"href":"https:\/\/tickb.umh.es\/ca\/wp-json\/wp\/v2\/users\/88"}],"replies":[{"embeddable":true,"href":"https:\/\/tickb.umh.es\/ca\/wp-json\/wp\/v2\/comments?post=830"}],"version-history":[{"count":0,"href":"https:\/\/tickb.umh.es\/ca\/wp-json\/wp\/v2\/pages\/830\/revisions"}],"up":[{"embeddable":true,"href":"https:\/\/tickb.umh.es\/ca\/wp-json\/wp\/v2\/pages\/68"}],"wp:attachment":[{"href":"https:\/\/tickb.umh.es\/ca\/wp-json\/wp\/v2\/media?parent=830"}],"curies":[{"name":"wp","href":"https:\/\/api.w.org\/{rel}","templated":true}]}}