{"id":86,"date":"2025-03-21T10:33:50","date_gmt":"2025-03-21T09:33:50","guid":{"rendered":"https:\/\/tickb.zeus.umh.es\/?page_id=86"},"modified":"2025-03-27T12:58:53","modified_gmt":"2025-03-27T11:58:53","slug":"como-eliminar-una-impresora-que-ya-no-utilizas-en-windows","status":"publish","type":"page","link":"https:\/\/tickb.umh.es\/ca\/soporte-a-equipamiento-informatico\/impresion-corporativa\/como-eliminar-una-impresora-que-ya-no-utilizas-en-windows\/","title":{"rendered":"Com eliminar una impressora que ja no utilitzes en Windows"},"content":{"rendered":"<p>En aquest article, et mostrarem com eliminar una impressora en Windows 10 de manera r\u00e0pida i senzilla.<\/p>\n<p>Per eliminar una impressora de Windows 10, segueix aquests passos:<\/p>\n<ol>\n<li>Localitza en la barra de tasques del teu sistema la icona de &#8220;<strong>Lupa<\/strong>&#8220;. S&#8217;adjunta una captura d&#8217;aquesta aplicaci\u00f3 en Windows 10 i 11:<span class=\"confluence-embedded-file-wrapper image-center-wrapper confluence-embedded-manual-size\"><br \/>\n<\/span><span class=\"confluence-embedded-file-wrapper image-center-wrapper confluence-embedded-manual-size\"><img loading=\"lazy\" class=\"size-full wp-image-215 aligncenter\" src=\"https:\/\/tickb.umh.es\/files\/2025\/03\/BarraBusqueda.jpeg\" alt=\"\" width=\"243\" height=\"46\" \/><\/span><\/li>\n<li>Farem clic en aquesta aplicaci\u00f3 i escriurem &#8220;Impressores i esc\u00e0ners&#8221;. Despr\u00e9s seleccionarem aquesta opci\u00f3 i premem &#8220;<strong>Obrir<\/strong>&#8220;.<img loading=\"lazy\" class=\"size-medium wp-image-218 aligncenter\" src=\"https:\/\/tickb.umh.es\/files\/2025\/03\/MenuImpresora-300x276.jpeg\" alt=\"\" width=\"300\" height=\"276\" srcset=\"https:\/\/tickb.umh.es\/files\/2025\/03\/MenuImpresora-300x276.jpeg 300w, https:\/\/tickb.umh.es\/files\/2025\/03\/MenuImpresora-768x706.jpeg 768w, https:\/\/tickb.umh.es\/files\/2025\/03\/MenuImpresora.jpeg 771w\" sizes=\"(max-width: 300px) 100vw, 300px\" \/><\/li>\n<li>De la llista de dispositius que ens mostra el sistema, seleccionarem la impressora que volem eliminar i premem &#8220;Eliminar dispositiu&#8221;. En sistemes amb Windows 11, haurem de pr\u00e9mer sobre el bot\u00f3 &#8220;<strong>Eliminar<\/strong>&#8220;.<img loading=\"lazy\" class=\"size-medium wp-image-221 aligncenter\" src=\"https:\/\/tickb.umh.es\/files\/2025\/03\/MenuImpresora2-300x151.jpeg\" alt=\"\" width=\"300\" height=\"151\" srcset=\"https:\/\/tickb.umh.es\/files\/2025\/03\/MenuImpresora2-300x151.jpeg 300w, https:\/\/tickb.umh.es\/files\/2025\/03\/MenuImpresora2-768x385.jpeg 768w, https:\/\/tickb.umh.es\/files\/2025\/03\/MenuImpresora2.jpeg 797w\" sizes=\"(max-width: 300px) 100vw, 300px\" \/><img loading=\"lazy\" class=\"size-medium wp-image-224 aligncenter\" src=\"https:\/\/tickb.umh.es\/files\/2025\/03\/MenuImpresora3-300x135.jpeg\" alt=\"\" width=\"300\" height=\"135\" srcset=\"https:\/\/tickb.umh.es\/files\/2025\/03\/MenuImpresora3-300x135.jpeg 300w, https:\/\/tickb.umh.es\/files\/2025\/03\/MenuImpresora3-768x345.jpeg 768w, https:\/\/tickb.umh.es\/files\/2025\/03\/MenuImpresora3.jpeg 797w\" sizes=\"(max-width: 300px) 100vw, 300px\" \/><\/li>\n<li>Se&#8217;t demanar\u00e0 confirmar l&#8217;eliminaci\u00f3 de la impressora. Fes clic en &#8220;S\u00ed&#8221; per confirmar.<\/li>\n<\/ol>\n<p>La impressora s&#8217;eliminar\u00e0 de la llista d&#8217;impressores instal\u00b7lades en el teu sistema. Si desitges tornar a instal\u00b7lar-la en el futur, haur\u00e0s de connectar-la de nou a l&#8217;equip i seguir els passos d&#8217;instal\u00b7laci\u00f3 corresponents.<\/p>\n<table style=\"background-color: #fffdf6; border: 2px solid #ffeaae; margin: 0px auto; height: 186px;\" width=\"627\">\n<tbody>\n<tr>\n<td style=\"text-align: left;\" width=\"566\"><span style=\"text-decoration: underline;\"><span style=\"color: #000000;\"><strong>Nota:<\/strong><\/span><\/span><\/p>\n<p>\u00c9s important tindre en compte que eliminar una impressora no desinstal\u00b7la el programari de la impressora ni elimina els controladors de la mateixa. Si vols eliminar completament la impressora del teu sistema, haur\u00e0s de desinstal\u00b7lar el programari des del men\u00fa &#8220;Afegir o eliminar programes&#8221;.<\/td>\n<\/tr>\n<\/tbody>\n<\/table>\n<p><\/p>","protected":false},"excerpt":{"rendered":"<p>En aquest article, et mostrarem com eliminar una impressora en Windows 10 de manera r\u00e0pida i senzilla.<br \/>\nPer eliminar una impressora de Windows 10, segueix aquests passos:<\/p>\n<p>Localitza en la barra de tasques del teu sistema la icona de &#8220;Lupa&#8220;. S&#8217;adjunta una captura d&#8217;aquesta aplicaci\u00f3 en Windows 10 i 11:<\/p>\n<p>Farem clic en aquesta aplicaci\u00f3 i escriurem &#8220;Impressores [&#8230;]<\/p>\n","protected":false},"author":88,"featured_media":0,"parent":74,"menu_order":11,"comment_status":"closed","ping_status":"closed","template":"","meta":{"_links_to":"","_links_to_target":""},"_links":{"self":[{"href":"https:\/\/tickb.umh.es\/ca\/wp-json\/wp\/v2\/pages\/86"}],"collection":[{"href":"https:\/\/tickb.umh.es\/ca\/wp-json\/wp\/v2\/pages"}],"about":[{"href":"https:\/\/tickb.umh.es\/ca\/wp-json\/wp\/v2\/types\/page"}],"author":[{"embeddable":true,"href":"https:\/\/tickb.umh.es\/ca\/wp-json\/wp\/v2\/users\/88"}],"replies":[{"embeddable":true,"href":"https:\/\/tickb.umh.es\/ca\/wp-json\/wp\/v2\/comments?post=86"}],"version-history":[{"count":0,"href":"https:\/\/tickb.umh.es\/ca\/wp-json\/wp\/v2\/pages\/86\/revisions"}],"up":[{"embeddable":true,"href":"https:\/\/tickb.umh.es\/ca\/wp-json\/wp\/v2\/pages\/74"}],"wp:attachment":[{"href":"https:\/\/tickb.umh.es\/ca\/wp-json\/wp\/v2\/media?parent=86"}],"curies":[{"name":"wp","href":"https:\/\/api.w.org\/{rel}","templated":true}]}}