{"id":860,"date":"2025-04-02T09:31:09","date_gmt":"2025-04-02T07:31:09","guid":{"rendered":"https:\/\/tickb.umh.es\/?page_id=860"},"modified":"2025-04-09T14:35:14","modified_gmt":"2025-04-09T12:35:14","slug":"como-instalar-cisco-jabber-en-sistemas-windows","status":"publish","type":"page","link":"https:\/\/tickb.umh.es\/ca\/comunicaciones\/telefonia-fija\/como-instalar-cisco-jabber-en-sistemas-windows\/","title":{"rendered":"Com Instal\u00b7lar Cisco Jabber en Sistemes Windows"},"content":{"rendered":"<p><strong>Cisco Jabber<\/strong> \u00e9s una eina de comunicaci\u00f3 integral que permet als usuaris enviar missatges instantanis, realitzar trucades de veu i v\u00eddeo. A continuaci\u00f3, et mostrem com instal\u00b7lar el programari de comunicaci\u00f3 Cisco Jabber en un sistema Windows.<\/p>\n<p>&nbsp;<\/p>\n<p><strong>Guia detallada<\/strong><\/p>\n<ol>\n<li>Hem de descarregar el programari <strong>Cisco Jabber per a Windows<\/strong> des de la desc\u00e0rrega de programari del nostre acc\u00e9s identificat:\u00a0<a href=\"https:\/\/universite.umh.es\/descargasoftware\/\">https:\/\/universite.umh.es\/descargasoftware\/<\/a>. En aquest cas, descarregarem la versi\u00f3 de Windows (la que no t\u00e9 MAC entre par\u00e8ntesis).<img loading=\"lazy\" class=\"size-medium wp-image-836 aligncenter\" src=\"https:\/\/tickb.umh.es\/files\/2025\/04\/JabberMac1-300x128.png\" alt=\"\" width=\"300\" height=\"128\" srcset=\"https:\/\/tickb.umh.es\/files\/2025\/04\/JabberMac1-300x128.png 300w, https:\/\/tickb.umh.es\/files\/2025\/04\/JabberMac1-1024x437.png 1024w, https:\/\/tickb.umh.es\/files\/2025\/04\/JabberMac1-768x327.png 768w, https:\/\/tickb.umh.es\/files\/2025\/04\/JabberMac1.png 1276w\" sizes=\"(max-width: 300px) 100vw, 300px\" \/><\/li>\n<li>Una vegada s&#8217;haja descarregat l&#8217;arxiu, l&#8217;executarem fent doble clic damunt o clic dret \u2192 <strong>Instal\u00b7lar<\/strong>.<\/li>\n<li>Seguirem l&#8217;assistent d&#8217;instal\u00b7laci\u00f3 del programa, per a aix\u00f2 realitzarem aquests passos:\n<ul>\n<li>Premem en &#8220;<strong>Acceptar i Instal\u00b7lar<\/strong>&#8220;.<img loading=\"lazy\" class=\"size-medium wp-image-863 aligncenter\" src=\"https:\/\/tickb.umh.es\/files\/2025\/04\/JabberWin1-300x192.png\" alt=\"\" width=\"300\" height=\"192\" srcset=\"https:\/\/tickb.umh.es\/files\/2025\/04\/JabberWin1-300x192.png 300w, https:\/\/tickb.umh.es\/files\/2025\/04\/JabberWin1.png 553w\" sizes=\"(max-width: 300px) 100vw, 300px\" \/><\/li>\n<li>Quan Windows demane perm\u00eds per a instal\u00b7lar el programa, farem clic en acceptar.<\/li>\n<li>Quan acabe la instal\u00b7laci\u00f3, farem clic en finalitzar.<\/li>\n<\/ul>\n<\/li>\n<li>Una vegada instal\u00b7lat el programa, l&#8217;executarem i veurem la seg\u00fcent finestra:<img loading=\"lazy\" class=\"size-medium wp-image-833 aligncenter\" src=\"https:\/\/tickb.umh.es\/files\/2025\/04\/JabberMac9-181x300.png\" alt=\"\" width=\"181\" height=\"300\" srcset=\"https:\/\/tickb.umh.es\/files\/2025\/04\/JabberMac9-181x300.png 181w, https:\/\/tickb.umh.es\/files\/2025\/04\/JabberMac9-619x1024.png 619w, https:\/\/tickb.umh.es\/files\/2025\/04\/JabberMac9-768x1271.png 768w, https:\/\/tickb.umh.es\/files\/2025\/04\/JabberMac9-928x1536.png 928w, https:\/\/tickb.umh.es\/files\/2025\/04\/JabberMac9.png 996w\" sizes=\"(max-width: 181px) 100vw, 181px\" \/>\n<ul>\n<li>Introduirem el nostre <strong>usuari<\/strong> i <strong>contrasenya<\/strong> i iniciarem sessi\u00f3.<\/li>\n<li>A partir d&#8217;ara, quan s&#8217;execute Jabber, s&#8217;iniciar\u00e0 sessi\u00f3 amb l&#8217;usuari i contrasenya que hem introdu\u00eft en el pas anterior.<\/li>\n<\/ul>\n<\/li>\n<\/ol>\n<p><\/p>","protected":false},"excerpt":{"rendered":"<p>Cisco Jabber \u00e9s una eina de comunicaci\u00f3 integral que permet als usuaris enviar missatges instantanis, realitzar trucades de veu i v\u00eddeo. A continuaci\u00f3, et mostrem com instal\u00b7lar el programari de comunicaci\u00f3 Cisco Jabber en un sistema Windows.<br \/>\n&nbsp;<br \/>\nGuia detallada<\/p>\n<p>Hem de descarregar el programari Cisco Jabber per a Windows des de la desc\u00e0rrega de programari del nostre [&#8230;]<\/p>\n","protected":false},"author":88,"featured_media":0,"parent":68,"menu_order":0,"comment_status":"closed","ping_status":"closed","template":"","meta":{"_links_to":"","_links_to_target":""},"_links":{"self":[{"href":"https:\/\/tickb.umh.es\/ca\/wp-json\/wp\/v2\/pages\/860"}],"collection":[{"href":"https:\/\/tickb.umh.es\/ca\/wp-json\/wp\/v2\/pages"}],"about":[{"href":"https:\/\/tickb.umh.es\/ca\/wp-json\/wp\/v2\/types\/page"}],"author":[{"embeddable":true,"href":"https:\/\/tickb.umh.es\/ca\/wp-json\/wp\/v2\/users\/88"}],"replies":[{"embeddable":true,"href":"https:\/\/tickb.umh.es\/ca\/wp-json\/wp\/v2\/comments?post=860"}],"version-history":[{"count":0,"href":"https:\/\/tickb.umh.es\/ca\/wp-json\/wp\/v2\/pages\/860\/revisions"}],"up":[{"embeddable":true,"href":"https:\/\/tickb.umh.es\/ca\/wp-json\/wp\/v2\/pages\/68"}],"wp:attachment":[{"href":"https:\/\/tickb.umh.es\/ca\/wp-json\/wp\/v2\/media?parent=860"}],"curies":[{"name":"wp","href":"https:\/\/api.w.org\/{rel}","templated":true}]}}