{"id":899,"date":"2025-04-02T11:35:58","date_gmt":"2025-04-02T09:35:58","guid":{"rendered":"https:\/\/tickb.umh.es\/?page_id=899"},"modified":"2025-04-02T11:46:48","modified_gmt":"2025-04-02T09:46:48","slug":"como-hacer-publica-nuestra-foto-de-perfil","status":"publish","type":"page","link":"https:\/\/tickb.umh.es\/ca\/gestion-de-identidades\/como-hacer-publica-nuestra-foto-de-perfil\/","title":{"rendered":"Com fer p\u00fablica la nostra foto de perfil"},"content":{"rendered":"<p>En aquest article, exposarem el proc\u00e9s per a fer p\u00fablica la nostra foto de perfil en la Universitat Miguel Hern\u00e1ndez (UMH). Tant el Personal T\u00e8cnic de Gesti\u00f3 i Administraci\u00f3 i Serveis (PTGAS) com el Personal Docent i Investigador (PDI) tenen l&#8217;opci\u00f3 d&#8217;indicar en el seu acc\u00e9s identificat si desitgen que la seua imatge siga visible o no, en els termes que va dictar la Delegada en Protecci\u00f3 de dades de la UMH en el seu informe jur\u00eddic.<\/p>\n<p>En marcar la imatge com a p\u00fablica, aquesta <strong>s&#8217;inclour\u00e0 en els resultats de cerca dins del portal de la universitat<\/strong>. \u00c9s important recordar que, en pujar una foto, s&#8217;atorga perm\u00eds a la UMH per a utilitzar-la amb la finalitat de verificar la identitat de l&#8217;usuari. En fer-ho, l&#8217;usuari afirma que la imatge correspon a la seua persona, no cont\u00e9 material ofensiu o il\u00b7legal i respecta els drets de tercers.<\/p>\n<p><strong>Guia detallada<\/strong><\/p>\n<ol>\n<li>El primer de tot \u00e9s accedir al nostre acc\u00e9s identificat de la Universitat, per a aix\u00f2 podem utilitzar el seg\u00fcent enlla\u00e7 a <a href=\"https:\/\/universite.umh.es\/inicio\/escritorio\/\">UniverSite<\/a>.<\/li>\n<li>En la part superior premem en la icona de la roda dentada.<img loading=\"lazy\" class=\"alignnone size-full wp-image-905\" src=\"https:\/\/tickb.umh.es\/files\/2025\/04\/OpcionesUniversite.png\" alt=\"\" width=\"25\" height=\"29\" \/><\/li>\n<li>Ara marquem l&#8217;opci\u00f3 &#8220;S\u00ed&#8221; en el men\u00fa desplegable.<img loading=\"lazy\" class=\"size-full wp-image-902 aligncenter\" src=\"https:\/\/tickb.umh.es\/files\/2025\/04\/FotoPublica.png\" alt=\"\" width=\"273\" height=\"277\" \/><\/li>\n<\/ol>\n<p>&nbsp;<\/p>\n<table style=\"background-color: #fffdf6; border: 2px solid #ffeaae; margin: 0px auto; height: 93px;\" width=\"627\">\n<tbody>\n<tr>\n<td style=\"text-align: left;\" width=\"566\">\n<p align=\"justify\"><strong>Nota<\/strong>\u00a0Hem de tindre en compte que una vegada seguint aquests passos i despr\u00e9s de realitzar el canvi, la imatge ser\u00e0 p\u00fablica passades 24 hores.<\/p>\n<\/td>\n<\/tr>\n<\/tbody>\n<\/table>\n<p>&nbsp;<\/p>","protected":false},"excerpt":{"rendered":"<p>En aquest article, exposarem el proc\u00e9s per a fer p\u00fablica la nostra foto de perfil en la Universitat Miguel Hern\u00e1ndez (UMH). Tant el Personal T\u00e8cnic de Gesti\u00f3 i Administraci\u00f3 i Serveis (PTGAS) com el Personal Docent i Investigador (PDI) tenen l&#8217;opci\u00f3 d&#8217;indicar en el seu acc\u00e9s identificat si desitgen que la seua imatge siga visible [&#8230;]<\/p>\n","protected":false},"author":88,"featured_media":0,"parent":41,"menu_order":12,"comment_status":"closed","ping_status":"closed","template":"","meta":{"_links_to":"","_links_to_target":""},"_links":{"self":[{"href":"https:\/\/tickb.umh.es\/ca\/wp-json\/wp\/v2\/pages\/899"}],"collection":[{"href":"https:\/\/tickb.umh.es\/ca\/wp-json\/wp\/v2\/pages"}],"about":[{"href":"https:\/\/tickb.umh.es\/ca\/wp-json\/wp\/v2\/types\/page"}],"author":[{"embeddable":true,"href":"https:\/\/tickb.umh.es\/ca\/wp-json\/wp\/v2\/users\/88"}],"replies":[{"embeddable":true,"href":"https:\/\/tickb.umh.es\/ca\/wp-json\/wp\/v2\/comments?post=899"}],"version-history":[{"count":0,"href":"https:\/\/tickb.umh.es\/ca\/wp-json\/wp\/v2\/pages\/899\/revisions"}],"up":[{"embeddable":true,"href":"https:\/\/tickb.umh.es\/ca\/wp-json\/wp\/v2\/pages\/41"}],"wp:attachment":[{"href":"https:\/\/tickb.umh.es\/ca\/wp-json\/wp\/v2\/media?parent=899"}],"curies":[{"name":"wp","href":"https:\/\/api.w.org\/{rel}","templated":true}]}}