{"id":908,"date":"2025-04-02T11:49:53","date_gmt":"2025-04-02T09:49:53","guid":{"rendered":"https:\/\/tickb.umh.es\/?page_id=908"},"modified":"2025-11-13T08:49:14","modified_gmt":"2025-11-13T07:49:14","slug":"como-solicitar-el-cambio-de-nuestra-foto-de-perfil","status":"publish","type":"page","link":"https:\/\/tickb.umh.es\/ca\/gestion-de-identidades\/como-solicitar-el-cambio-de-nuestra-foto-de-perfil\/","title":{"rendered":"Com sol\u00b7licitar el canvi de la nostra foto de perfil"},"content":{"rendered":"<p>En aquest article anem a con\u00e9ixer com podem sol\u00b7licitar el canvi de la nostra foto de perfil. Cal recalcar que aquesta sol\u00b7licitud pot tardar 48h a processar-se, per la qual cosa \u00e9s molt recomanable seguir els passos que s&#8217;indiquen en aquest article, ja que el canvi d&#8217;imatge s&#8217;actualitza immediatament: <a href=\"https:\/\/tickb.umh.es\/gestion-de-identidades\/como-cambiar-la-foto-de-perfil-mediante-la-umh-app\/\">Com canviar la foto de perfil mitjan\u00e7ant l&#8217;App UMH<\/a>.<\/p>\n<p>En pujar la foto, est\u00e0s autoritzant a la UMH a usar-la amb la finalitat de verificar la teua identitat, per la qual cosa declares que la imatge \u00e9s de la teua persona, no cont\u00e9 contingut ofensiu ni il\u00b7legal i no infringeix els drets de tercers.<\/p>\n<p><strong>Guia detallada<\/strong><\/p>\n<ol>\n<li>Accedim a la p\u00e0gina\u00a0https:\/\/cau.umh.es\u00a0i fem clic sobre &#8220;Petici\u00f3n Inform\u00e1tica&#8221;.<\/li>\n<li>Omplim tots els camps i adjuntem la nova foto.<\/li>\n<\/ol>\n<p><strong>Els requisits est\u00e0ndard de les fotos s\u00f3n els seg\u00fcents:<\/strong><\/p>\n<ul>\n<li>Fotografia de proporcions aproximades a 480\u00d7480 px amb proporci\u00f3 1:1.<\/li>\n<li>Format jpg, bmp, gif o png.<\/li>\n<\/ul>\n<p><strong>Consideracions generals sobre la fotografia:<\/strong><\/p>\n<ul>\n<li>Foto recent en color i amb fons uniforme.<\/li>\n<li>Foto presa de front amb el cap totalment descobert i sense ulleres de cristalls foscos o qualsevol altra pe\u00e7a que puga impedir o dificultar la identificaci\u00f3 de la persona.<\/li>\n<li>Nom\u00e9s s&#8217;admeten fotos de bona qualitat.<\/li>\n<\/ul>\n<p>Hem de tindre en compte aquestes recomanacions ja que, per exemple, en el cas dels estudiants, la foto \u00e9s una dada b\u00e0sica d&#8217;identificaci\u00f3 per al professor.<\/p>","protected":false},"excerpt":{"rendered":"<p>En aquest article anem a con\u00e9ixer com podem sol\u00b7licitar el canvi de la nostra foto de perfil. Cal recalcar que aquesta sol\u00b7licitud pot tardar 48h a processar-se, per la qual cosa \u00e9s molt recomanable seguir els passos que s&#8217;indiquen en aquest article, ja que el canvi d&#8217;imatge s&#8217;actualitza immediatament: Com canviar la foto de perfil [&#8230;]<\/p>\n","protected":false},"author":88,"featured_media":0,"parent":41,"menu_order":11,"comment_status":"closed","ping_status":"closed","template":"","meta":{"_links_to":"","_links_to_target":""},"_links":{"self":[{"href":"https:\/\/tickb.umh.es\/ca\/wp-json\/wp\/v2\/pages\/908"}],"collection":[{"href":"https:\/\/tickb.umh.es\/ca\/wp-json\/wp\/v2\/pages"}],"about":[{"href":"https:\/\/tickb.umh.es\/ca\/wp-json\/wp\/v2\/types\/page"}],"author":[{"embeddable":true,"href":"https:\/\/tickb.umh.es\/ca\/wp-json\/wp\/v2\/users\/88"}],"replies":[{"embeddable":true,"href":"https:\/\/tickb.umh.es\/ca\/wp-json\/wp\/v2\/comments?post=908"}],"version-history":[{"count":0,"href":"https:\/\/tickb.umh.es\/ca\/wp-json\/wp\/v2\/pages\/908\/revisions"}],"up":[{"embeddable":true,"href":"https:\/\/tickb.umh.es\/ca\/wp-json\/wp\/v2\/pages\/41"}],"wp:attachment":[{"href":"https:\/\/tickb.umh.es\/ca\/wp-json\/wp\/v2\/media?parent=908"}],"curies":[{"name":"wp","href":"https:\/\/api.w.org\/{rel}","templated":true}]}}