{"id":911,"date":"2025-04-02T11:56:54","date_gmt":"2025-04-02T09:56:54","guid":{"rendered":"https:\/\/tickb.umh.es\/?page_id=911"},"modified":"2025-04-02T12:03:03","modified_gmt":"2025-04-02T10:03:03","slug":"como-cambiar-tu-contrasena","status":"publish","type":"page","link":"https:\/\/tickb.umh.es\/ca\/gestion-de-identidades\/como-cambiar-tu-contrasena\/","title":{"rendered":"Com canviar la teua contrasenya"},"content":{"rendered":"<p>En aquest article t&#8217;expliquem com canviar la teua contrasenya d&#8217;acc\u00e9s.<\/p>\n<p><strong>Guia detallada<\/strong><\/p>\n<ol>\n<li>Per a canviar la teua contrasenya actual has d&#8217;accedir a l&#8217;aplicaci\u00f3 \u201c<strong>Canvi Contrasenya d&#8217;Acc\u00e9s<\/strong>\u201d del teu Acc\u00e9s Identificat.<img loading=\"lazy\" class=\"size-medium wp-image-914 aligncenter\" src=\"https:\/\/tickb.umh.es\/files\/2025\/04\/CambioContrasena1-300x60.png\" alt=\"\" width=\"300\" height=\"60\" srcset=\"https:\/\/tickb.umh.es\/files\/2025\/04\/CambioContrasena1-300x60.png 300w, https:\/\/tickb.umh.es\/files\/2025\/04\/CambioContrasena1.png 567w\" sizes=\"(max-width: 300px) 100vw, 300px\" \/><\/li>\n<li>Tamb\u00e9 podem fer-ho accedint a la seg\u00fcent adre\u00e7a:\u00a0<a href=\"https:\/\/autentica.umh.es\/adaspwd\/index.php?r=change\/index\">https:\/\/autentica.umh.es\/adaspwd\/index.php?r=change\/index<\/a>.<\/li>\n<\/ol>\n<p>Si no estem validats, primer ens sol\u00b7licitar\u00e0 les nostres credencials actuals. Si ja estem validats, veurem la seg\u00fcent pantalla, on hem d&#8217;introduir la nova contrasenya i repetir-la en la casella inferior per a confirmar, marcant la casella de verificaci\u00f3 d&#8217;informaci\u00f3 abans de pr\u00e9mer el bot\u00f3 &#8220;<strong>Guardar<\/strong>&#8220;.<img loading=\"lazy\" class=\"size-medium wp-image-917 aligncenter\" src=\"https:\/\/tickb.umh.es\/files\/2025\/04\/CambioContrasena2-300x138.png\" alt=\"\" width=\"300\" height=\"138\" srcset=\"https:\/\/tickb.umh.es\/files\/2025\/04\/CambioContrasena2-300x138.png 300w, https:\/\/tickb.umh.es\/files\/2025\/04\/CambioContrasena2-768x353.png 768w, https:\/\/tickb.umh.es\/files\/2025\/04\/CambioContrasena2.png 827w\" sizes=\"(max-width: 300px) 100vw, 300px\" \/><\/p>\n<p>Finalment, ens apareixer\u00e0 una pantalla indicant que la contrasenya s&#8217;ha canviat amb \u00e8xit.<img loading=\"lazy\" class=\"size-medium wp-image-920 aligncenter\" src=\"https:\/\/tickb.umh.es\/files\/2025\/04\/CambioContrasena3-300x52.png\" alt=\"\" width=\"300\" height=\"52\" srcset=\"https:\/\/tickb.umh.es\/files\/2025\/04\/CambioContrasena3-300x52.png 300w, https:\/\/tickb.umh.es\/files\/2025\/04\/CambioContrasena3-1024x179.png 1024w, https:\/\/tickb.umh.es\/files\/2025\/04\/CambioContrasena3-768x134.png 768w, https:\/\/tickb.umh.es\/files\/2025\/04\/CambioContrasena3.png 1255w\" sizes=\"(max-width: 300px) 100vw, 300px\" \/><\/p>\n<p>Tingues en compte que des del Servei CAU els t\u00e8cnics NO tenen acc\u00e9s a les contrasenyes dels usuaris, que estan encriptades en el sistema, i tampoc poden emmagatzemar una contrasenya que comuniques per tel\u00e8fon o correu. Nom\u00e9s podr\u00e0s recuperar o canviar la contrasenya a trav\u00e9s de la web.<\/p>\n<p>Recorda que una vegada que canvies la teua contrasenya d&#8217;acc\u00e9s, haur\u00e0s de canviar-la en tots els Serveis de la UMH que requerisquen autenticaci\u00f3 com a correu electr\u00f2nic en web i\/o en m\u00f2bil, wifi, acc\u00e9s identificat, etc.<\/p>","protected":false},"excerpt":{"rendered":"<p>En aquest article t&#8217;expliquem com canviar la teua contrasenya d&#8217;acc\u00e9s.<br \/>\nGuia detallada<\/p>\n<p>Per a canviar la teua contrasenya actual has d&#8217;accedir a l&#8217;aplicaci\u00f3 \u201cCanvi Contrasenya d&#8217;Acc\u00e9s\u201d del teu Acc\u00e9s Identificat.<br \/>\nTamb\u00e9 podem fer-ho accedint a la seg\u00fcent adre\u00e7a:\u00a0https:\/\/autentica.umh.es\/adaspwd\/index.php?r=change\/index.<\/p>\n<p>Si no estem validats, primer ens sol\u00b7licitar\u00e0 les nostres credencials actuals. Si ja estem validats, veurem la seg\u00fcent pantalla, on hem [&#8230;]<\/p>\n","protected":false},"author":88,"featured_media":0,"parent":41,"menu_order":13,"comment_status":"closed","ping_status":"closed","template":"","meta":{"_links_to":"","_links_to_target":""},"_links":{"self":[{"href":"https:\/\/tickb.umh.es\/ca\/wp-json\/wp\/v2\/pages\/911"}],"collection":[{"href":"https:\/\/tickb.umh.es\/ca\/wp-json\/wp\/v2\/pages"}],"about":[{"href":"https:\/\/tickb.umh.es\/ca\/wp-json\/wp\/v2\/types\/page"}],"author":[{"embeddable":true,"href":"https:\/\/tickb.umh.es\/ca\/wp-json\/wp\/v2\/users\/88"}],"replies":[{"embeddable":true,"href":"https:\/\/tickb.umh.es\/ca\/wp-json\/wp\/v2\/comments?post=911"}],"version-history":[{"count":0,"href":"https:\/\/tickb.umh.es\/ca\/wp-json\/wp\/v2\/pages\/911\/revisions"}],"up":[{"embeddable":true,"href":"https:\/\/tickb.umh.es\/ca\/wp-json\/wp\/v2\/pages\/41"}],"wp:attachment":[{"href":"https:\/\/tickb.umh.es\/ca\/wp-json\/wp\/v2\/media?parent=911"}],"curies":[{"name":"wp","href":"https:\/\/api.w.org\/{rel}","templated":true}]}}