{"id":923,"date":"2025-04-02T13:01:53","date_gmt":"2025-04-02T11:01:53","guid":{"rendered":"https:\/\/tickb.umh.es\/?page_id=923"},"modified":"2025-04-02T13:10:04","modified_gmt":"2025-04-02T11:10:04","slug":"como-instalar-en-tu-dispositivo-movil-android-la-umh-app","status":"publish","type":"page","link":"https:\/\/tickb.umh.es\/ca\/publicacion-web\/como-instalar-en-tu-dispositivo-movil-android-la-umh-app\/","title":{"rendered":"Com instal\u00b7lar en el teu dispositiu m\u00f2bil Android l&#8217;App UMH"},"content":{"rendered":"<p>En aquest article s&#8217;explica com descarregar l&#8217;aplicaci\u00f3 &#8220;UMH App&#8221;.<\/p>\n<p>La UMH disposa d&#8217;una aplicaci\u00f3 que ens permet accedir a informaci\u00f3 d&#8217;inter\u00e9s general sobre la Universitat. A continuaci\u00f3, descrivim el proc\u00e9s de desc\u00e0rrega i instal\u00b7laci\u00f3 en un terminal Android:<\/p>\n<p><strong>Guia detallada<\/strong><\/p>\n<ol>\n<li>Accedim a la <strong>Play Store<\/strong>.<img loading=\"lazy\" class=\"aligncenter wp-image-926 size-thumbnail\" src=\"https:\/\/tickb.umh.es\/files\/2025\/04\/AndroidAPP1-150x150.png\" alt=\"\" width=\"150\" height=\"150\" \/><\/li>\n<li>Premem en <strong>Buscar<\/strong>.<img loading=\"lazy\" class=\"size-full wp-image-929 aligncenter\" src=\"https:\/\/tickb.umh.es\/files\/2025\/04\/AndroidAPP2.png\" alt=\"\" width=\"270\" height=\"59\" \/><\/li>\n<li>Escrivim &#8220;UMH app&#8221; en el cercador i premem en <strong>Instal\u00b7lar<\/strong>.<img loading=\"lazy\" class=\"size-medium wp-image-932 aligncenter\" src=\"https:\/\/tickb.umh.es\/files\/2025\/04\/AndroidAPP3-207x300.png\" alt=\"\" width=\"207\" height=\"300\" srcset=\"https:\/\/tickb.umh.es\/files\/2025\/04\/AndroidAPP3-207x300.png 207w, https:\/\/tickb.umh.es\/files\/2025\/04\/AndroidAPP3.png 216w\" sizes=\"(max-width: 207px) 100vw, 207px\" \/><\/li>\n<li>Una vegada dins de l&#8217;aplicaci\u00f3, podem veure informaci\u00f3 molt \u00fatil com, per exemple, el <strong>codi de doble factor<\/strong>.<img loading=\"lazy\" class=\"size-medium wp-image-935 aligncenter\" src=\"https:\/\/tickb.umh.es\/files\/2025\/04\/AndroidAPP4-146x300.jpg\" alt=\"\" width=\"146\" height=\"300\" srcset=\"https:\/\/tickb.umh.es\/files\/2025\/04\/AndroidAPP4-146x300.jpg 146w, https:\/\/tickb.umh.es\/files\/2025\/04\/AndroidAPP4-498x1024.jpg 498w, https:\/\/tickb.umh.es\/files\/2025\/04\/AndroidAPP4-768x1580.jpg 768w, https:\/\/tickb.umh.es\/files\/2025\/04\/AndroidAPP4-747x1536.jpg 747w, https:\/\/tickb.umh.es\/files\/2025\/04\/AndroidAPP4-995x2048.jpg 995w, https:\/\/tickb.umh.es\/files\/2025\/04\/AndroidAPP4.jpg 1080w\" sizes=\"(max-width: 146px) 100vw, 146px\" \/><\/li>\n<\/ol>\n<p><\/p>","protected":false},"excerpt":{"rendered":"<p>En aquest article s&#8217;explica com descarregar l&#8217;aplicaci\u00f3 &#8220;UMH App&#8221;.<br \/>\nLa UMH disposa d&#8217;una aplicaci\u00f3 que ens permet accedir a informaci\u00f3 d&#8217;inter\u00e9s general sobre la Universitat. A continuaci\u00f3, descrivim el proc\u00e9s de desc\u00e0rrega i instal\u00b7laci\u00f3 en un terminal Android:<br \/>\nGuia detallada<\/p>\n<p>Accedim a la Play Store.<br \/>\nPremem en Buscar.<br \/>\nEscrivim &#8220;UMH app&#8221; en el cercador i premem en Instal\u00b7lar.<br \/>\nUna vegada dins [&#8230;]<\/p>\n","protected":false},"author":88,"featured_media":0,"parent":44,"menu_order":0,"comment_status":"closed","ping_status":"closed","template":"","meta":{"_links_to":"","_links_to_target":""},"_links":{"self":[{"href":"https:\/\/tickb.umh.es\/ca\/wp-json\/wp\/v2\/pages\/923"}],"collection":[{"href":"https:\/\/tickb.umh.es\/ca\/wp-json\/wp\/v2\/pages"}],"about":[{"href":"https:\/\/tickb.umh.es\/ca\/wp-json\/wp\/v2\/types\/page"}],"author":[{"embeddable":true,"href":"https:\/\/tickb.umh.es\/ca\/wp-json\/wp\/v2\/users\/88"}],"replies":[{"embeddable":true,"href":"https:\/\/tickb.umh.es\/ca\/wp-json\/wp\/v2\/comments?post=923"}],"version-history":[{"count":0,"href":"https:\/\/tickb.umh.es\/ca\/wp-json\/wp\/v2\/pages\/923\/revisions"}],"up":[{"embeddable":true,"href":"https:\/\/tickb.umh.es\/ca\/wp-json\/wp\/v2\/pages\/44"}],"wp:attachment":[{"href":"https:\/\/tickb.umh.es\/ca\/wp-json\/wp\/v2\/media?parent=923"}],"curies":[{"name":"wp","href":"https:\/\/api.w.org\/{rel}","templated":true}]}}