{"id":938,"date":"2025-04-02T13:11:01","date_gmt":"2025-04-02T11:11:01","guid":{"rendered":"https:\/\/tickb.umh.es\/?page_id=938"},"modified":"2025-04-02T13:19:12","modified_gmt":"2025-04-02T11:19:12","slug":"como-instalar-en-tu-dispositivo-movil-ios-la-umh-app","status":"publish","type":"page","link":"https:\/\/tickb.umh.es\/ca\/publicacion-web\/como-instalar-en-tu-dispositivo-movil-ios-la-umh-app\/","title":{"rendered":"Com instal\u00b7lar en el teu dispositiu m\u00f2bil iOS l&#8217;App UMH"},"content":{"rendered":"<p>En aquest article s&#8217;explica com descarregar l&#8217;aplicaci\u00f3 &#8220;UMH App&#8221;.<\/p>\n<p>La UMH disposa d&#8217;una aplicaci\u00f3 que ens permet accedir a informaci\u00f3 d&#8217;inter\u00e9s general sobre la Universitat. A continuaci\u00f3, descrivim el proc\u00e9s de desc\u00e0rrega i instal\u00b7laci\u00f3 en un terminal iOS:<\/p>\n<p><strong>Guia detallada<\/strong><\/p>\n<ol>\n<li>Accedim a l&#8217;<strong>App Store<\/strong>.<img loading=\"lazy\" class=\"size-medium wp-image-941 aligncenter\" src=\"https:\/\/tickb.umh.es\/files\/2025\/04\/iosAPP1-300x123.jpg\" alt=\"\" width=\"300\" height=\"123\" srcset=\"https:\/\/tickb.umh.es\/files\/2025\/04\/iosAPP1-300x123.jpg 300w, https:\/\/tickb.umh.es\/files\/2025\/04\/iosAPP1-1024x418.jpg 1024w, https:\/\/tickb.umh.es\/files\/2025\/04\/iosAPP1-768x314.jpg 768w, https:\/\/tickb.umh.es\/files\/2025\/04\/iosAPP1.jpg 1143w\" sizes=\"(max-width: 300px) 100vw, 300px\" \/><\/li>\n<li>Premem en <strong>Buscar<\/strong>.<img loading=\"lazy\" class=\"size-medium wp-image-944 aligncenter\" src=\"https:\/\/tickb.umh.es\/files\/2025\/04\/iosAPP2-300x63.jpg\" alt=\"\" width=\"300\" height=\"63\" srcset=\"https:\/\/tickb.umh.es\/files\/2025\/04\/iosAPP2-300x63.jpg 300w, https:\/\/tickb.umh.es\/files\/2025\/04\/iosAPP2-1024x216.jpg 1024w, https:\/\/tickb.umh.es\/files\/2025\/04\/iosAPP2-768x162.jpg 768w, https:\/\/tickb.umh.es\/files\/2025\/04\/iosAPP2.jpg 1179w\" sizes=\"(max-width: 300px) 100vw, 300px\" \/><img loading=\"lazy\" class=\"size-medium wp-image-947 aligncenter\" src=\"https:\/\/tickb.umh.es\/files\/2025\/04\/iosAPP3-300x102.jpg\" alt=\"\" width=\"300\" height=\"102\" srcset=\"https:\/\/tickb.umh.es\/files\/2025\/04\/iosAPP3-300x102.jpg 300w, https:\/\/tickb.umh.es\/files\/2025\/04\/iosAPP3-768x262.jpg 768w, https:\/\/tickb.umh.es\/files\/2025\/04\/iosAPP3.jpg 997w\" sizes=\"(max-width: 300px) 100vw, 300px\" \/><\/li>\n<li>Escrivim &#8220;UMH app&#8221; en el cercador i premem en <strong>Instal\u00b7lar<\/strong>.<img loading=\"lazy\" class=\"size-medium wp-image-950 aligncenter\" src=\"https:\/\/tickb.umh.es\/files\/2025\/04\/iosAPP4-300x150.jpg\" alt=\"\" width=\"300\" height=\"150\" srcset=\"https:\/\/tickb.umh.es\/files\/2025\/04\/iosAPP4-300x150.jpg 300w, https:\/\/tickb.umh.es\/files\/2025\/04\/iosAPP4-1024x511.jpg 1024w, https:\/\/tickb.umh.es\/files\/2025\/04\/iosAPP4-768x383.jpg 768w, https:\/\/tickb.umh.es\/files\/2025\/04\/iosAPP4.jpg 1179w\" sizes=\"(max-width: 300px) 100vw, 300px\" \/><\/li>\n<li>Una vegada dins de l&#8217;aplicaci\u00f3, podem veure informaci\u00f3 molt \u00fatil com, per exemple, el <strong>codi de doble factor<\/strong>.<img loading=\"lazy\" class=\"size-medium wp-image-953 aligncenter\" src=\"https:\/\/tickb.umh.es\/files\/2025\/04\/iosAPP5-138x300.png\" alt=\"\" width=\"138\" height=\"300\" srcset=\"https:\/\/tickb.umh.es\/files\/2025\/04\/iosAPP5-138x300.png 138w, https:\/\/tickb.umh.es\/files\/2025\/04\/iosAPP5-472x1024.png 472w, https:\/\/tickb.umh.es\/files\/2025\/04\/iosAPP5-768x1665.png 768w, https:\/\/tickb.umh.es\/files\/2025\/04\/iosAPP5-709x1536.png 709w, https:\/\/tickb.umh.es\/files\/2025\/04\/iosAPP5-945x2048.png 945w, https:\/\/tickb.umh.es\/files\/2025\/04\/iosAPP5.png 1179w\" sizes=\"(max-width: 138px) 100vw, 138px\" \/><\/li>\n<\/ol>\n<p><\/p>","protected":false},"excerpt":{"rendered":"<p>En aquest article s&#8217;explica com descarregar l&#8217;aplicaci\u00f3 &#8220;UMH App&#8221;.<br \/>\nLa UMH disposa d&#8217;una aplicaci\u00f3 que ens permet accedir a informaci\u00f3 d&#8217;inter\u00e9s general sobre la Universitat. A continuaci\u00f3, descrivim el proc\u00e9s de desc\u00e0rrega i instal\u00b7laci\u00f3 en un terminal iOS:<br \/>\nGuia detallada<\/p>\n<p>Accedim a l&#8217;App Store.<br \/>\nPremem en Buscar.<br \/>\nEscrivim &#8220;UMH app&#8221; en el cercador i premem en Instal\u00b7lar.<br \/>\nUna vegada dins de [&#8230;]<\/p>\n","protected":false},"author":88,"featured_media":0,"parent":44,"menu_order":0,"comment_status":"closed","ping_status":"closed","template":"","meta":{"_links_to":"","_links_to_target":""},"_links":{"self":[{"href":"https:\/\/tickb.umh.es\/ca\/wp-json\/wp\/v2\/pages\/938"}],"collection":[{"href":"https:\/\/tickb.umh.es\/ca\/wp-json\/wp\/v2\/pages"}],"about":[{"href":"https:\/\/tickb.umh.es\/ca\/wp-json\/wp\/v2\/types\/page"}],"author":[{"embeddable":true,"href":"https:\/\/tickb.umh.es\/ca\/wp-json\/wp\/v2\/users\/88"}],"replies":[{"embeddable":true,"href":"https:\/\/tickb.umh.es\/ca\/wp-json\/wp\/v2\/comments?post=938"}],"version-history":[{"count":0,"href":"https:\/\/tickb.umh.es\/ca\/wp-json\/wp\/v2\/pages\/938\/revisions"}],"up":[{"embeddable":true,"href":"https:\/\/tickb.umh.es\/ca\/wp-json\/wp\/v2\/pages\/44"}],"wp:attachment":[{"href":"https:\/\/tickb.umh.es\/ca\/wp-json\/wp\/v2\/media?parent=938"}],"curies":[{"name":"wp","href":"https:\/\/api.w.org\/{rel}","templated":true}]}}