{"id":956,"date":"2025-04-02T13:24:28","date_gmt":"2025-04-02T11:24:28","guid":{"rendered":"https:\/\/tickb.umh.es\/?page_id=956"},"modified":"2025-04-02T13:46:30","modified_gmt":"2025-04-02T11:46:30","slug":"como-recuperar-tu-contrasena-de-acceso","status":"publish","type":"page","link":"https:\/\/tickb.umh.es\/ca\/gestion-de-identidades\/como-recuperar-tu-contrasena-de-acceso\/","title":{"rendered":"Com recuperar la teua contrasenya d&#8217;acc\u00e9s"},"content":{"rendered":"<p>En aquest article t&#8217;expliquem com recuperar la teua contrasenya en cas d&#8217;oblit o p\u00e8rdua.<\/p>\n<p><strong>Guia detallada<\/strong><\/p>\n<ol>\n<li>Per a recuperar la teua contrasenya pots fer-ho a trav\u00e9s de l&#8217;enlla\u00e7 \u201c<strong>\u00bfHa olvidado su contrase\u00f1a?<\/strong>\u201d en la web de Servei d&#8217;Autenticaci\u00f3 Centralitzada de la UMH (<a href=\"https:\/\/universite.umh.es\">https:\/\/universite.umh.es<\/a>).<img loading=\"lazy\" class=\"size-full wp-image-959 aligncenter\" src=\"https:\/\/tickb.umh.es\/files\/2025\/04\/RecuperarPass1.png\" alt=\"\" width=\"174\" height=\"265\" \/><\/li>\n<li>Tingues en compte que, per a poder utilitzar l&#8217;opci\u00f3 \u201c<strong>\u00bfHa olvidado su contrase\u00f1a?<\/strong>\u201d has de proporcionar pr\u00e8viament un correu o un m\u00f2bil, perqu\u00e8 el sistema puga enviar-te-la quan la desitges recuperar.<img loading=\"lazy\" class=\"size-medium wp-image-962 aligncenter\" src=\"https:\/\/tickb.umh.es\/files\/2025\/04\/RecuperarPass2-300x251.png\" alt=\"\" width=\"300\" height=\"251\" srcset=\"https:\/\/tickb.umh.es\/files\/2025\/04\/RecuperarPass2-300x251.png 300w, https:\/\/tickb.umh.es\/files\/2025\/04\/RecuperarPass2.png 566w\" sizes=\"(max-width: 300px) 100vw, 300px\" \/> Pots fer aix\u00f2 a trav\u00e9s de l&#8217;aplicaci\u00f3 \u201c<strong>Dades de recuperaci\u00f3 de contrasenya<\/strong>\u201d del teu Acc\u00e9s Identificat.<\/li>\n<li>Rebr\u00e0s un correu o un SMS amb un codi de verificaci\u00f3 perqu\u00e8 el sistema guarde aquest correu o m\u00f2bil de recuperaci\u00f3 de contrasenya.<\/li>\n<\/ol>\n<p>Tingues en compte que des del Servei CAU els t\u00e8cnics NO tenen acc\u00e9s a les contrasenyes dels usuaris, que estan encriptades en el sistema, i tampoc poden emmagatzemar una contrasenya que comuniques per tel\u00e8fon o correu. Nom\u00e9s podr\u00e0s recuperar o canviar la contrasenya a trav\u00e9s de la web.<\/p>\n<p>Recorda que una vegada que canvies la teua contrasenya d&#8217;acc\u00e9s, haur\u00e0s de canviar-la en tots els Serveis de la UMH que requerisquen autenticaci\u00f3 com a correu electr\u00f2nic en web i\/o en m\u00f2bil, wifi, acc\u00e9s identificat, etc.<\/p>\n<p>Tamb\u00e9 disposes de l&#8217;aplicaci\u00f3 &#8220;<strong>Lince<\/strong>&#8220;. Amb aquesta aplicaci\u00f3 podem obtindre una contrasenya temporal d&#8217;un \u00fanic \u00fas i que haur\u00e0s de canviar quan ens validem. A aquesta aplicaci\u00f3 pots accedir en l&#8217;adre\u00e7a\u00a0<a href=\"https:\/\/universite.umh.es\/lince\">https:\/\/universite.umh.es\/lince<\/a>.<img loading=\"lazy\" class=\"size-large wp-image-965 aligncenter\" src=\"https:\/\/tickb.umh.es\/files\/2025\/04\/RecuperarPass3-1024x563.png\" alt=\"\" width=\"1024\" height=\"563\" srcset=\"https:\/\/tickb.umh.es\/files\/2025\/04\/RecuperarPass3-1024x563.png 1024w, https:\/\/tickb.umh.es\/files\/2025\/04\/RecuperarPass3-300x165.png 300w, https:\/\/tickb.umh.es\/files\/2025\/04\/RecuperarPass3-768x422.png 768w, https:\/\/tickb.umh.es\/files\/2025\/04\/RecuperarPass3.png 1279w\" sizes=\"(max-width: 1024px) 100vw, 1024px\" \/><\/p>\n<p>Pots introduir per a identificar-te el teu DNI \/ NIE, Passaport o el teu Nom d&#8217;usuari UMH. A continuaci\u00f3, podr\u00e0s seleccionar on vols rebre el codi de validaci\u00f3 d&#8217;usuari.<img loading=\"lazy\" class=\"size-large wp-image-968 aligncenter\" src=\"https:\/\/tickb.umh.es\/files\/2025\/04\/RecuperarPass4-1024x234.png\" alt=\"\" width=\"1024\" height=\"234\" srcset=\"https:\/\/tickb.umh.es\/files\/2025\/04\/RecuperarPass4-1024x234.png 1024w, https:\/\/tickb.umh.es\/files\/2025\/04\/RecuperarPass4-300x69.png 300w, https:\/\/tickb.umh.es\/files\/2025\/04\/RecuperarPass4-768x176.png 768w, https:\/\/tickb.umh.es\/files\/2025\/04\/RecuperarPass4.png 1272w\" sizes=\"(max-width: 1024px) 100vw, 1024px\" \/><\/p>\n<p>En el seg\u00fcent pas introdu\u00efm el codi rebut.<img loading=\"lazy\" class=\"size-large wp-image-971 aligncenter\" src=\"https:\/\/tickb.umh.es\/files\/2025\/04\/RecuperarPass5-1024x171.png\" alt=\"\" width=\"1024\" height=\"171\" srcset=\"https:\/\/tickb.umh.es\/files\/2025\/04\/RecuperarPass5-1024x171.png 1024w, https:\/\/tickb.umh.es\/files\/2025\/04\/RecuperarPass5-300x50.png 300w, https:\/\/tickb.umh.es\/files\/2025\/04\/RecuperarPass5-768x128.png 768w, https:\/\/tickb.umh.es\/files\/2025\/04\/RecuperarPass5.png 1279w\" sizes=\"(max-width: 1024px) 100vw, 1024px\" \/><\/p>\n<p>I a continuaci\u00f3 obtenim la nova contrasenya temporal.<\/p>\n<p>Com d\u00e8iem anteriorment, aquesta contrasenya \u00e9s d&#8217;un \u00fanic \u00fas i el sistema ens obligar\u00e0 a introduir una contrasenya nova en validar-nos en el nostre acc\u00e9s identificat.<img loading=\"lazy\" class=\"size-large wp-image-974 aligncenter\" src=\"https:\/\/tickb.umh.es\/files\/2025\/04\/RecuperarPass6-1024x211.png\" alt=\"\" width=\"1024\" height=\"211\" srcset=\"https:\/\/tickb.umh.es\/files\/2025\/04\/RecuperarPass6-1024x211.png 1024w, https:\/\/tickb.umh.es\/files\/2025\/04\/RecuperarPass6-300x62.png 300w, https:\/\/tickb.umh.es\/files\/2025\/04\/RecuperarPass6-768x158.png 768w, https:\/\/tickb.umh.es\/files\/2025\/04\/RecuperarPass6.png 1274w\" sizes=\"(max-width: 1024px) 100vw, 1024px\" \/><\/p>","protected":false},"excerpt":{"rendered":"<p>En aquest article t&#8217;expliquem com recuperar la teua contrasenya en cas d&#8217;oblit o p\u00e8rdua.<br \/>\nGuia detallada<\/p>\n<p>Per a recuperar la teua contrasenya pots fer-ho a trav\u00e9s de l&#8217;enlla\u00e7 \u201c\u00bfHa olvidado su contrase\u00f1a?\u201d en la web de Servei d&#8217;Autenticaci\u00f3 Centralitzada de la UMH (https:\/\/universite.umh.es).<br \/>\nTingues en compte que, per a poder utilitzar l&#8217;opci\u00f3 \u201c\u00bfHa olvidado su contrase\u00f1a?\u201d has de [&#8230;]<\/p>\n","protected":false},"author":88,"featured_media":0,"parent":41,"menu_order":0,"comment_status":"closed","ping_status":"closed","template":"","meta":{"_links_to":"","_links_to_target":""},"_links":{"self":[{"href":"https:\/\/tickb.umh.es\/ca\/wp-json\/wp\/v2\/pages\/956"}],"collection":[{"href":"https:\/\/tickb.umh.es\/ca\/wp-json\/wp\/v2\/pages"}],"about":[{"href":"https:\/\/tickb.umh.es\/ca\/wp-json\/wp\/v2\/types\/page"}],"author":[{"embeddable":true,"href":"https:\/\/tickb.umh.es\/ca\/wp-json\/wp\/v2\/users\/88"}],"replies":[{"embeddable":true,"href":"https:\/\/tickb.umh.es\/ca\/wp-json\/wp\/v2\/comments?post=956"}],"version-history":[{"count":0,"href":"https:\/\/tickb.umh.es\/ca\/wp-json\/wp\/v2\/pages\/956\/revisions"}],"up":[{"embeddable":true,"href":"https:\/\/tickb.umh.es\/ca\/wp-json\/wp\/v2\/pages\/41"}],"wp:attachment":[{"href":"https:\/\/tickb.umh.es\/ca\/wp-json\/wp\/v2\/media?parent=956"}],"curies":[{"name":"wp","href":"https:\/\/api.w.org\/{rel}","templated":true}]}}