{"id":980,"date":"2025-04-02T14:10:39","date_gmt":"2025-04-02T12:10:39","guid":{"rendered":"https:\/\/tickb.umh.es\/?page_id=980"},"modified":"2025-04-02T14:28:39","modified_gmt":"2025-04-02T12:28:39","slug":"como-obtener-url-del-calendario-de-nuestro-curso-academico","status":"publish","type":"page","link":"https:\/\/tickb.umh.es\/ca\/correo-y-colaboracion\/como-obtener-url-del-calendario-de-nuestro-curso-academico\/","title":{"rendered":"Com obtindre la URL del calendari del nostre curs acad\u00e8mic"},"content":{"rendered":"<p>Obtenir URL per subscriure&#8217;ns des de Google Calendar o Calendari d&#8217;iOS i portar el nostre calendari al m\u00f2bil o al calendari del nostre ordinador<\/p>\n<p><strong>Guia detallada<\/strong><\/p>\n<p><strong>Obtenir la nostra URL del calendari<\/strong><\/p>\n<ol>\n<li>Accedim al nostre acc\u00e9s identificat\u00a0<a href=\"https:\/\/universite.umh.es\/\">https:\/\/universite.umh.es\/<\/a>\u00a0amb el nostre nom <strong>d&#8217;usuari<\/strong> i <strong>contrasenya<\/strong> de la UMH i iniciem sessi\u00f3.<img loading=\"lazy\" class=\"size-medium wp-image-1019 aligncenter\" src=\"https:\/\/tickb.umh.es\/files\/2025\/04\/urlCal1-300x248.png\" alt=\"\" width=\"300\" height=\"248\" srcset=\"https:\/\/tickb.umh.es\/files\/2025\/04\/urlCal1-300x248.png 300w, https:\/\/tickb.umh.es\/files\/2025\/04\/urlCal1-1024x848.png 1024w, https:\/\/tickb.umh.es\/files\/2025\/04\/urlCal1-768x636.png 768w, https:\/\/tickb.umh.es\/files\/2025\/04\/urlCal1-1536x1272.png 1536w, https:\/\/tickb.umh.es\/files\/2025\/04\/urlCal1-2048x1695.png 2048w\" sizes=\"(max-width: 300px) 100vw, 300px\" \/><\/li>\n<li>Fem clic a <strong>Campus Moodle<\/strong>.<img loading=\"lazy\" class=\"size-medium wp-image-1022 aligncenter\" src=\"https:\/\/tickb.umh.es\/files\/2025\/04\/urlCal2-300x248.png\" alt=\"\" width=\"300\" height=\"248\" srcset=\"https:\/\/tickb.umh.es\/files\/2025\/04\/urlCal2-300x248.png 300w, https:\/\/tickb.umh.es\/files\/2025\/04\/urlCal2-1024x846.png 1024w, https:\/\/tickb.umh.es\/files\/2025\/04\/urlCal2-768x634.png 768w, https:\/\/tickb.umh.es\/files\/2025\/04\/urlCal2-1536x1269.png 1536w, https:\/\/tickb.umh.es\/files\/2025\/04\/urlCal2-2048x1692.png 2048w\" sizes=\"(max-width: 300px) 100vw, 300px\" \/><\/li>\n<li>Ara fem clic a la part superior dreta on posa &#8220;<strong>Accedir<\/strong>&#8221; per iniciar sessi\u00f3 al Campus Moodle.<img loading=\"lazy\" class=\"size-medium wp-image-1025 aligncenter\" src=\"https:\/\/tickb.umh.es\/files\/2025\/04\/urlCal3-300x247.png\" alt=\"\" width=\"300\" height=\"247\" srcset=\"https:\/\/tickb.umh.es\/files\/2025\/04\/urlCal3-300x247.png 300w, https:\/\/tickb.umh.es\/files\/2025\/04\/urlCal3-1024x845.png 1024w, https:\/\/tickb.umh.es\/files\/2025\/04\/urlCal3-768x634.png 768w, https:\/\/tickb.umh.es\/files\/2025\/04\/urlCal3-1536x1267.png 1536w, https:\/\/tickb.umh.es\/files\/2025\/04\/urlCal3-2048x1689.png 2048w\" sizes=\"(max-width: 300px) 100vw, 300px\" \/><\/li>\n<li>Ara fem clic a la <strong>part superior esquerra<\/strong> on es troben les <strong>tres barres horitzontals<\/strong> per desplegar el men\u00fa esquerre i despr\u00e9s a &#8220;<strong>Calendari<\/strong>&#8220;.<img loading=\"lazy\" class=\"size-medium wp-image-1028 aligncenter\" src=\"https:\/\/tickb.umh.es\/files\/2025\/04\/urlCal4-300x245.png\" alt=\"\" width=\"300\" height=\"245\" srcset=\"https:\/\/tickb.umh.es\/files\/2025\/04\/urlCal4-300x245.png 300w, https:\/\/tickb.umh.es\/files\/2025\/04\/urlCal4-1024x835.png 1024w, https:\/\/tickb.umh.es\/files\/2025\/04\/urlCal4-768x626.png 768w, https:\/\/tickb.umh.es\/files\/2025\/04\/urlCal4-1536x1252.png 1536w, https:\/\/tickb.umh.es\/files\/2025\/04\/urlCal4-2048x1670.png 2048w\" sizes=\"(max-width: 300px) 100vw, 300px\" \/><\/li>\n<li>Ara que se&#8217;ns visualitzar\u00e0 el calendari amb el mes actual, ens dirigim a la part inferior de la p\u00e0gina i just sota el calendari fem clic al bot\u00f3 &#8220;Exportar calendari&#8221;.<img loading=\"lazy\" class=\"size-medium wp-image-1031 aligncenter\" src=\"https:\/\/tickb.umh.es\/files\/2025\/04\/urlCal5-300x164.png\" alt=\"\" width=\"300\" height=\"164\" srcset=\"https:\/\/tickb.umh.es\/files\/2025\/04\/urlCal5-300x164.png 300w, https:\/\/tickb.umh.es\/files\/2025\/04\/urlCal5-1024x561.png 1024w, https:\/\/tickb.umh.es\/files\/2025\/04\/urlCal5-768x421.png 768w, https:\/\/tickb.umh.es\/files\/2025\/04\/urlCal5-1536x842.png 1536w, https:\/\/tickb.umh.es\/files\/2025\/04\/urlCal5-2048x1122.png 2048w\" sizes=\"(max-width: 300px) 100vw, 300px\" \/><\/li>\n<li>Ens apareixeran unes opcions on haurem de marcar &#8220;Esdeveniments a exportar \/ <strong>Tots els esdeveniments<\/strong>&#8221; i en &#8220;Per\u00edode de temps \/ <strong>60 dies recents i pr\u00f2xims<\/strong>&#8220;, finalment fem clic a &#8220;<strong>Obtenir URL del calendari<\/strong>&#8221; per obtenir la nostra URL personalitzada amb el nostre calendari del curs acad\u00e8mic en qu\u00e8 estiguem matriculats i poder afegir-la al nostre gestor de calendari.<img loading=\"lazy\" class=\"size-medium wp-image-1034 aligncenter\" src=\"https:\/\/tickb.umh.es\/files\/2025\/04\/urlCal6-300x135.png\" alt=\"\" width=\"300\" height=\"135\" srcset=\"https:\/\/tickb.umh.es\/files\/2025\/04\/urlCal6-300x135.png 300w, https:\/\/tickb.umh.es\/files\/2025\/04\/urlCal6-1024x460.png 1024w, https:\/\/tickb.umh.es\/files\/2025\/04\/urlCal6-768x345.png 768w, https:\/\/tickb.umh.es\/files\/2025\/04\/urlCal6-1536x690.png 1536w, https:\/\/tickb.umh.es\/files\/2025\/04\/urlCal6-2048x920.png 2048w\" sizes=\"(max-width: 300px) 100vw, 300px\" \/><\/li>\n<\/ol>\n<p><\/p>","protected":false},"excerpt":{"rendered":"<p>Obtenir URL per subscriure&#8217;ns des de Google Calendar o Calendari d&#8217;iOS i portar el nostre calendari al m\u00f2bil o al calendari del nostre ordinador<br \/>\nGuia detallada<br \/>\nObtenir la nostra URL del calendari<\/p>\n<p>Accedim al nostre acc\u00e9s identificat\u00a0https:\/\/universite.umh.es\/\u00a0amb el nostre nom d&#8217;usuari i contrasenya de la UMH i iniciem sessi\u00f3.<br \/>\nFem clic a Campus Moodle.<br \/>\nAra fem clic a la part [&#8230;]<\/p>\n","protected":false},"author":88,"featured_media":0,"parent":38,"menu_order":0,"comment_status":"closed","ping_status":"closed","template":"","meta":{"_links_to":"","_links_to_target":""},"_links":{"self":[{"href":"https:\/\/tickb.umh.es\/ca\/wp-json\/wp\/v2\/pages\/980"}],"collection":[{"href":"https:\/\/tickb.umh.es\/ca\/wp-json\/wp\/v2\/pages"}],"about":[{"href":"https:\/\/tickb.umh.es\/ca\/wp-json\/wp\/v2\/types\/page"}],"author":[{"embeddable":true,"href":"https:\/\/tickb.umh.es\/ca\/wp-json\/wp\/v2\/users\/88"}],"replies":[{"embeddable":true,"href":"https:\/\/tickb.umh.es\/ca\/wp-json\/wp\/v2\/comments?post=980"}],"version-history":[{"count":0,"href":"https:\/\/tickb.umh.es\/ca\/wp-json\/wp\/v2\/pages\/980\/revisions"}],"up":[{"embeddable":true,"href":"https:\/\/tickb.umh.es\/ca\/wp-json\/wp\/v2\/pages\/38"}],"wp:attachment":[{"href":"https:\/\/tickb.umh.es\/ca\/wp-json\/wp\/v2\/media?parent=980"}],"curies":[{"name":"wp","href":"https:\/\/api.w.org\/{rel}","templated":true}]}}