{"id":188,"date":"2025-03-27T11:13:19","date_gmt":"2025-03-27T10:13:19","guid":{"rendered":"https:\/\/tickb.umh.es\/?page_id=188"},"modified":"2025-03-27T12:27:07","modified_gmt":"2025-03-27T11:27:07","slug":"como-gestionar-los-permisos-del-servicio-de-impresion-centralizada","status":"publish","type":"page","link":"https:\/\/tickb.umh.es\/en\/soporte-a-equipamiento-informatico\/impresion-corporativa\/como-gestionar-los-permisos-del-servicio-de-impresion-centralizada\/","title":{"rendered":"How to manage permissions for the centralized printing service"},"content":{"rendered":"<p><\/p>\n<div>\n<p style=\"text-align: justify;\" align=\"justify\">Currently, the University offers the <strong>Printing Management Service for PAS\/PDI staff of the UMH<\/strong>. By default, PAS\/PDI have permissions to use the printers of the Centralized Printing Service, imputing the costs to the Organizational Unit(s) to which they belong. To do this, once the printers are configured on the computer, before printing, the Organizational Unit to which the printing cost will be charged must be selected.<\/p>\n<p style=\"text-align: justify;\" align=\"justify\"><img loading=\"lazy\" class=\"wp-image-200 size-full aligncenter\" src=\"https:\/\/tickb.umh.es\/files\/2025\/03\/PermisosImpresion1.jpeg\" alt=\"\" width=\"745\" height=\"405\" srcset=\"https:\/\/tickb.umh.es\/files\/2025\/03\/PermisosImpresion1.jpeg 745w, https:\/\/tickb.umh.es\/files\/2025\/03\/PermisosImpresion1-300x163.jpeg 300w\" sizes=\"(max-width: 745px) 100vw, 745px\" \/><\/p>\n<h4><\/h4>\n<h4 id=\"C\u00f3mogestionarlospermisosdelserviciodeimpresi\u00f3ncentralizada-COLECTIVOSSINPERMISOS\" class=\"western\" style=\"text-align: justify;\"><strong>GROUPS WITHOUT PERMISSIONS<\/strong><\/h4>\n<p>Sometimes, PAS\/PDI staff who need to print have to charge the cost to a different Organizational Unit than the one they belong to, or other groups such as interns, collaborators, or external companies do not have default permissions to print. For these people to be able to print and charge the costs to an Organizational Unit, the heads of these units must grant them the necessary permission.<\/p>\n<p>Below are the steps that the head of an Organizational Unit must follow to grant printing permissions, charging the costs to their Unit.<\/p>\n<h4><\/h4>\n<h4 id=\"C\u00f3mogestionarlospermisosdelserviciodeimpresi\u00f3ncentralizada-Gu\u00edadetallada\" class=\"western\" style=\"text-align: justify;\"><strong>Detailed Guide<\/strong><\/h4>\n<ol style=\"text-align: justify;\">\n<li>\n<p align=\"justify\">Access through the identified access to the application \u201c<strong>Integration<\/strong>\u201d<\/p>\n<p align=\"justify\"><strong><img loading=\"lazy\" class=\"aligncenter wp-image-203 size-full\" src=\"https:\/\/tickb.umh.es\/files\/2025\/03\/PermisosImpresion2.jpeg\" alt=\"\" width=\"484\" height=\"297\" srcset=\"https:\/\/tickb.umh.es\/files\/2025\/03\/PermisosImpresion2.jpeg 484w, https:\/\/tickb.umh.es\/files\/2025\/03\/PermisosImpresion2-300x184.jpeg 300w\" sizes=\"(max-width: 484px) 100vw, 484px\" \/><\/strong><\/p>\n<\/li>\n<li>\n<p align=\"left\">Select \u201c<strong>Management of UMH people&#8217;s functions<\/strong>\u201d<\/p>\n<p align=\"left\"><strong><img loading=\"lazy\" class=\"aligncenter wp-image-206 size-full\" src=\"https:\/\/tickb.umh.es\/files\/2025\/03\/PermisosImpresion3.jpeg\" alt=\"\" width=\"282\" height=\"300\" \/><\/strong><\/p>\n<\/li>\n<li>\n<p align=\"left\">Select \u201c<strong>Assign person to Organizational Unit and Function<\/strong>\u201d<\/p>\n<p align=\"left\"><strong><span class=\"confluence-embedded-file-wrapper image-center-wrapper confluence-embedded-manual-size\"><img loading=\"lazy\" class=\"size-medium wp-image-209 aligncenter\" src=\"https:\/\/tickb.umh.es\/files\/2025\/03\/PermisosImpresion4-300x238.jpeg\" alt=\"\" width=\"300\" height=\"238\" srcset=\"https:\/\/tickb.umh.es\/files\/2025\/03\/PermisosImpresion4-300x238.jpeg 300w, https:\/\/tickb.umh.es\/files\/2025\/03\/PermisosImpresion4.jpeg 565w\" sizes=\"(max-width: 300px) 100vw, 300px\" \/><\/span><br \/>\n<\/strong><\/p>\n<\/li>\n<li>\n<p align=\"justify\">Select:<\/p>\n<\/li>\n<\/ol>\n<div style=\"text-align: justify;\">\n<ol>\n<li style=\"list-style-type: none;\">\n<ul>\n<li>\n<p align=\"justify\"><strong>Tipo de Funci\u00f3n &#8211;\u00a0<\/strong>\u201cPERMISOS Y FIRMAS\u201d<\/p>\n<\/li>\n<li>\n<p align=\"justify\"><strong>Nombre de Funci\u00f3n &#8211;\u00a0<\/strong>\u201cPERSONAL CON DERECHO A IMPRIMIR (1546)\u201d<\/p>\n<\/li>\n<li>\n<p align=\"justify\"><strong>Tipo de Unidad Organizativa \u2013<\/strong>Select the appropriate one.<\/p>\n<\/li>\n<li>\n<p align=\"justify\"><strong>Nombre de Unidad Organizativa \u2013<\/strong>Select the appropriate one.<\/p>\n<\/li>\n<li>\n<p align=\"justify\"><strong>Nombre de Persona (Apellidos, Nombre) \u2013<\/strong>Indicate the last name of the person to whom you want to grant the permission and select them.<\/p>\n<\/li>\n<li>\n<p align=\"justify\"><strong>DNI \u2013<\/strong>It will be automatically filled in when selecting the person in the previous field.<\/p>\n<\/li>\n<li>\n<p align=\"justify\"><strong>Tel\u00e9fono \u2013<\/strong>Do not fill in.<\/p>\n<\/li>\n<li>\n<p align=\"justify\"><strong>Correo electr\u00f3nico \u2013<\/strong>Do not fill in.<\/p>\n<\/li>\n<li>\n<p align=\"justify\"><strong>Fecha inicio &#8211;<\/strong>By default, the system date appears.<\/p>\n<\/li>\n<li>\n<p align=\"justify\"><strong>Fecha Fin \u2013<\/strong>Indicate the date until which you want the person to have printing permission.<\/p>\n<\/li>\n<li>\n<p align=\"justify\">Finally, click the create button.<\/p>\n<\/li>\n<\/ul>\n<\/li>\n<\/ol>\n<p><img loading=\"lazy\" class=\"wp-image-212 size-full aligncenter\" src=\"https:\/\/tickb.umh.es\/files\/2025\/03\/PermisosImpresion5.jpeg\" alt=\"\" width=\"868\" height=\"493\" srcset=\"https:\/\/tickb.umh.es\/files\/2025\/03\/PermisosImpresion5.jpeg 868w, https:\/\/tickb.umh.es\/files\/2025\/03\/PermisosImpresion5-300x170.jpeg 300w, https:\/\/tickb.umh.es\/files\/2025\/03\/PermisosImpresion5-768x436.jpeg 768w\" sizes=\"(max-width: 868px) 100vw, 868px\" \/><\/p>\n<\/div>\n<\/div>\n<div class=\"confluence-information-macro confluence-information-macro-warning conf-macro output-block\" style=\"text-align: justify;\" data-hasbody=\"true\" data-macro-name=\"warning\">\n<div class=\"confluence-information-macro-body\">\n<blockquote style=\"text-align: center;\"><p>&nbsp;<\/p>\n<table style=\"background-color: #fff8f7; border: 2px solid #d04437; margin: 0px auto; height: 91px;\" width=\"628\">\n<tbody>\n<tr>\n<td style=\"text-align: justify;\" width=\"566\"><strong>Warning:<\/strong><\/p>\n<p>Once the printing permission is granted, it will be effective the next day.<\/td>\n<\/tr>\n<\/tbody>\n<\/table>\n<\/blockquote>\n<\/div>\n<\/div>\n<div class=\"confluence-information-macro confluence-information-macro-warning conf-macro output-block\" style=\"text-align: center;\" data-hasbody=\"true\" data-macro-name=\"warning\">\n<div class=\"confluence-information-macro-body\" style=\"text-align: justify;\">\n<blockquote style=\"text-align: center;\">\n<table style=\"background-color: #fffdf6; border: 2px solid #ffeaae; margin: 0px auto; height: 186px;\" width=\"627\">\n<tbody>\n<tr>\n<td style=\"text-align: left;\" width=\"566\"><span style=\"text-decoration: underline;\"><span style=\"color: #000000;\"><strong>Note:<\/strong><\/span><\/span><\/p>\n<p>Once the permission is active, the person must install the printer from \\eprinterw01.umhnet.es by double-clicking on the name of the printer they wish to use.<\/p>\n<p>Any questions or clarifications, do not hesitate to contact the CAU through cau.umh.es or at the phone number 96665(8582).<\/td>\n<\/tr>\n<\/tbody>\n<\/table>\n<\/blockquote>\n<\/div>\n<\/div>\n<p><\/p>","protected":false},"excerpt":{"rendered":"<p>Currently, the University offers the Printing Management Service for PAS\/PDI staff of the UMH. By default, PAS\/PDI have permissions to use the printers of the Centralized Printing Service, imputing the costs to the Organizational Unit(s) to which they belong. To do this, once the printers are configured on the computer, before printing, the Organizational Unit [&#8230;]<\/p>\n","protected":false},"author":88,"featured_media":0,"parent":74,"menu_order":12,"comment_status":"closed","ping_status":"closed","template":"","meta":{"_links_to":"","_links_to_target":""},"_links":{"self":[{"href":"https:\/\/tickb.umh.es\/en\/wp-json\/wp\/v2\/pages\/188"}],"collection":[{"href":"https:\/\/tickb.umh.es\/en\/wp-json\/wp\/v2\/pages"}],"about":[{"href":"https:\/\/tickb.umh.es\/en\/wp-json\/wp\/v2\/types\/page"}],"author":[{"embeddable":true,"href":"https:\/\/tickb.umh.es\/en\/wp-json\/wp\/v2\/users\/88"}],"replies":[{"embeddable":true,"href":"https:\/\/tickb.umh.es\/en\/wp-json\/wp\/v2\/comments?post=188"}],"version-history":[{"count":0,"href":"https:\/\/tickb.umh.es\/en\/wp-json\/wp\/v2\/pages\/188\/revisions"}],"up":[{"embeddable":true,"href":"https:\/\/tickb.umh.es\/en\/wp-json\/wp\/v2\/pages\/74"}],"wp:attachment":[{"href":"https:\/\/tickb.umh.es\/en\/wp-json\/wp\/v2\/media?parent=188"}],"curies":[{"name":"wp","href":"https:\/\/api.w.org\/{rel}","templated":true}]}}